{"id":115,"date":"2019-09-20T14:36:39","date_gmt":"2019-09-20T12:36:39","guid":{"rendered":"http:\/\/192.168.87.46\/?page_id=115"},"modified":"2021-03-22T11:22:57","modified_gmt":"2021-03-22T10:22:57","slug":"mentions-legales","status":"publish","type":"page","link":"https:\/\/www.eveha.fr\/index.php\/mentions-legales\/","title":{"rendered":"Mentions l\u00e9gales"},"content":{"rendered":"\n<p>\u00c9veha est une soci\u00e9t\u00e9 de droit fran\u00e7ais au capital de 121 600 euros \u2013 RCS Limoges \u2013 SIRET&nbsp;491 825 683 002 05 \u2013 APE 7220 Z.<\/p>\n\n\n\n<p>Le si\u00e8ge social se trouve \u00e0 Limoges :<br>Eveha &#8211; Ester Technopole, 31 rue Soyouz 87068 Limoges Cedex<\/p>\n\n\n\n<h3 class=\"wp-block-heading\">Droits de propri\u00e9t\u00e9 intellectuelle<\/h3>\n\n\n\n<p>Les supports de m\u00e9diation accessibles en ligne peuvent \u00eatre t\u00e9l\u00e9charg\u00e9s pour un usage personnel. Ils sont sous licence cc_by_nc_nd : l\u2019\u0153uvre peut \u00eatre librement utilis\u00e9e, \u00e0 la condition de l\u2019attribuer \u00e0 l\u2019auteur en citant son nom, le titulaire de droits peut autoriser tous les types d\u2019utilisation ou au contraire restreindre aux utilisations non commerciales (les utilisations commerciales restant soumises \u00e0 son autorisation), et enfin le titulaire de droits peut continuer \u00e0 r\u00e9server la facult\u00e9 de r\u00e9aliser des \u0153uvres de type d\u00e9riv\u00e9es ou au contraire autoriser \u00e0 l\u2019avance les modifications, traductions.<\/p>\n\n\n\n<h3 class=\"wp-block-heading\">Donn\u00e9es personnelles<\/h3>\n\n\n\n<p>Conform\u00e9ment aux articles 39 et suivants de la loi n\u00b0 78-17 du 6 janvier 1978 relative \u00e0 l\u2019informatique, aux fichiers et aux libert\u00e9s, toute personne peut obtenir communication et, le cas \u00e9ch\u00e9ant, rectification ou suppression des informations la concernant, en \u00e9crivant au si\u00e8ge social.<\/p>\n\n\n\n<h2 class=\"wp-block-heading\">CR\u00c9DITS<\/h2>\n\n\n\n<p><strong>Cr\u00e9dits g\u00e9n\u00e9raux<\/strong><br>Publi\u00e9 le 20 septembre 2019<\/p>\n\n\n\n<p><strong>Direction de la publication<\/strong><br>J\u00e9r\u00f4me Monteil, Directeur<\/p>\n\n\n\n<p><strong>Assistance \u00e9ditoriale<\/strong><br>Anne-Claire Misme, Charg\u00e9e de m\u00e9diation et de valorisation<\/p>\n\n\n\n<p><strong>H\u00e9bergement du site<\/strong><br>Gandi<\/p>\n","protected":false},"excerpt":{"rendered":"<p>\u00c9veha est une soci\u00e9t\u00e9 de droit fran\u00e7ais au capital de 121 600 euros \u2013 RCS Limoges \u2013 SIRET&nbsp;491 825 683 002 05 \u2013 APE 7220 Z. Le si\u00e8ge social se trouve \u00e0 Limoges :Eveha &#8211; Ester Technopole, 31 rue Soyouz 87068 Limoges Cedex Droits de propri\u00e9t\u00e9 intellectuelle Les supports de m\u00e9diation accessibles en ligne peuvent &hellip; <\/p>\n<p class=\"link-more\"><a href=\"https:\/\/www.eveha.fr\/index.php\/mentions-legales\/\" class=\"more-link\">Continuer la lecture<span class=\"screen-reader-text\"> de &laquo;&nbsp;Mentions l\u00e9gales&nbsp;&raquo;<\/span><\/a><\/p>\n","protected":false},"author":1,"featured_media":0,"parent":0,"menu_order":0,"comment_status":"closed","ping_status":"closed","template":"","meta":{"inline_featured_image":false,"footnotes":""},"_links":{"self":[{"href":"https:\/\/www.eveha.fr\/index.php\/wp-json\/wp\/v2\/pages\/115"}],"collection":[{"href":"https:\/\/www.eveha.fr\/index.php\/wp-json\/wp\/v2\/pages"}],"about":[{"href":"https:\/\/www.eveha.fr\/index.php\/wp-json\/wp\/v2\/types\/page"}],"author":[{"embeddable":true,"href":"https:\/\/www.eveha.fr\/index.php\/wp-json\/wp\/v2\/users\/1"}],"replies":[{"embeddable":true,"href":"https:\/\/www.eveha.fr\/index.php\/wp-json\/wp\/v2\/comments?post=115"}],"version-history":[{"count":3,"href":"https:\/\/www.eveha.fr\/index.php\/wp-json\/wp\/v2\/pages\/115\/revisions"}],"predecessor-version":[{"id":1174,"href":"https:\/\/www.eveha.fr\/index.php\/wp-json\/wp\/v2\/pages\/115\/revisions\/1174"}],"wp:attachment":[{"href":"https:\/\/www.eveha.fr\/index.php\/wp-json\/wp\/v2\/media?parent=115"}],"curies":[{"name":"wp","href":"https:\/\/api.w.org\/{rel}","templated":true}]}}