{"id":2,"date":"2019-09-17T11:48:40","date_gmt":"2019-09-17T09:48:40","guid":{"rendered":"http:\/\/192.168.87.46\/?page_id=2"},"modified":"2025-11-20T15:49:02","modified_gmt":"2025-11-20T14:49:02","slug":"page-d-exemple","status":"publish","type":"page","link":"https:\/\/www.eveha.fr\/","title":{"rendered":"Pr\u00e9sentation"},"content":{"rendered":"\n<p>Cr\u00e9\u00e9 en 2006 \u00e0 Limoges, \u00c9veha est aujourd&rsquo;hui le principal bureau d&rsquo;\u00e9tudes arch\u00e9ologiques priv\u00e9 en France. Avec pr\u00e8s de 400 collaborateurs et 14 agences r\u00e9parties sur le territoire national, notre soci\u00e9t\u00e9 intervient pour la r\u00e9alisation de fouilles arch\u00e9ologiques pr\u00e9ventives et met \u00e9galement \u00e0 disposition son expertise pour proposer des \u00e9tudes et des prestations scientifiques.<\/p>\n\n\n\n<p>\u00c9veha est agr\u00e9\u00e9 pour la r\u00e9alisation de fouilles arch\u00e9ologiques pr\u00e9ventives pour les p\u00e9riodes allant du N\u00e9olithique \u00e0 nos jours.<\/p>\n\n\n\n<div class=\"wp-block-buttons is-content-justification-center is-layout-flex wp-container-1 wp-block-buttons-is-layout-flex\">\n<div class=\"wp-block-button has-custom-font-size is-style-outline has-small-font-size\"><a class=\"wp-block-button__link wp-element-button\" href=\"https:\/\/www.eveha.fr\/index.php\/a-propos-de\/\">+ d&rsquo;infos<\/a><\/div>\n<\/div>\n","protected":false},"excerpt":{"rendered":"<p>Cr\u00e9\u00e9 en 2006 \u00e0 Limoges, \u00c9veha est aujourd&rsquo;hui le principal bureau d&rsquo;\u00e9tudes arch\u00e9ologiques priv\u00e9 en France. Avec pr\u00e8s de 400 collaborateurs et 14 agences r\u00e9parties sur le territoire national, notre soci\u00e9t\u00e9 intervient pour la r\u00e9alisation de fouilles arch\u00e9ologiques pr\u00e9ventives et met \u00e9galement \u00e0 disposition son expertise pour proposer des \u00e9tudes et des prestations scientifiques. \u00c9veha &hellip; <\/p>\n<p class=\"link-more\"><a href=\"https:\/\/www.eveha.fr\/\" class=\"more-link\">Continuer la lecture<span class=\"screen-reader-text\"> de &laquo;&nbsp;Pr\u00e9sentation&nbsp;&raquo;<\/span><\/a><\/p>\n","protected":false},"author":1,"featured_media":0,"parent":0,"menu_order":0,"comment_status":"closed","ping_status":"open","template":"","meta":{"inline_featured_image":false,"footnotes":""},"_links":{"self":[{"href":"https:\/\/www.eveha.fr\/index.php\/wp-json\/wp\/v2\/pages\/2"}],"collection":[{"href":"https:\/\/www.eveha.fr\/index.php\/wp-json\/wp\/v2\/pages"}],"about":[{"href":"https:\/\/www.eveha.fr\/index.php\/wp-json\/wp\/v2\/types\/page"}],"author":[{"embeddable":true,"href":"https:\/\/www.eveha.fr\/index.php\/wp-json\/wp\/v2\/users\/1"}],"replies":[{"embeddable":true,"href":"https:\/\/www.eveha.fr\/index.php\/wp-json\/wp\/v2\/comments?post=2"}],"version-history":[{"count":11,"href":"https:\/\/www.eveha.fr\/index.php\/wp-json\/wp\/v2\/pages\/2\/revisions"}],"predecessor-version":[{"id":10319,"href":"https:\/\/www.eveha.fr\/index.php\/wp-json\/wp\/v2\/pages\/2\/revisions\/10319"}],"wp:attachment":[{"href":"https:\/\/www.eveha.fr\/index.php\/wp-json\/wp\/v2\/media?parent=2"}],"curies":[{"name":"wp","href":"https:\/\/api.w.org\/{rel}","templated":true}]}}