{"id":4990,"date":"2024-02-28T17:33:34","date_gmt":"2024-02-28T16:33:34","guid":{"rendered":"https:\/\/www.eveha.fr\/?page_id=4990"},"modified":"2025-11-25T12:12:23","modified_gmt":"2025-11-25T11:12:23","slug":"charte-graphique","status":"publish","type":"page","link":"https:\/\/www.eveha.fr\/index.php\/charte-graphique\/","title":{"rendered":"Charte graphique"},"content":{"rendered":"\n<p><\/p>\n\n\n\n<div class=\"wp-block-columns is-layout-flex wp-container-3 wp-block-columns-is-layout-flex\">\n<div class=\"wp-block-column is-vertically-aligned-center is-layout-flow wp-block-column-is-layout-flow\">\n<h2 class=\"wp-block-heading\">Logoth\u00e8que<\/h2>\n\n\n\n<p>Acc\u00e9dez \u00e0 notre logo sous divers formats et consultez le mode d&#8217;emploi pour l&rsquo;utiliser dans de bonnes conditions.<\/p>\n<\/div>\n\n\n\n<div class=\"wp-block-column is-layout-flow wp-block-column-is-layout-flow\"><div class=\"wp-block-image\">\n<figure class=\"aligncenter size-full is-resized\"><a href=\"http:\/\/www.eveha.fr\/wp-content\/uploads\/2024\/02\/2024-02-29-fiche-de-norme-internet.pdf\" target=\"_blank\" rel=\"noreferrer noopener\"><img decoding=\"async\" loading=\"lazy\" src=\"https:\/\/www.eveha.fr\/wp-content\/uploads\/2024\/02\/Capture-decran-du-2024-02-29-10-08-42.png\" alt=\"\" class=\"wp-image-5235\" style=\"width:163px;height:231px\" width=\"163\" height=\"231\" srcset=\"https:\/\/www.eveha.fr\/wp-content\/uploads\/2024\/02\/Capture-decran-du-2024-02-29-10-08-42.png 611w, https:\/\/www.eveha.fr\/wp-content\/uploads\/2024\/02\/Capture-decran-du-2024-02-29-10-08-42-212x300.png 212w\" sizes=\"(max-width: 163px) 100vw, 163px\" \/><\/a><\/figure><\/div><\/div>\n<\/div>\n\n\n\n<div class=\"wp-block-columns is-layout-flex wp-container-7 wp-block-columns-is-layout-flex\">\n<div class=\"wp-block-column is-layout-flow wp-block-column-is-layout-flow\">\n<div style=\"height:5px\" aria-hidden=\"true\" class=\"wp-block-spacer\"><\/div>\n\n\n<div class=\"wp-block-image\">\n<figure class=\"aligncenter size-full is-resized\"><img decoding=\"async\" loading=\"lazy\" src=\"https:\/\/www.eveha.fr\/wp-content\/uploads\/2024\/02\/logo-portrait-vie-coul-150x150-1.jpg\" alt=\"\" class=\"wp-image-5120\" style=\"width:104px;height:104px\" width=\"104\" height=\"104\" srcset=\"https:\/\/www.eveha.fr\/wp-content\/uploads\/2024\/02\/logo-portrait-vie-coul-150x150-1.jpg 150w, https:\/\/www.eveha.fr\/wp-content\/uploads\/2024\/02\/logo-portrait-vie-coul-150x150-1-100x100.jpg 100w\" sizes=\"(max-width: 104px) 100vw, 104px\" \/><\/figure><\/div>\n\n\n<p class=\"has-text-align-center\">T\u00e9l\u00e9charger<br>la version<br>couleur en :<br><a rel=\"noreferrer noopener\" href=\"http:\/\/www.eveha.fr\/wp-content\/uploads\/2024\/02\/logo-portrait-vie-coul.pdf\" target=\"_blank\">pdf<\/a>\u00a0|\u00a0<a href=\"http:\/\/www.eveha.fr\/wp-content\/uploads\/2025\/11\/logo-portrait-vie-coul.jpg\" target=\"_blank\" rel=\"noreferrer noopener\">jpg<\/a>\u00a0|\u00a0<a href=\"http:\/\/www.eveha.fr\/wp-content\/uploads\/2025\/11\/logo-portrait-vie-coul.png\" target=\"_blank\" rel=\"noreferrer noopener\">png<\/a><\/p>\n<\/div>\n\n\n\n<div class=\"wp-block-column is-layout-flow wp-block-column-is-layout-flow\">\n<div style=\"height:5px\" aria-hidden=\"true\" class=\"wp-block-spacer\"><\/div>\n\n\n<div class=\"wp-block-image\">\n<figure class=\"aligncenter size-full is-resized\"><img decoding=\"async\" loading=\"lazy\" src=\"https:\/\/www.eveha.fr\/wp-content\/uploads\/2024\/02\/logo-portrait-vie-noir-150x150-2.jpg\" alt=\"\" class=\"wp-image-5239\" style=\"width:104px;height:104px\" width=\"104\" height=\"104\" srcset=\"https:\/\/www.eveha.fr\/wp-content\/uploads\/2024\/02\/logo-portrait-vie-noir-150x150-2.jpg 150w, https:\/\/www.eveha.fr\/wp-content\/uploads\/2024\/02\/logo-portrait-vie-noir-150x150-2-100x100.jpg 100w\" sizes=\"(max-width: 104px) 100vw, 104px\" \/><\/figure><\/div>\n\n\n<p class=\"has-text-align-center\">T\u00e9l\u00e9charger <br>la version<br>noire en :<br><a href=\"http:\/\/www.eveha.fr\/wp-content\/uploads\/2024\/02\/logo-portrait-vie-noir.pdf\" target=\"_blank\" rel=\"noreferrer noopener\">pdf<\/a>&nbsp;|&nbsp;<a href=\"http:\/\/www.eveha.fr\/wp-content\/uploads\/2024\/02\/logo-portrait-vie-noir.jpg\" target=\"_blank\" rel=\"noreferrer noopener\">jpg<\/a>&nbsp;|&nbsp;<a href=\"http:\/\/www.eveha.fr\/wp-content\/uploads\/2024\/02\/logo-portrait-vie-noir.png\" target=\"_blank\" rel=\"noreferrer noopener\">png<\/a><\/p>\n<\/div>\n\n\n\n<div class=\"wp-block-column is-layout-flow wp-block-column-is-layout-flow\"><div class=\"wp-block-image\">\n<figure class=\"aligncenter size-full is-resized\"><img decoding=\"async\" src=\"https:\/\/www.eveha.fr\/wp-content\/uploads\/2024\/02\/logo-portrait-vie-blanc-1-246x300-1.jpg\" alt=\"\" class=\"wp-image-5240\" style=\"height:104px\" height=\"104\"\/><\/figure><\/div>\n\n\n<p class=\"has-text-align-center\">T\u00e9l\u00e9charger <br>la version<br>blanche en :<br><a rel=\"noreferrer noopener\" href=\"http:\/\/www.eveha.fr\/wp-content\/uploads\/2024\/02\/logo-portrait-vie-blanc.pdf\" target=\"_blank\">pdf<\/a>&nbsp;|&nbsp;<a href=\"http:\/\/www.eveha.fr\/wp-content\/uploads\/2024\/02\/logo-portrait-vie-blanc-1.jpg\" target=\"_blank\" rel=\"noreferrer noopener\">jpg<\/a>&nbsp;|&nbsp;<a href=\"http:\/\/www.eveha.fr\/wp-content\/uploads\/2024\/02\/logo-portrait-vie-blanc.png\" target=\"_blank\" rel=\"noreferrer noopener\">png<\/a><\/p>\n<\/div>\n<\/div>\n","protected":false},"excerpt":{"rendered":"<p>Logoth\u00e8que Acc\u00e9dez \u00e0 notre logo sous divers formats et consultez le mode d&#8217;emploi pour l&rsquo;utiliser dans de bonnes conditions. T\u00e9l\u00e9chargerla versioncouleur en :pdf\u00a0|\u00a0jpg\u00a0|\u00a0png T\u00e9l\u00e9charger la versionnoire en :pdf&nbsp;|&nbsp;jpg&nbsp;|&nbsp;png T\u00e9l\u00e9charger la versionblanche en :pdf&nbsp;|&nbsp;jpg&nbsp;|&nbsp;png<\/p>\n","protected":false},"author":23,"featured_media":0,"parent":0,"menu_order":0,"comment_status":"closed","ping_status":"closed","template":"","meta":{"inline_featured_image":false,"footnotes":""},"_links":{"self":[{"href":"https:\/\/www.eveha.fr\/index.php\/wp-json\/wp\/v2\/pages\/4990"}],"collection":[{"href":"https:\/\/www.eveha.fr\/index.php\/wp-json\/wp\/v2\/pages"}],"about":[{"href":"https:\/\/www.eveha.fr\/index.php\/wp-json\/wp\/v2\/types\/page"}],"author":[{"embeddable":true,"href":"https:\/\/www.eveha.fr\/index.php\/wp-json\/wp\/v2\/users\/23"}],"replies":[{"embeddable":true,"href":"https:\/\/www.eveha.fr\/index.php\/wp-json\/wp\/v2\/comments?post=4990"}],"version-history":[{"count":8,"href":"https:\/\/www.eveha.fr\/index.php\/wp-json\/wp\/v2\/pages\/4990\/revisions"}],"predecessor-version":[{"id":10359,"href":"https:\/\/www.eveha.fr\/index.php\/wp-json\/wp\/v2\/pages\/4990\/revisions\/10359"}],"wp:attachment":[{"href":"https:\/\/www.eveha.fr\/index.php\/wp-json\/wp\/v2\/media?parent=4990"}],"curies":[{"name":"wp","href":"https:\/\/api.w.org\/{rel}","templated":true}]}}