{"id":5439,"date":"2024-03-13T14:23:20","date_gmt":"2024-03-13T13:23:20","guid":{"rendered":"https:\/\/www.eveha.fr\/?page_id=5439"},"modified":"2024-03-13T17:20:22","modified_gmt":"2024-03-13T16:20:22","slug":"recrutement","status":"publish","type":"page","link":"https:\/\/www.eveha.fr\/index.php\/recrutement\/","title":{"rendered":"Recrutement"},"content":{"rendered":"\n<p>Retrouvez ci-dessous l&rsquo;ensemble de nos offres en cours. <br>N&rsquo;h\u00e9sitez pas \u00e0 postuler. <\/p>\n\n\n\n<div style=\"height:40px\" aria-hidden=\"true\" class=\"wp-block-spacer\"><\/div>\n\n\n<ul style=\"font-size:14px;\" class=\"wp-block-latest-posts__list is-grid columns-2 has-dates wp-block-latest-posts\"><li><a class=\"wp-block-latest-posts__post-title\" href=\"https:\/\/www.eveha.fr\/index.php\/2026\/04\/24\/eveha-recrute-45\/\">\u00c9veha recrute<\/a><time datetime=\"2026-04-24T07:05:34+02:00\" class=\"wp-block-latest-posts__post-date\">24 avril 2026<\/time><div class=\"wp-block-latest-posts__post-full-content\"><!-- wp:paragraph -->\n<p><\/p>\n<!-- \/wp:paragraph -->\n\n<!-- wp:image {\"align\":\"center\",\"id\":11532,\"width\":359,\"height\":269,\"sizeSlug\":\"large\",\"linkDestination\":\"none\"} -->\n<figure class=\"wp-block-image aligncenter size-large is-resized\"><img decoding=\"async\" loading=\"lazy\" src=\"http:\/\/www.eveha.fr\/wp-content\/uploads\/2026\/04\/2026-04-16-annonce-RH-RO-protohistoire-1024x768.jpg\" alt=\"\" class=\"wp-image-11532\" style=\"width:359px;height:269px\" width=\"359\" height=\"269\" srcset=\"https:\/\/www.eveha.fr\/wp-content\/uploads\/2026\/04\/2026-04-16-annonce-RH-RO-protohistoire-1024x768.jpg 1024w, https:\/\/www.eveha.fr\/wp-content\/uploads\/2026\/04\/2026-04-16-annonce-RH-RO-protohistoire-300x225.jpg 300w, https:\/\/www.eveha.fr\/wp-content\/uploads\/2026\/04\/2026-04-16-annonce-RH-RO-protohistoire-768x576.jpg 768w, https:\/\/www.eveha.fr\/wp-content\/uploads\/2026\/04\/2026-04-16-annonce-RH-RO-protohistoire-1536x1152.jpg 1536w, https:\/\/www.eveha.fr\/wp-content\/uploads\/2026\/04\/2026-04-16-annonce-RH-RO-protohistoire.jpg 1600w\" sizes=\"(max-width: 359px) 100vw, 359px\" \/><\/figure>\n<!-- \/wp:image -->\n\n<!-- wp:paragraph -->\n<p><\/p>\n<!-- \/wp:paragraph -->\n\n<!-- wp:paragraph -->\n<p><strong><a href=\"http:\/\/www.eveha.fr\/wp-content\/uploads\/2026\/04\/2026-11_RO-Protohistoire_Troyes.pdf\">Responsable d&rsquo;op\u00e9ration Protohistoire (f\/h)<\/a><\/strong><\/p>\n<!-- \/wp:paragraph -->\n\n<!-- wp:paragraph -->\n<p>Pour transmettre votre candidature, envoyez votre dossier complet par mail \u00e0 <strong><a href=\"mailto:candidature@eveha.fr\">candidature@eveha.fr<\/a><\/strong> en sp\u00e9cifiant imp\u00e9rativement le poste \u00e0 pourvoir et la r\u00e9f\u00e9rence dans le sujet de votre mail, <strong>avant le<\/strong> <strong>29 mai 2026.<\/strong><\/p>\n<!-- \/wp:paragraph --><\/div><\/li>\n<li><a class=\"wp-block-latest-posts__post-title\" href=\"https:\/\/www.eveha.fr\/index.php\/2026\/04\/22\/eveha-recrute-44\/\">\u00c9veha recrute<\/a><time datetime=\"2026-04-22T09:03:42+02:00\" class=\"wp-block-latest-posts__post-date\">22 avril 2026<\/time><div class=\"wp-block-latest-posts__post-full-content\"><!-- wp:paragraph -->\n<p><\/p>\n<!-- \/wp:paragraph -->\n\n<!-- wp:image {\"align\":\"center\",\"id\":11487,\"width\":388,\"height\":291,\"sizeSlug\":\"large\",\"linkDestination\":\"none\"} -->\n<figure class=\"wp-block-image aligncenter size-large is-resized\"><img decoding=\"async\" loading=\"lazy\" src=\"http:\/\/www.eveha.fr\/wp-content\/uploads\/2026\/04\/2026-04-16-annonce-RH-topo-troyes-1024x768.jpg\" alt=\"\" class=\"wp-image-11487\" style=\"width:388px;height:291px\" width=\"388\" height=\"291\" srcset=\"https:\/\/www.eveha.fr\/wp-content\/uploads\/2026\/04\/2026-04-16-annonce-RH-topo-troyes-1024x768.jpg 1024w, https:\/\/www.eveha.fr\/wp-content\/uploads\/2026\/04\/2026-04-16-annonce-RH-topo-troyes-300x225.jpg 300w, https:\/\/www.eveha.fr\/wp-content\/uploads\/2026\/04\/2026-04-16-annonce-RH-topo-troyes-768x576.jpg 768w, https:\/\/www.eveha.fr\/wp-content\/uploads\/2026\/04\/2026-04-16-annonce-RH-topo-troyes-1536x1152.jpg 1536w, https:\/\/www.eveha.fr\/wp-content\/uploads\/2026\/04\/2026-04-16-annonce-RH-topo-troyes.jpg 1600w\" sizes=\"(max-width: 388px) 100vw, 388px\" \/><\/figure>\n<!-- \/wp:image -->\n\n<!-- wp:paragraph -->\n<p><strong><a href=\"http:\/\/www.eveha.fr\/wp-content\/uploads\/2026\/04\/2026-10_Archeologue-Topographe_Troyes.pdf\">Arch\u00e9ologue topographe (f\/h)<\/a><\/strong><\/p>\n<!-- \/wp:paragraph -->\n\n<!-- wp:paragraph -->\n<p>Pour transmettre votre candidature, envoyez votre dossier complet par mail \u00e0 <strong><a href=\"mailto:candidature@eveha.fr\">candidature@eveha.fr<\/a><\/strong> en sp\u00e9cifiant imp\u00e9rativement le poste \u00e0 pourvoir et la r\u00e9f\u00e9rence dans le sujet de votre mail, <strong>avant le<\/strong> <strong>29 mai 2026.<\/strong><\/p>\n<!-- \/wp:paragraph --><\/div><\/li>\n<li><a class=\"wp-block-latest-posts__post-title\" href=\"https:\/\/www.eveha.fr\/index.php\/2026\/04\/21\/eveha-recrute-43\/\">\u00c9veha recrute<\/a><time datetime=\"2026-04-21T09:07:17+02:00\" class=\"wp-block-latest-posts__post-date\">21 avril 2026<\/time><div class=\"wp-block-latest-posts__post-full-content\"><!-- wp:paragraph -->\n<p><\/p>\n<!-- \/wp:paragraph -->\n\n<!-- wp:image {\"align\":\"center\",\"id\":11469,\"width\":390,\"height\":293,\"sizeSlug\":\"large\",\"linkDestination\":\"none\"} -->\n<figure class=\"wp-block-image aligncenter size-large is-resized\"><img decoding=\"async\" loading=\"lazy\" src=\"http:\/\/www.eveha.fr\/wp-content\/uploads\/2026\/04\/2026-04-16-annonce-RH-AS-troyes-1024x768.jpg\" alt=\"\" class=\"wp-image-11469\" style=\"width:390px;height:293px\" width=\"390\" height=\"293\" srcset=\"https:\/\/www.eveha.fr\/wp-content\/uploads\/2026\/04\/2026-04-16-annonce-RH-AS-troyes-1024x768.jpg 1024w, https:\/\/www.eveha.fr\/wp-content\/uploads\/2026\/04\/2026-04-16-annonce-RH-AS-troyes-300x225.jpg 300w, https:\/\/www.eveha.fr\/wp-content\/uploads\/2026\/04\/2026-04-16-annonce-RH-AS-troyes-768x576.jpg 768w, https:\/\/www.eveha.fr\/wp-content\/uploads\/2026\/04\/2026-04-16-annonce-RH-AS-troyes-1536x1152.jpg 1536w, https:\/\/www.eveha.fr\/wp-content\/uploads\/2026\/04\/2026-04-16-annonce-RH-AS-troyes.jpg 1600w\" sizes=\"(max-width: 390px) 100vw, 390px\" \/><\/figure>\n<!-- \/wp:image -->\n\n<!-- wp:paragraph -->\n<p><strong><a href=\"http:\/\/www.eveha.fr\/wp-content\/uploads\/2026\/04\/2026-09_AS_Troyes.pdf\">Attach\u00e9 scientifique (f\/h)<\/a><\/strong><\/p>\n<!-- \/wp:paragraph -->\n\n<!-- wp:paragraph -->\n<p>Pour transmettre votre candidature, envoyez votre dossier complet par mail \u00e0 <strong><a href=\"mailto:candidature@eveha.fr\">candidature@eveha.fr<\/a><\/strong> en sp\u00e9cifiant imp\u00e9rativement le poste \u00e0 pourvoir et la r\u00e9f\u00e9rence dans le sujet de votre mail, <strong>avant le<\/strong> <strong>29 mai 2026.<\/strong><\/p>\n<!-- \/wp:paragraph --><\/div><\/li>\n<li><a class=\"wp-block-latest-posts__post-title\" href=\"https:\/\/www.eveha.fr\/index.php\/2026\/04\/16\/eveha-recrute-42\/\">\u00c9veha recrute<\/a><time datetime=\"2026-04-16T09:00:26+02:00\" class=\"wp-block-latest-posts__post-date\">16 avril 2026<\/time><div class=\"wp-block-latest-posts__post-full-content\"><!-- wp:paragraph -->\n<p><\/p>\n<!-- \/wp:paragraph -->\n\n<!-- wp:image {\"align\":\"center\",\"id\":11379,\"width\":350,\"height\":262,\"sizeSlug\":\"large\",\"linkDestination\":\"none\"} -->\n<figure class=\"wp-block-image aligncenter size-large is-resized\"><img decoding=\"async\" loading=\"lazy\" src=\"http:\/\/www.eveha.fr\/wp-content\/uploads\/2026\/04\/2026-04-02-annonce-RH-RO-topo-paris-1024x768.jpg\" alt=\"\" class=\"wp-image-11379\" style=\"width:350px;height:262px\" width=\"350\" height=\"262\" srcset=\"https:\/\/www.eveha.fr\/wp-content\/uploads\/2026\/04\/2026-04-02-annonce-RH-RO-topo-paris-1024x768.jpg 1024w, https:\/\/www.eveha.fr\/wp-content\/uploads\/2026\/04\/2026-04-02-annonce-RH-RO-topo-paris-300x225.jpg 300w, https:\/\/www.eveha.fr\/wp-content\/uploads\/2026\/04\/2026-04-02-annonce-RH-RO-topo-paris-768x576.jpg 768w, https:\/\/www.eveha.fr\/wp-content\/uploads\/2026\/04\/2026-04-02-annonce-RH-RO-topo-paris-1536x1152.jpg 1536w, https:\/\/www.eveha.fr\/wp-content\/uploads\/2026\/04\/2026-04-02-annonce-RH-RO-topo-paris.jpg 1600w\" sizes=\"(max-width: 350px) 100vw, 350px\" \/><\/figure>\n<!-- \/wp:image -->\n\n<!-- wp:paragraph -->\n<p><strong><a href=\"http:\/\/www.eveha.fr\/wp-content\/uploads\/2026\/04\/2026-08_Archeologue-Topographe_Ivry.pdf\">Arch\u00e9ologue topographe (f\/h)<\/a><\/strong><\/p>\n<!-- \/wp:paragraph -->\n\n<!-- wp:paragraph -->\n<p>Pour transmettre votre candidature, envoyez votre dossier complet par mail \u00e0 <strong><a href=\"mailto:candidature@eveha.fr\">candidature@eveha.fr<\/a><\/strong> en sp\u00e9cifiant imp\u00e9rativement le poste \u00e0 pourvoir et la r\u00e9f\u00e9rence dans le sujet de votre mail, <strong>avant le<\/strong> <strong>15 mai 2026.<\/strong><\/p>\n<!-- \/wp:paragraph --><\/div><\/li>\n<\/ul>","protected":false},"excerpt":{"rendered":"<p>Retrouvez ci-dessous l&rsquo;ensemble de nos offres en cours. N&rsquo;h\u00e9sitez pas \u00e0 postuler.<\/p>\n","protected":false},"author":23,"featured_media":0,"parent":0,"menu_order":0,"comment_status":"closed","ping_status":"closed","template":"","meta":{"inline_featured_image":false,"footnotes":""},"_links":{"self":[{"href":"https:\/\/www.eveha.fr\/index.php\/wp-json\/wp\/v2\/pages\/5439"}],"collection":[{"href":"https:\/\/www.eveha.fr\/index.php\/wp-json\/wp\/v2\/pages"}],"about":[{"href":"https:\/\/www.eveha.fr\/index.php\/wp-json\/wp\/v2\/types\/page"}],"author":[{"embeddable":true,"href":"https:\/\/www.eveha.fr\/index.php\/wp-json\/wp\/v2\/users\/23"}],"replies":[{"embeddable":true,"href":"https:\/\/www.eveha.fr\/index.php\/wp-json\/wp\/v2\/comments?post=5439"}],"version-history":[{"count":10,"href":"https:\/\/www.eveha.fr\/index.php\/wp-json\/wp\/v2\/pages\/5439\/revisions"}],"predecessor-version":[{"id":5498,"href":"https:\/\/www.eveha.fr\/index.php\/wp-json\/wp\/v2\/pages\/5439\/revisions\/5498"}],"wp:attachment":[{"href":"https:\/\/www.eveha.fr\/index.php\/wp-json\/wp\/v2\/media?parent=5439"}],"curies":[{"name":"wp","href":"https:\/\/api.w.org\/{rel}","templated":true}]}}