{"id":7634,"date":"2025-01-23T16:33:13","date_gmt":"2025-01-23T15:33:13","guid":{"rendered":"https:\/\/www.eveha.fr\/?page_id=7634"},"modified":"2026-03-16T16:04:30","modified_gmt":"2026-03-16T15:04:30","slug":"ressources","status":"publish","type":"page","link":"https:\/\/www.eveha.fr\/index.php\/ressources\/","title":{"rendered":"Ressources"},"content":{"rendered":"\n<h2 class=\"wp-block-heading\">Bienvenue sur notre espace ressources<\/h2>\n\n\n\n<p>Nous mettons ici, \u00e0 votre disposition, tous les documents vous permettant de mieux percevoir l&rsquo;\u00e9ventail de nos prestations et de nos comp\u00e9tences.<\/p>\n\n\n\n<div class=\"wp-block-columns is-layout-flex wp-container-3 wp-block-columns-is-layout-flex\">\n<div class=\"wp-block-column is-layout-flow wp-block-column-is-layout-flow\"><div class=\"wp-block-image\">\n<figure class=\"aligncenter size-medium\"><a href=\"http:\/\/www.eveha.fr\/wp-content\/uploads\/2026\/03\/dossier-presentation-eveha.pdf\" target=\"_blank\" rel=\"noreferrer noopener\"><img decoding=\"async\" loading=\"lazy\" width=\"212\" height=\"300\" src=\"https:\/\/www.eveha.fr\/wp-content\/uploads\/2025\/03\/DOSSIER-DE-PRESENTATION-2025-1-212x300.jpg\" alt=\"\" class=\"wp-image-7981\" srcset=\"https:\/\/www.eveha.fr\/wp-content\/uploads\/2025\/03\/DOSSIER-DE-PRESENTATION-2025-1-212x300.jpg 212w, https:\/\/www.eveha.fr\/wp-content\/uploads\/2025\/03\/DOSSIER-DE-PRESENTATION-2025-1-724x1024.jpg 724w, https:\/\/www.eveha.fr\/wp-content\/uploads\/2025\/03\/DOSSIER-DE-PRESENTATION-2025-1-768x1086.jpg 768w, https:\/\/www.eveha.fr\/wp-content\/uploads\/2025\/03\/DOSSIER-DE-PRESENTATION-2025-1-1086x1536.jpg 1086w, https:\/\/www.eveha.fr\/wp-content\/uploads\/2025\/03\/DOSSIER-DE-PRESENTATION-2025-1.jpg 1131w\" sizes=\"(max-width: 212px) 100vw, 212px\" \/><\/a><\/figure><\/div><\/div>\n\n\n\n<div class=\"wp-block-column is-vertically-aligned-center is-layout-flow wp-block-column-is-layout-flow\">\n<p><strong>D\u00e9couvrez la plaquette de pr\u00e9sentation de la soci\u00e9t\u00e9 \u00c9veha. <\/strong>Fort de presque 20 ans d&rsquo;existence, notre bureau d&rsquo;\u00e9tudes arch\u00e9ologiques b\u00e9n\u00e9ficie des agr\u00e9ments n\u00e9cessaires pour op\u00e9rer des fouilles pr\u00e9ventives sur l&rsquo;ensemble du territoire national.<br>\u00c9veha propose \u00e9galement des prestations de restauration, de m\u00e9diation ou d&rsquo;\u00e9tudes historiques&#8230;<\/p>\n\n\n\n<p class=\"has-small-font-size\"><strong>+ d&rsquo;infos en cliquant sur la plaquette ci-contre<\/strong><\/p>\n<\/div>\n<\/div>\n\n\n\n<hr class=\"wp-block-separator has-alpha-channel-opacity\"\/>\n\n\n\n<div class=\"wp-block-columns is-layout-flex wp-container-6 wp-block-columns-is-layout-flex\">\n<div class=\"wp-block-column is-layout-flow wp-block-column-is-layout-flow\"><div class=\"wp-block-image\">\n<figure class=\"aligncenter size-medium is-resized\"><a href=\"http:\/\/www.eveha.fr\/wp-content\/uploads\/2025\/08\/2025-08-26-pres-geophysique-EVEHA.pdf\" target=\"_blank\" rel=\"noreferrer noopener\"><img decoding=\"async\" loading=\"lazy\" src=\"https:\/\/www.eveha.fr\/wp-content\/uploads\/2025\/08\/Capture-de\u0301cran-2025-08-26-a\u0300-11.51.39-212x300.png\" alt=\"\" class=\"wp-image-9244\" style=\"width:198px;height:280px\" width=\"198\" height=\"280\" srcset=\"https:\/\/www.eveha.fr\/wp-content\/uploads\/2025\/08\/Capture-de\u0301cran-2025-08-26-a\u0300-11.51.39-212x300.png 212w, https:\/\/www.eveha.fr\/wp-content\/uploads\/2025\/08\/Capture-de\u0301cran-2025-08-26-a\u0300-11.51.39.png 661w\" sizes=\"(max-width: 198px) 100vw, 198px\" \/><\/a><\/figure><\/div><\/div>\n\n\n\n<div class=\"wp-block-column is-vertically-aligned-center is-layout-flow wp-block-column-is-layout-flow\">\n<p>La prospection g\u00e9ophysique d\u00e9signe un ensemble de m\u00e9thodes de mesure permettant de cartographier les propri\u00e9t\u00e9s physiques du sous-sol \u00e0 partir de mesures r\u00e9alis\u00e9es en surface. \u00c9veha propose des prestations dans ce domaine, avec une expertise dans une large gamme de m\u00e9thodes permettant <strong>une meilleure compr\u00e9hension du contexte arch\u00e9ologique et g\u00e9omorphologique d\u2019un site.<\/strong><\/p>\n\n\n\n<p class=\"has-small-font-size\"><strong>+ d&rsquo;infos en cliquant sur la plaquette ci-contre<\/strong><\/p>\n<\/div>\n<\/div>\n\n\n\n<hr class=\"wp-block-separator has-alpha-channel-opacity\"\/>\n\n\n\n<div class=\"wp-block-columns is-layout-flex wp-container-9 wp-block-columns-is-layout-flex\">\n<div class=\"wp-block-column is-layout-flow wp-block-column-is-layout-flow\"><div class=\"wp-block-image\">\n<figure class=\"aligncenter size-medium\"><a href=\"http:\/\/www.eveha.fr\/wp-content\/uploads\/2025\/01\/restauration-eveha-2025.pdf\" target=\"_blank\" rel=\"noreferrer noopener\"><img decoding=\"async\" loading=\"lazy\" width=\"211\" height=\"300\" src=\"https:\/\/www.eveha.fr\/wp-content\/uploads\/2025\/01\/restauration-eveha-2025-1-211x300.jpg\" alt=\"\" class=\"wp-image-7643\" srcset=\"https:\/\/www.eveha.fr\/wp-content\/uploads\/2025\/01\/restauration-eveha-2025-1-211x300.jpg 211w, https:\/\/www.eveha.fr\/wp-content\/uploads\/2025\/01\/restauration-eveha-2025-1-722x1024.jpg 722w, https:\/\/www.eveha.fr\/wp-content\/uploads\/2025\/01\/restauration-eveha-2025-1-768x1090.jpg 768w, https:\/\/www.eveha.fr\/wp-content\/uploads\/2025\/01\/restauration-eveha-2025-1-1082x1536.jpg 1082w, https:\/\/www.eveha.fr\/wp-content\/uploads\/2025\/01\/restauration-eveha-2025-1.jpg 1200w\" sizes=\"(max-width: 211px) 100vw, 211px\" \/><\/a><\/figure><\/div><\/div>\n\n\n\n<div class=\"wp-block-column is-vertically-aligned-center is-layout-flow wp-block-column-is-layout-flow\">\n<p>Le service de restauration d\u2019\u00c9veha r\u00e9alise le diagnostic, le traitement et le stockage adapt\u00e9s \u00e0 chaque mat\u00e9riau arch\u00e9ologique. Il propose \u00e9galement son expertise pour la conservation pr\u00e9ventive des objets issus des fouilles arch\u00e9ologiques r\u00e9centes. Il peut enfin intervenir sur des collections de services arch\u00e9ologiques ou de mus\u00e9es en amont d\u2019\u00e9tudes ou encore en pr\u00e9vision de projets d\u2019exposition.<\/p>\n\n\n\n<p class=\"has-small-font-size\"><strong>+ d&rsquo;infos en cliquant sur la plaquette ci-contre<\/strong><\/p>\n<\/div>\n<\/div>\n\n\n\n<hr class=\"wp-block-separator has-alpha-channel-opacity\"\/>\n\n\n\n<div class=\"wp-block-columns is-layout-flex wp-container-12 wp-block-columns-is-layout-flex\">\n<div class=\"wp-block-column is-layout-flow wp-block-column-is-layout-flow\"><div class=\"wp-block-image\">\n<figure class=\"aligncenter size-medium is-resized\"><a href=\"http:\/\/www.eveha.fr\/wp-content\/uploads\/2026\/03\/2026-03-09-plaquette-archives.pdf\" target=\"_blank\" rel=\"noreferrer noopener\"><img decoding=\"async\" loading=\"lazy\" src=\"https:\/\/www.eveha.fr\/wp-content\/uploads\/2026\/03\/2026-03-09-plaquette-archives-1-211x300.jpg\" alt=\"\" class=\"wp-image-11113\" style=\"width:211px;height:300px\" width=\"211\" height=\"300\" srcset=\"https:\/\/www.eveha.fr\/wp-content\/uploads\/2026\/03\/2026-03-09-plaquette-archives-1-211x300.jpg 211w, https:\/\/www.eveha.fr\/wp-content\/uploads\/2026\/03\/2026-03-09-plaquette-archives-1-722x1024.jpg 722w, https:\/\/www.eveha.fr\/wp-content\/uploads\/2026\/03\/2026-03-09-plaquette-archives-1-768x1090.jpg 768w, https:\/\/www.eveha.fr\/wp-content\/uploads\/2026\/03\/2026-03-09-plaquette-archives-1.jpg 1000w\" sizes=\"(max-width: 211px) 100vw, 211px\" \/><\/a><\/figure><\/div><\/div>\n\n\n\n<div class=\"wp-block-column is-vertically-aligned-center is-layout-flow wp-block-column-is-layout-flow\">\n<p>\u00c9veha a d\u00e9velopp\u00e9 tr\u00e8s t\u00f4t des comp\u00e9tences dans la gestion des archives afin d\u2019assurer la tra\u00e7abilit\u00e9 et la p\u00e9rennit\u00e9 des donn\u00e9es scientifiques de l\u2019arch\u00e9ologie.<br>Notre principal atout : une m\u00e9thodologie rigoureuse, en stricte conformit\u00e9<br>avec les normes en vigueur.<\/p>\n\n\n\n<p class=\"has-small-font-size\"><strong>+ d&rsquo;infos en cliquant sur la plaquette ci-contre<\/strong><\/p>\n<\/div>\n<\/div>\n\n\n\n<hr class=\"wp-block-separator has-alpha-channel-opacity\"\/>\n\n\n\n<div class=\"wp-block-columns is-layout-flex wp-container-15 wp-block-columns-is-layout-flex\">\n<div class=\"wp-block-column is-layout-flow wp-block-column-is-layout-flow\"><div class=\"wp-block-image\">\n<figure class=\"aligncenter size-medium\"><a href=\"http:\/\/www.eveha.fr\/wp-content\/uploads\/2025\/09\/2025-09-02-chantier-collection-1.pdf\" target=\"_blank\" rel=\"noreferrer noopener\"><img decoding=\"async\" loading=\"lazy\" width=\"211\" height=\"300\" src=\"https:\/\/www.eveha.fr\/wp-content\/uploads\/2025\/01\/chantier-collection-eveha-2024-1-211x300.jpg\" alt=\"\" class=\"wp-image-7647\" srcset=\"https:\/\/www.eveha.fr\/wp-content\/uploads\/2025\/01\/chantier-collection-eveha-2024-1-211x300.jpg 211w, https:\/\/www.eveha.fr\/wp-content\/uploads\/2025\/01\/chantier-collection-eveha-2024-1-722x1024.jpg 722w, https:\/\/www.eveha.fr\/wp-content\/uploads\/2025\/01\/chantier-collection-eveha-2024-1-768x1090.jpg 768w, https:\/\/www.eveha.fr\/wp-content\/uploads\/2025\/01\/chantier-collection-eveha-2024-1-1082x1536.jpg 1082w, https:\/\/www.eveha.fr\/wp-content\/uploads\/2025\/01\/chantier-collection-eveha-2024-1.jpg 1200w\" sizes=\"(max-width: 211px) 100vw, 211px\" \/><\/a><\/figure><\/div><\/div>\n\n\n\n<div class=\"wp-block-column is-vertically-aligned-center is-layout-flow wp-block-column-is-layout-flow\">\n<p>Dot\u00e9 d\u2019un p\u00f4le d\u00e9di\u00e9 \u00e0 la&nbsp;gestion des archives de fouille&nbsp;compos\u00e9 de sp\u00e9cialistes en conservation pr\u00e9ventive et en gestion du mobilier, \u00c9veha r\u00e9alise des prestations de chantiers des collections pour des d\u00e9p\u00f4ts d\u2019\u00c9tat ou des mus\u00e9es.<\/p>\n\n\n\n<p class=\"has-small-font-size\"><strong>+ d&rsquo;infos en cliquant sur la plaquette ci-contre<\/strong><\/p>\n<\/div>\n<\/div>\n\n\n\n<hr class=\"wp-block-separator has-alpha-channel-opacity\"\/>\n\n\n\n<div class=\"wp-block-columns is-layout-flex wp-container-18 wp-block-columns-is-layout-flex\">\n<div class=\"wp-block-column is-layout-flow wp-block-column-is-layout-flow\"><div class=\"wp-block-image\">\n<figure class=\"aligncenter size-medium\"><a href=\"http:\/\/www.eveha.fr\/wp-content\/uploads\/2025\/01\/plaquette-recherche-scientifique-eveha-2024.pdf\" target=\"_blank\" rel=\"noreferrer noopener\"><img decoding=\"async\" loading=\"lazy\" width=\"211\" height=\"300\" src=\"https:\/\/www.eveha.fr\/wp-content\/uploads\/2025\/01\/plaquette-recherche-scientifique-eveha-2024-1-211x300.jpg\" alt=\"\" class=\"wp-image-7651\" srcset=\"https:\/\/www.eveha.fr\/wp-content\/uploads\/2025\/01\/plaquette-recherche-scientifique-eveha-2024-1-211x300.jpg 211w, https:\/\/www.eveha.fr\/wp-content\/uploads\/2025\/01\/plaquette-recherche-scientifique-eveha-2024-1-722x1024.jpg 722w, https:\/\/www.eveha.fr\/wp-content\/uploads\/2025\/01\/plaquette-recherche-scientifique-eveha-2024-1-768x1090.jpg 768w, https:\/\/www.eveha.fr\/wp-content\/uploads\/2025\/01\/plaquette-recherche-scientifique-eveha-2024-1-1082x1536.jpg 1082w, https:\/\/www.eveha.fr\/wp-content\/uploads\/2025\/01\/plaquette-recherche-scientifique-eveha-2024-1.jpg 1200w\" sizes=\"(max-width: 211px) 100vw, 211px\" \/><\/a><\/figure><\/div><\/div>\n\n\n\n<div class=\"wp-block-column is-vertically-aligned-center is-layout-flow wp-block-column-is-layout-flow\">\n<p>Le bureau d\u2019\u00e9tudes \u00c9veha fait partie int\u00e9grante des acteurs de la recherche en arch\u00e9ologie. Son implication se traduit \u00e0 la fois par la diffusion de ses \u00e9tudes et par un engagement dans les dynamiques r\u00e9gionales et nationales des projets et des laboratoires de recherche.&nbsp;<\/p>\n\n\n\n<p class=\"has-small-font-size\"><strong>+ d&rsquo;infos en cliquant sur la plaquette ci-contre<\/strong><\/p>\n<\/div>\n<\/div>\n\n\n\n<hr class=\"wp-block-separator has-alpha-channel-opacity\"\/>\n\n\n\n<div class=\"wp-block-columns is-layout-flex wp-container-21 wp-block-columns-is-layout-flex\">\n<div class=\"wp-block-column is-layout-flow wp-block-column-is-layout-flow\"><div class=\"wp-block-image\">\n<figure class=\"aligncenter size-medium\"><a href=\"http:\/\/www.eveha.fr\/wp-content\/uploads\/2025\/01\/2024-03-25-plaquette-riviere-web.pdf\" target=\"_blank\" rel=\"noreferrer noopener\"><img decoding=\"async\" loading=\"lazy\" width=\"211\" height=\"300\" src=\"https:\/\/www.eveha.fr\/wp-content\/uploads\/2025\/01\/2024-03-25-plaquette-riviere-web-couv-211x300.jpg\" alt=\"\" class=\"wp-image-7633\" srcset=\"https:\/\/www.eveha.fr\/wp-content\/uploads\/2025\/01\/2024-03-25-plaquette-riviere-web-couv-211x300.jpg 211w, https:\/\/www.eveha.fr\/wp-content\/uploads\/2025\/01\/2024-03-25-plaquette-riviere-web-couv-722x1024.jpg 722w, https:\/\/www.eveha.fr\/wp-content\/uploads\/2025\/01\/2024-03-25-plaquette-riviere-web-couv-768x1090.jpg 768w, https:\/\/www.eveha.fr\/wp-content\/uploads\/2025\/01\/2024-03-25-plaquette-riviere-web-couv-1082x1536.jpg 1082w, https:\/\/www.eveha.fr\/wp-content\/uploads\/2025\/01\/2024-03-25-plaquette-riviere-web-couv.jpg 1200w\" sizes=\"(max-width: 211px) 100vw, 211px\" \/><\/a><\/figure><\/div><\/div>\n\n\n\n<div class=\"wp-block-column is-vertically-aligned-center is-layout-flow wp-block-column-is-layout-flow\">\n<p>Les milieux subaquatiques repr\u00e9sentent<br>un potentiel arch\u00e9ologique majeur,<br>les vestiges y \u00e9tant bien souvent mieux<br>pr\u00e9serv\u00e9s qu\u2019en milieu terrestre.<br>Toutefois, ces types de contexte requi\u00e8rent<br>la mise en place de dispositifs particuliers.<br>\u00c9veha b\u00e9n\u00e9ficie d&rsquo;un service sp\u00e9cifique,<br>cr\u00e9\u00e9 en 2019, qui intervient sur tout le territoire national.<\/p>\n\n\n\n<p class=\"has-small-font-size\"><strong>+ d&rsquo;infos en cliquant sur la plaquette ci-contre<\/strong><\/p>\n<\/div>\n<\/div>\n","protected":false},"excerpt":{"rendered":"<p>Bienvenue sur notre espace ressources Nous mettons ici, \u00e0 votre disposition, tous les documents vous permettant de mieux percevoir l&rsquo;\u00e9ventail de nos prestations et de nos comp\u00e9tences. D\u00e9couvrez la plaquette de pr\u00e9sentation de la soci\u00e9t\u00e9 \u00c9veha. Fort de presque 20 ans d&rsquo;existence, notre bureau d&rsquo;\u00e9tudes arch\u00e9ologiques b\u00e9n\u00e9ficie des agr\u00e9ments n\u00e9cessaires pour op\u00e9rer des fouilles pr\u00e9ventives &hellip; <\/p>\n<p class=\"link-more\"><a href=\"https:\/\/www.eveha.fr\/index.php\/ressources\/\" class=\"more-link\">Continuer la lecture<span class=\"screen-reader-text\"> de &laquo;&nbsp;Ressources&nbsp;&raquo;<\/span><\/a><\/p>\n","protected":false},"author":23,"featured_media":0,"parent":0,"menu_order":0,"comment_status":"closed","ping_status":"closed","template":"","meta":{"inline_featured_image":false,"footnotes":""},"_links":{"self":[{"href":"https:\/\/www.eveha.fr\/index.php\/wp-json\/wp\/v2\/pages\/7634"}],"collection":[{"href":"https:\/\/www.eveha.fr\/index.php\/wp-json\/wp\/v2\/pages"}],"about":[{"href":"https:\/\/www.eveha.fr\/index.php\/wp-json\/wp\/v2\/types\/page"}],"author":[{"embeddable":true,"href":"https:\/\/www.eveha.fr\/index.php\/wp-json\/wp\/v2\/users\/23"}],"replies":[{"embeddable":true,"href":"https:\/\/www.eveha.fr\/index.php\/wp-json\/wp\/v2\/comments?post=7634"}],"version-history":[{"count":25,"href":"https:\/\/www.eveha.fr\/index.php\/wp-json\/wp\/v2\/pages\/7634\/revisions"}],"predecessor-version":[{"id":11115,"href":"https:\/\/www.eveha.fr\/index.php\/wp-json\/wp\/v2\/pages\/7634\/revisions\/11115"}],"wp:attachment":[{"href":"https:\/\/www.eveha.fr\/index.php\/wp-json\/wp\/v2\/media?parent=7634"}],"curies":[{"name":"wp","href":"https:\/\/api.w.org\/{rel}","templated":true}]}}