{"id":9,"date":"2019-09-17T12:00:31","date_gmt":"2019-09-17T10:00:31","guid":{"rendered":"http:\/\/192.168.87.46\/?page_id=9"},"modified":"2026-02-23T17:31:44","modified_gmt":"2026-02-23T16:31:44","slug":"a-propos-de","status":"publish","type":"page","link":"https:\/\/www.eveha.fr\/index.php\/a-propos-de\/","title":{"rendered":"Soci\u00e9t\u00e9"},"content":{"rendered":"\n<p><strong>En quelques mots<\/strong><\/p>\n\n\n\n<p>Cr\u00e9\u00e9e en 2006, \u00c9veha est la plus importante soci\u00e9t\u00e9 d&rsquo;arch\u00e9ologie pr\u00e9ventive priv\u00e9e en France. L&rsquo;arch\u00e9ologie pr\u00e9ventive est celle qui accompagne les travaux d&rsquo;am\u00e9nagements du territoire : des fouilles arch\u00e9ologiques&nbsp;sont r\u00e9alis\u00e9es afin d&rsquo;\u00e9tudier au mieux les sites menac\u00e9s de destruction par ces travaux.<\/p>\n\n\n\n<p>Depuis sa cr\u00e9ation, la soci\u00e9t\u00e9 a r\u00e9alis\u00e9 plus de 1 000 op\u00e9rations arch\u00e9ologiques, dont de nombreuses de grande ampleur qui \u00e9taient li\u00e9es \u00e0 des travaux d&rsquo;infrastructures (r\u00e9alisation d&rsquo;autoroutes ou construction de nouvelles lignes de chemin de fer).<\/p>\n\n\n\n<p>Avec un chiffre d&rsquo;affaire annuel de plus de 20 millions d&rsquo;euros, \u00c9veha emploie pr\u00e8s de 400 collaborateurs r\u00e9partis entre 14 agences. Douze sont implant\u00e9es en France m\u00e9tropolitaine et deux \u00e0 l&rsquo;Outre-mer (Martinique, Guyane). Le si\u00e8ge social de l&rsquo;entreprise est situ\u00e9 \u00e0 Limoges (Haute-Vienne).<\/p>\n\n\n\n<p>Le d\u00e9veloppement d&rsquo;\u00c9veha a b\u00e9n\u00e9fici\u00e9 depuis sa cr\u00e9ation du soutien de R\u00e9seau Entreprendre et de la Banque publique d&rsquo;Investissement (BPI). \u00c9veha a ainsi \u00e9t\u00e9 laur\u00e9at \u00ab Limousin Entreprendre \u00bb en 2006 et a obtenu le  label \u00ab BPI Excellence \u00bb en 2012.<\/p>\n\n\n\n<div class=\"wp-block-columns has-2-columns is-layout-flex wp-container-3 wp-block-columns-is-layout-flex\">\n<div class=\"wp-block-column is-layout-flow wp-block-column-is-layout-flow\"><div class=\"wp-block-image\">\n<figure class=\"aligncenter\"><img decoding=\"async\" loading=\"lazy\" width=\"463\" height=\"317\" src=\"https:\/\/www.eveha.fr\/wp-content\/uploads\/2023\/07\/Fig3-laureat-REA.png\" alt=\"\" class=\"wp-image-3944\" srcset=\"https:\/\/www.eveha.fr\/wp-content\/uploads\/2023\/07\/Fig3-laureat-REA.png 463w, https:\/\/www.eveha.fr\/wp-content\/uploads\/2023\/07\/Fig3-laureat-REA-300x205.png 300w\" sizes=\"(max-width: 463px) 100vw, 463px\" \/><\/figure><\/div><\/div>\n\n\n\n<div class=\"wp-block-column is-layout-flow wp-block-column-is-layout-flow\">\n<figure class=\"wp-block-image\"><img decoding=\"async\" loading=\"lazy\" width=\"468\" height=\"246\" src=\"http:\/\/www.eveha.fr\/wp-content\/uploads\/2019\/09\/logo-excellence_mainstory1.png\" alt=\"\" class=\"wp-image-143\" srcset=\"https:\/\/www.eveha.fr\/wp-content\/uploads\/2019\/09\/logo-excellence_mainstory1.png 468w, https:\/\/www.eveha.fr\/wp-content\/uploads\/2019\/09\/logo-excellence_mainstory1-300x158.png 300w\" sizes=\"(max-width: 468px) 100vw, 468px\" \/><\/figure>\n<\/div>\n<\/div>\n\n\n\n<h3 class=\"wp-block-heading\"><strong>Publication de l&rsquo;index d&rsquo;\u00e9galit\u00e9 hommes-femmes<\/strong><\/h3>\n\n\n\n<p> Dans le cadre de la loi du 5 septembre 2018 visant \u00e0 supprimer les \u00e9carts de r\u00e9mun\u00e9ration entre les femmes et les hommes dans l\u2019entreprise, \u00c9veha publie son index de l\u2019\u00e9galit\u00e9 femmes-hommes dont le score s&rsquo;\u00e9tablit \u00e0 94 points sur 100 au titre de l&rsquo;ann\u00e9e 2025.<\/p>\n\n\n\n<figure class=\"wp-block-table alignleft is-style-regular\"><table><tbody><tr><td><strong>Indicateurs<\/strong><\/td><td class=\"has-text-align-center\" data-align=\"center\"><strong>Points obtenus<\/strong><\/td><td class=\"has-text-align-center\" data-align=\"center\"><strong>Nb de points <\/strong><br><strong>max. de l&rsquo;indicateur<\/strong><\/td><\/tr><tr><td>1- \u00e9cart de r\u00e9mun\u00e9ration <\/td><td class=\"has-text-align-center\" data-align=\"center\">39<\/td><td class=\"has-text-align-center\" data-align=\"center\">40<\/td><\/tr><tr><td>2- \u00e9carts de taux d&rsquo;augmentations individuelles <\/td><td class=\"has-text-align-center\" data-align=\"center\">20<\/td><td class=\"has-text-align-center\" data-align=\"center\">20<\/td><\/tr><tr><td>3- \u00e9carts de taux de promotions <\/td><td class=\"has-text-align-center\" data-align=\"center\">15<\/td><td class=\"has-text-align-center\" data-align=\"center\">15<\/td><\/tr><tr><td>4- pourcentage de salari\u00e9es ayant b\u00e9n\u00e9fici\u00e9 <br>d\u2019une augmentation dans l\u2019ann\u00e9e suivant leur <br>retour de cong\u00e9 maternit\u00e9<\/td><td class=\"has-text-align-center\" data-align=\"center\">15<\/td><td class=\"has-text-align-center\" data-align=\"center\">15<\/td><\/tr><tr><td>5- nombre de salari\u00e9s du sexe sous-repr\u00e9sent\u00e9 <br>parmi les 10 plus hautes r\u00e9mun\u00e9rations<\/td><td class=\"has-text-align-center\" data-align=\"center\">5<\/td><td class=\"has-text-align-center\" data-align=\"center\">10<\/td><\/tr><tr><td><strong>INDEX (sur 100 points)<\/strong><\/td><td class=\"has-text-align-center\" data-align=\"center\"><strong>94<\/strong><\/td><td class=\"has-text-align-center\" data-align=\"center\"><strong>100<\/strong><\/td><\/tr><\/tbody><\/table><\/figure>\n\n\n\n<div style=\"height:100px\" aria-hidden=\"true\" class=\"wp-block-spacer\"><\/div>\n\n\n\n<h3 class=\"wp-block-heading\"><strong>\u00c9veha, membre de la F\u00c9MAP<\/strong><\/h3>\n\n\n\n<div style=\"height:30px\" aria-hidden=\"true\" class=\"wp-block-spacer\"><\/div>\n\n\n\n<div class=\"wp-block-columns has-2-columns is-layout-flex wp-container-6 wp-block-columns-is-layout-flex\">\n<div class=\"wp-block-column is-layout-flow wp-block-column-is-layout-flow\"><div class=\"wp-block-image\">\n<figure class=\"aligncenter is-resized\"><img decoding=\"async\" loading=\"lazy\" src=\"https:\/\/www.eveha.fr\/wp-content\/uploads\/2022\/02\/unnamed.png\" alt=\"\" class=\"wp-image-2105\" style=\"width:213px;height:218px\" width=\"213\" height=\"218\" srcset=\"https:\/\/www.eveha.fr\/wp-content\/uploads\/2022\/02\/unnamed.png 512w, https:\/\/www.eveha.fr\/wp-content\/uploads\/2022\/02\/unnamed-294x300.png 294w\" sizes=\"(max-width: 213px) 100vw, 213px\" \/><\/figure><\/div>\n\n\n<p><\/p>\n<\/div>\n\n\n\n<div class=\"wp-block-column is-layout-flow wp-block-column-is-layout-flow\">\n<p>Eveha est <strong>un<\/strong> <strong>membre fondateur<\/strong> de la F\u00e9d\u00e9ration des M\u00e9tiers de l&rsquo;Arch\u00e9ologie Pr\u00e9ventive (FEMAP) qui a pour vocation de travailler \u00e0 l&rsquo;\u00e9volution des professions de l&rsquo;arch\u00e9ologie pr\u00e9ventive et \u00e0 la promotion de cette derni\u00e8re. Il s\u2019agit notamment de contribuer \u00e0 structurer la fili\u00e8re et faciliter le dialogue entre les diff\u00e9rents acteurs.<\/p>\n\n\n\n<p>Plus plus d&rsquo;informations sur la F\u00c9MAP : <a href=\"https:\/\/femap-archeo.fr\/\"><strong>https:\/\/femap-archeo.fr\/<\/strong><\/a><\/p>\n<\/div>\n<\/div>\n\n\n\n<div style=\"height:100px\" aria-hidden=\"true\" class=\"wp-block-spacer\"><\/div>\n\n\n\n<h3 class=\"wp-block-heading\" id=\"edition\"><strong>Nos publications<\/strong><\/h3>\n\n\n\n<div style=\"height:30px\" aria-hidden=\"true\" class=\"wp-block-spacer\"><\/div>\n\n\n\n<div class=\"wp-block-columns has-2-columns is-layout-flex wp-container-9 wp-block-columns-is-layout-flex\">\n<div class=\"wp-block-column is-layout-flow wp-block-column-is-layout-flow\">\n<p>\u00c9veha a rassembl\u00e9 sa  bibliographie dans une  collection disponible en open Access sur HAL. Vous pouvez retrouver l\u2019ensemble de cette collection sur ce lien : <a rel=\"noreferrer noopener\" aria-label=\"https:\/\/hal.science\/EVEHA\/ (opens in a new tab)\" href=\"https:\/\/hal.science\/EVEHA\/\" target=\"_blank\"><strong>https:\/\/hal.science\/EVEHA\/<\/strong><\/a><\/p>\n<\/div>\n\n\n\n<div class=\"wp-block-column is-layout-flow wp-block-column-is-layout-flow\">\n<figure class=\"wp-block-image size-full\"><a href=\"https:\/\/hal.inrae.fr\/EVEHA\" target=\"_blank\" rel=\"noreferrer noopener\"><img decoding=\"async\" loading=\"lazy\" width=\"313\" height=\"161\" src=\"https:\/\/www.eveha.fr\/wp-content\/uploads\/2025\/11\/hal.png\" alt=\"\" class=\"wp-image-10330\" srcset=\"https:\/\/www.eveha.fr\/wp-content\/uploads\/2025\/11\/hal.png 313w, https:\/\/www.eveha.fr\/wp-content\/uploads\/2025\/11\/hal-300x154.png 300w\" sizes=\"(max-width: 313px) 100vw, 313px\" \/><\/a><\/figure>\n<\/div>\n<\/div>\n","protected":false},"excerpt":{"rendered":"<p>En quelques mots Cr\u00e9\u00e9e en 2006, \u00c9veha est la plus importante soci\u00e9t\u00e9 d&rsquo;arch\u00e9ologie pr\u00e9ventive priv\u00e9e en France. L&rsquo;arch\u00e9ologie pr\u00e9ventive est celle qui accompagne les travaux d&rsquo;am\u00e9nagements du territoire : des fouilles arch\u00e9ologiques&nbsp;sont r\u00e9alis\u00e9es afin d&rsquo;\u00e9tudier au mieux les sites menac\u00e9s de destruction par ces travaux. Depuis sa cr\u00e9ation, la soci\u00e9t\u00e9 a r\u00e9alis\u00e9 plus de 1 &hellip; <\/p>\n<p class=\"link-more\"><a href=\"https:\/\/www.eveha.fr\/index.php\/a-propos-de\/\" class=\"more-link\">Continuer la lecture<span class=\"screen-reader-text\"> de &laquo;&nbsp;Soci\u00e9t\u00e9&nbsp;&raquo;<\/span><\/a><\/p>\n","protected":false},"author":1,"featured_media":0,"parent":0,"menu_order":0,"comment_status":"closed","ping_status":"closed","template":"","meta":{"inline_featured_image":false,"footnotes":""},"_links":{"self":[{"href":"https:\/\/www.eveha.fr\/index.php\/wp-json\/wp\/v2\/pages\/9"}],"collection":[{"href":"https:\/\/www.eveha.fr\/index.php\/wp-json\/wp\/v2\/pages"}],"about":[{"href":"https:\/\/www.eveha.fr\/index.php\/wp-json\/wp\/v2\/types\/page"}],"author":[{"embeddable":true,"href":"https:\/\/www.eveha.fr\/index.php\/wp-json\/wp\/v2\/users\/1"}],"replies":[{"embeddable":true,"href":"https:\/\/www.eveha.fr\/index.php\/wp-json\/wp\/v2\/comments?post=9"}],"version-history":[{"count":35,"href":"https:\/\/www.eveha.fr\/index.php\/wp-json\/wp\/v2\/pages\/9\/revisions"}],"predecessor-version":[{"id":10953,"href":"https:\/\/www.eveha.fr\/index.php\/wp-json\/wp\/v2\/pages\/9\/revisions\/10953"}],"wp:attachment":[{"href":"https:\/\/www.eveha.fr\/index.php\/wp-json\/wp\/v2\/media?parent=9"}],"curies":[{"name":"wp","href":"https:\/\/api.w.org\/{rel}","templated":true}]}}