{"id":9355,"date":"2025-09-08T16:29:08","date_gmt":"2025-09-08T14:29:08","guid":{"rendered":"https:\/\/www.eveha.fr\/?page_id=9355"},"modified":"2025-10-09T14:24:27","modified_gmt":"2025-10-09T12:24:27","slug":"prestations-publications","status":"publish","type":"page","link":"https:\/\/www.eveha.fr\/index.php\/prestations-publications\/","title":{"rendered":"Prestations &#8211;  Publications"},"content":{"rendered":"\n<div class=\"wp-block-columns is-layout-flex wp-container-3 wp-block-columns-is-layout-flex\">\n<div class=\"wp-block-column is-vertically-aligned-center is-layout-flow wp-block-column-is-layout-flow\">\n<h2 class=\"wp-block-heading\">D\u00e9finition<\/h2>\n\n\n\n<p>Les \u00c9ditions \u00c9veha sont destin\u00e9es \u00e0 publier des \u00e9tudes arch\u00e9ologiques \u00e0 travers des approches th\u00e9matiques ou transversales.<\/p>\n<\/div>\n\n\n\n<div class=\"wp-block-column is-layout-flow wp-block-column-is-layout-flow\"><div class=\"wp-block-image is-style-rounded\">\n<figure class=\"aligncenter size-full\"><img decoding=\"async\" loading=\"lazy\" width=\"1000\" height=\"686\" src=\"http:\/\/www.eveha.fr\/wp-content\/uploads\/2025\/08\/eveha-ouvrage-04.jpg\" alt=\"\" class=\"wp-image-9270\" style=\"aspect-ratio:1;object-fit:cover\" srcset=\"https:\/\/www.eveha.fr\/wp-content\/uploads\/2025\/08\/eveha-ouvrage-04.jpg 1000w, https:\/\/www.eveha.fr\/wp-content\/uploads\/2025\/08\/eveha-ouvrage-04-300x206.jpg 300w, https:\/\/www.eveha.fr\/wp-content\/uploads\/2025\/08\/eveha-ouvrage-04-768x527.jpg 768w\" sizes=\"(max-width: 767px) 89vw, (max-width: 1000px) 54vw, (max-width: 1071px) 543px, 580px\" \/><\/figure><\/div><\/div>\n<\/div>\n\n\n\n<h2 class=\"wp-block-heading\">Galerie<\/h2>\n\n\n\n<figure class=\"wp-block-gallery has-nested-images columns-default is-cropped wp-block-gallery-4 is-layout-flex wp-block-gallery-is-layout-flex\">\n<figure class=\"wp-block-image size-large\"><img decoding=\"async\" loading=\"lazy\" width=\"1024\" height=\"731\" data-id=\"9830\" src=\"https:\/\/www.eveha.fr\/wp-content\/uploads\/2025\/10\/2252-1024x731.jpg\" alt=\"\" class=\"wp-image-9830\" srcset=\"https:\/\/www.eveha.fr\/wp-content\/uploads\/2025\/10\/2252-1024x731.jpg 1024w, https:\/\/www.eveha.fr\/wp-content\/uploads\/2025\/10\/2252-300x214.jpg 300w, https:\/\/www.eveha.fr\/wp-content\/uploads\/2025\/10\/2252-768x549.jpg 768w, https:\/\/www.eveha.fr\/wp-content\/uploads\/2025\/10\/2252-1536x1097.jpg 1536w, https:\/\/www.eveha.fr\/wp-content\/uploads\/2025\/10\/2252-2048x1463.jpg 2048w\" sizes=\"(max-width: 767px) 89vw, (max-width: 1000px) 54vw, (max-width: 1071px) 543px, 580px\" \/><\/figure>\n\n\n\n<figure class=\"wp-block-image size-large\"><img decoding=\"async\" loading=\"lazy\" width=\"1024\" height=\"754\" data-id=\"9831\" src=\"https:\/\/www.eveha.fr\/wp-content\/uploads\/2025\/10\/rucksack-magazine-9AVGnYT_elM-unsplash2-1024x754.jpg\" alt=\"\" class=\"wp-image-9831\" srcset=\"https:\/\/www.eveha.fr\/wp-content\/uploads\/2025\/10\/rucksack-magazine-9AVGnYT_elM-unsplash2-1024x754.jpg 1024w, https:\/\/www.eveha.fr\/wp-content\/uploads\/2025\/10\/rucksack-magazine-9AVGnYT_elM-unsplash2-300x221.jpg 300w, https:\/\/www.eveha.fr\/wp-content\/uploads\/2025\/10\/rucksack-magazine-9AVGnYT_elM-unsplash2-768x565.jpg 768w, https:\/\/www.eveha.fr\/wp-content\/uploads\/2025\/10\/rucksack-magazine-9AVGnYT_elM-unsplash2-1536x1131.jpg 1536w, https:\/\/www.eveha.fr\/wp-content\/uploads\/2025\/10\/rucksack-magazine-9AVGnYT_elM-unsplash2.jpg 1600w\" sizes=\"(max-width: 767px) 89vw, (max-width: 1000px) 54vw, (max-width: 1071px) 543px, 580px\" \/><\/figure>\n\n\n\n<figure class=\"wp-block-image size-large\"><img decoding=\"async\" loading=\"lazy\" width=\"1024\" height=\"683\" data-id=\"9832\" src=\"https:\/\/www.eveha.fr\/wp-content\/uploads\/2025\/10\/sarah-dorweiler-Sy8dsVyiPgs-1024x683.jpg\" alt=\"\" class=\"wp-image-9832\" srcset=\"https:\/\/www.eveha.fr\/wp-content\/uploads\/2025\/10\/sarah-dorweiler-Sy8dsVyiPgs-1024x683.jpg 1024w, https:\/\/www.eveha.fr\/wp-content\/uploads\/2025\/10\/sarah-dorweiler-Sy8dsVyiPgs-300x200.jpg 300w, https:\/\/www.eveha.fr\/wp-content\/uploads\/2025\/10\/sarah-dorweiler-Sy8dsVyiPgs-768x512.jpg 768w, https:\/\/www.eveha.fr\/wp-content\/uploads\/2025\/10\/sarah-dorweiler-Sy8dsVyiPgs-1536x1024.jpg 1536w, https:\/\/www.eveha.fr\/wp-content\/uploads\/2025\/10\/sarah-dorweiler-Sy8dsVyiPgs-2048x1365.jpg 2048w\" sizes=\"(max-width: 767px) 89vw, (max-width: 1000px) 54vw, (max-width: 1071px) 543px, 580px\" \/><\/figure>\n\n\n\n<figure class=\"wp-block-image size-large\"><img decoding=\"async\" loading=\"lazy\" width=\"512\" height=\"384\" data-id=\"9833\" src=\"https:\/\/www.eveha.fr\/wp-content\/uploads\/2025\/10\/unnamed-1.jpg\" alt=\"\" class=\"wp-image-9833\" srcset=\"https:\/\/www.eveha.fr\/wp-content\/uploads\/2025\/10\/unnamed-1.jpg 512w, https:\/\/www.eveha.fr\/wp-content\/uploads\/2025\/10\/unnamed-1-300x225.jpg 300w\" sizes=\"(max-width: 512px) 100vw, 512px\" \/><\/figure>\n\n\n\n<figure class=\"wp-block-image size-large\"><img decoding=\"async\" loading=\"lazy\" width=\"512\" height=\"384\" data-id=\"9834\" src=\"https:\/\/www.eveha.fr\/wp-content\/uploads\/2025\/10\/unnamed.jpg\" alt=\"\" class=\"wp-image-9834\" srcset=\"https:\/\/www.eveha.fr\/wp-content\/uploads\/2025\/10\/unnamed.jpg 512w, https:\/\/www.eveha.fr\/wp-content\/uploads\/2025\/10\/unnamed-300x225.jpg 300w\" sizes=\"(max-width: 512px) 100vw, 512px\" \/><\/figure>\n\n\n\n<figure class=\"wp-block-image size-large\"><img decoding=\"async\" loading=\"lazy\" width=\"512\" height=\"384\" data-id=\"9835\" src=\"https:\/\/www.eveha.fr\/wp-content\/uploads\/2025\/10\/unnamed-2.jpg\" alt=\"\" class=\"wp-image-9835\" srcset=\"https:\/\/www.eveha.fr\/wp-content\/uploads\/2025\/10\/unnamed-2.jpg 512w, https:\/\/www.eveha.fr\/wp-content\/uploads\/2025\/10\/unnamed-2-300x225.jpg 300w\" sizes=\"(max-width: 512px) 100vw, 512px\" \/><\/figure>\n\n\n\n<figure class=\"wp-block-image size-large\"><img decoding=\"async\" loading=\"lazy\" width=\"841\" height=\"1024\" data-id=\"9838\" src=\"https:\/\/www.eveha.fr\/wp-content\/uploads\/2025\/10\/blank-white-mock-up-book2-841x1024.jpg\" alt=\"\" class=\"wp-image-9838\" srcset=\"https:\/\/www.eveha.fr\/wp-content\/uploads\/2025\/10\/blank-white-mock-up-book2-841x1024.jpg 841w, https:\/\/www.eveha.fr\/wp-content\/uploads\/2025\/10\/blank-white-mock-up-book2-246x300.jpg 246w, https:\/\/www.eveha.fr\/wp-content\/uploads\/2025\/10\/blank-white-mock-up-book2-768x935.jpg 768w, https:\/\/www.eveha.fr\/wp-content\/uploads\/2025\/10\/blank-white-mock-up-book2-1262x1536.jpg 1262w, https:\/\/www.eveha.fr\/wp-content\/uploads\/2025\/10\/blank-white-mock-up-book2.jpg 1600w\" sizes=\"(max-width: 767px) 89vw, (max-width: 1000px) 54vw, (max-width: 1071px) 543px, 580px\" \/><\/figure>\n\n\n\n<figure class=\"wp-block-image size-large\"><img decoding=\"async\" loading=\"lazy\" width=\"1024\" height=\"768\" data-id=\"9839\" src=\"https:\/\/www.eveha.fr\/wp-content\/uploads\/2025\/10\/2025-07-11-kakemonos-metiers-clermont-1024x768.jpg\" alt=\"\" class=\"wp-image-9839\" srcset=\"https:\/\/www.eveha.fr\/wp-content\/uploads\/2025\/10\/2025-07-11-kakemonos-metiers-clermont-1024x768.jpg 1024w, https:\/\/www.eveha.fr\/wp-content\/uploads\/2025\/10\/2025-07-11-kakemonos-metiers-clermont-300x225.jpg 300w, https:\/\/www.eveha.fr\/wp-content\/uploads\/2025\/10\/2025-07-11-kakemonos-metiers-clermont-768x576.jpg 768w, https:\/\/www.eveha.fr\/wp-content\/uploads\/2025\/10\/2025-07-11-kakemonos-metiers-clermont-1536x1152.jpg 1536w, https:\/\/www.eveha.fr\/wp-content\/uploads\/2025\/10\/2025-07-11-kakemonos-metiers-clermont-2048x1536.jpg 2048w\" sizes=\"(max-width: 767px) 89vw, (max-width: 1000px) 54vw, (max-width: 1071px) 543px, 580px\" \/><\/figure>\n\n\n\n<figure class=\"wp-block-image size-large\"><img decoding=\"async\" loading=\"lazy\" width=\"1024\" height=\"1024\" data-id=\"9840\" src=\"https:\/\/www.eveha.fr\/wp-content\/uploads\/2025\/10\/2025-01-13-mockup-plaquetteA3-macouria-1024x1024.jpg\" alt=\"\" class=\"wp-image-9840\" srcset=\"https:\/\/www.eveha.fr\/wp-content\/uploads\/2025\/10\/2025-01-13-mockup-plaquetteA3-macouria-1024x1024.jpg 1024w, https:\/\/www.eveha.fr\/wp-content\/uploads\/2025\/10\/2025-01-13-mockup-plaquetteA3-macouria-300x300.jpg 300w, https:\/\/www.eveha.fr\/wp-content\/uploads\/2025\/10\/2025-01-13-mockup-plaquetteA3-macouria-150x150.jpg 150w, https:\/\/www.eveha.fr\/wp-content\/uploads\/2025\/10\/2025-01-13-mockup-plaquetteA3-macouria-768x768.jpg 768w, https:\/\/www.eveha.fr\/wp-content\/uploads\/2025\/10\/2025-01-13-mockup-plaquetteA3-macouria-100x100.jpg 100w, https:\/\/www.eveha.fr\/wp-content\/uploads\/2025\/10\/2025-01-13-mockup-plaquetteA3-macouria.jpg 1200w\" sizes=\"(max-width: 767px) 89vw, (max-width: 1000px) 54vw, (max-width: 1071px) 543px, 580px\" \/><\/figure>\n<\/figure>\n","protected":false},"excerpt":{"rendered":"<p>D\u00e9finition Les \u00c9ditions \u00c9veha sont destin\u00e9es \u00e0 publier des \u00e9tudes arch\u00e9ologiques \u00e0 travers des approches th\u00e9matiques ou transversales. Galerie<\/p>\n","protected":false},"author":23,"featured_media":0,"parent":0,"menu_order":0,"comment_status":"closed","ping_status":"closed","template":"","meta":{"inline_featured_image":false,"footnotes":""},"_links":{"self":[{"href":"https:\/\/www.eveha.fr\/index.php\/wp-json\/wp\/v2\/pages\/9355"}],"collection":[{"href":"https:\/\/www.eveha.fr\/index.php\/wp-json\/wp\/v2\/pages"}],"about":[{"href":"https:\/\/www.eveha.fr\/index.php\/wp-json\/wp\/v2\/types\/page"}],"author":[{"embeddable":true,"href":"https:\/\/www.eveha.fr\/index.php\/wp-json\/wp\/v2\/users\/23"}],"replies":[{"embeddable":true,"href":"https:\/\/www.eveha.fr\/index.php\/wp-json\/wp\/v2\/comments?post=9355"}],"version-history":[{"count":5,"href":"https:\/\/www.eveha.fr\/index.php\/wp-json\/wp\/v2\/pages\/9355\/revisions"}],"predecessor-version":[{"id":9946,"href":"https:\/\/www.eveha.fr\/index.php\/wp-json\/wp\/v2\/pages\/9355\/revisions\/9946"}],"wp:attachment":[{"href":"https:\/\/www.eveha.fr\/index.php\/wp-json\/wp\/v2\/media?parent=9355"}],"curies":[{"name":"wp","href":"https:\/\/api.w.org\/{rel}","templated":true}]}}