{"id":9653,"date":"2025-10-03T15:22:40","date_gmt":"2025-10-03T13:22:40","guid":{"rendered":"https:\/\/www.eveha.fr\/?page_id=9653"},"modified":"2026-01-22T11:12:44","modified_gmt":"2026-01-22T10:12:44","slug":"prestations-fouilles-programmees","status":"publish","type":"page","link":"https:\/\/www.eveha.fr\/index.php\/prestations-fouilles-programmees\/","title":{"rendered":"Prestations &#8211; Fouilles programm\u00e9es"},"content":{"rendered":"\n<div class=\"wp-block-columns is-layout-flex wp-container-4 wp-block-columns-is-layout-flex\">\n<div class=\"wp-block-column is-vertically-aligned-center is-layout-flow wp-block-column-is-layout-flow\">\n<h2 class=\"wp-block-heading\">D\u00e9finition<\/h2>\n\n\n\n<p>\u00c9veha accompagne des op\u00e9rations d\u2019arch\u00e9ologie programm\u00e9e afin de d\u00e9velopper les recherches suivant des probl\u00e9matiques sp\u00e9cifiques.<\/p>\n\n\n\n<div class=\"wp-block-buttons is-layout-flex wp-block-buttons-is-layout-flex\">\n<div class=\"wp-block-button is-style-outline\"><a class=\"wp-block-button__link wp-element-button\" href=\"https:\/\/www.eveha.fr\/index.php\/ressources\/\">T\u00e9l\u00e9charger notre plaquette sur la recherche scientifique<\/a><\/div>\n<\/div>\n<\/div>\n\n\n\n<div class=\"wp-block-column is-layout-flow wp-block-column-is-layout-flow\"><div class=\"wp-block-image is-style-rounded\">\n<figure class=\"aligncenter size-full\"><img decoding=\"async\" loading=\"lazy\" width=\"888\" height=\"538\" src=\"http:\/\/www.eveha.fr\/wp-content\/uploads\/2025\/08\/25_st_sub.png\" alt=\"\" class=\"wp-image-9278\" style=\"aspect-ratio:1;object-fit:cover\" srcset=\"https:\/\/www.eveha.fr\/wp-content\/uploads\/2025\/08\/25_st_sub.png 888w, https:\/\/www.eveha.fr\/wp-content\/uploads\/2025\/08\/25_st_sub-300x182.png 300w, https:\/\/www.eveha.fr\/wp-content\/uploads\/2025\/08\/25_st_sub-768x465.png 768w\" sizes=\"(max-width: 767px) 89vw, (max-width: 1000px) 54vw, (max-width: 1071px) 543px, 580px\" \/><\/figure><\/div><\/div>\n<\/div>\n\n\n\n<h2 class=\"wp-block-heading\">Exemple de r\u00e9f\u00e9rences<\/h2>\n\n\n\n<div class=\"wp-block-columns is-layout-flex wp-container-7 wp-block-columns-is-layout-flex\">\n<div class=\"wp-block-column is-layout-flow wp-block-column-is-layout-flow\">\n<p class=\"has-text-align-left\"><strong>Abbaye de<\/strong> <strong>Noirlac (18)<\/strong><br>Ce chantier a pour objectif de mettre au jour un atelier de production du fer aper\u00e7u lors de fouilles plus anciennes, d&rsquo;en comprendre ses structures et son organisation et de le dater pr\u00e9cis\u00e9ment.<br><strong>Direction de la fouille : Sol\u00e8ne Lacroix (\u00c9veha)<\/strong><br>Partenaires :&nbsp;Service R\u00e9gional de l&rsquo;Arch\u00e9ologie Centre Val-de-Loire, \u00c9v\u00e9ha et le Laboratoire Arch\u00e9ologie et Territoire de l&rsquo;Universit\u00e9 de Tours.<\/p>\n<\/div>\n\n\n\n<div class=\"wp-block-column is-layout-flow wp-block-column-is-layout-flow\">\n<p><strong>Le site de Roull\u00e9e et la Selle (Mont-Saint-Jean &#8211; 72) <\/strong>est identifi\u00e9 comme une <em>villa<\/em>, c\u2019est-\u00e0-dire un vaste \u00e9tablissement rural d\u2019\u00e9poque romaine.<\/p>\n\n\n\n<p>L\u2019objectif des recherches est d\u2019\u00e9tablir le plan d\u2019ensemble, de d\u00e9terminer les diff\u00e9rentes phases d\u2019occupation, mais aussi de questionner son origine et les occupations post\u00e9rieures.<br>Portage du projet de recherche : Association pour les Recherches et les \u00c9tudes Arch\u00e9ologiques en Sarthe (AR\u00c9AS)<br><strong>RO : Florian Sarreste (Eveha, UR 15071 HeRMA \u2013 Universit\u00e9 de Poitiers)<\/strong><br>Soutien : Minist\u00e8re de la Culture (DRAC-SRA des Pays de la Loire), \u00c9veha et le conseil d\u00e9partemental de la Sarthe.<\/p>\n<\/div>\n<\/div>\n\n\n\n<h2 class=\"wp-block-heading\">Galerie<\/h2>\n\n\n\n<figure class=\"wp-block-gallery has-nested-images columns-default is-cropped wp-block-gallery-8 is-layout-flex wp-block-gallery-is-layout-flex\">\n<figure class=\"wp-block-image size-large\"><img decoding=\"async\" loading=\"lazy\" width=\"960\" height=\"640\" data-id=\"9563\" src=\"https:\/\/www.eveha.fr\/wp-content\/uploads\/2025\/09\/18e67a4cd7c868ee67a4cd7c8f2f67v-960x640-1.jpg\" alt=\"\" class=\"wp-image-9563\" srcset=\"https:\/\/www.eveha.fr\/wp-content\/uploads\/2025\/09\/18e67a4cd7c868ee67a4cd7c8f2f67v-960x640-1.jpg 960w, https:\/\/www.eveha.fr\/wp-content\/uploads\/2025\/09\/18e67a4cd7c868ee67a4cd7c8f2f67v-960x640-1-300x200.jpg 300w, https:\/\/www.eveha.fr\/wp-content\/uploads\/2025\/09\/18e67a4cd7c868ee67a4cd7c8f2f67v-960x640-1-768x512.jpg 768w\" sizes=\"(max-width: 767px) 89vw, (max-width: 1000px) 54vw, (max-width: 1071px) 543px, 580px\" \/><\/figure>\n\n\n\n<figure class=\"wp-block-image size-large\"><img decoding=\"async\" loading=\"lazy\" width=\"1024\" height=\"575\" data-id=\"9109\" src=\"https:\/\/www.eveha.fr\/wp-content\/uploads\/2025\/08\/MjAyNTA4MjQ4ZTI2M2I5OTUwZDQ1OGQ2OWJiZTkyNzFhZjQzZmU-1024x575.jpg\" alt=\"\" class=\"wp-image-9109\" srcset=\"https:\/\/www.eveha.fr\/wp-content\/uploads\/2025\/08\/MjAyNTA4MjQ4ZTI2M2I5OTUwZDQ1OGQ2OWJiZTkyNzFhZjQzZmU-1024x575.jpg 1024w, https:\/\/www.eveha.fr\/wp-content\/uploads\/2025\/08\/MjAyNTA4MjQ4ZTI2M2I5OTUwZDQ1OGQ2OWJiZTkyNzFhZjQzZmU-300x169.jpg 300w, https:\/\/www.eveha.fr\/wp-content\/uploads\/2025\/08\/MjAyNTA4MjQ4ZTI2M2I5OTUwZDQ1OGQ2OWJiZTkyNzFhZjQzZmU-768x431.jpg 768w, https:\/\/www.eveha.fr\/wp-content\/uploads\/2025\/08\/MjAyNTA4MjQ4ZTI2M2I5OTUwZDQ1OGQ2OWJiZTkyNzFhZjQzZmU.jpg 1200w\" sizes=\"(max-width: 767px) 89vw, (max-width: 1000px) 54vw, (max-width: 1071px) 543px, 580px\" \/><\/figure>\n\n\n\n<figure class=\"wp-block-image size-large\"><img decoding=\"async\" loading=\"lazy\" width=\"1024\" height=\"852\" data-id=\"9096\" src=\"https:\/\/www.eveha.fr\/wp-content\/uploads\/2025\/08\/fouilles-archeologiques-ete-2025-abbaye-de-noirlac-1024x852.webp\" alt=\"\" class=\"wp-image-9096\" srcset=\"https:\/\/www.eveha.fr\/wp-content\/uploads\/2025\/08\/fouilles-archeologiques-ete-2025-abbaye-de-noirlac-1024x852.webp 1024w, https:\/\/www.eveha.fr\/wp-content\/uploads\/2025\/08\/fouilles-archeologiques-ete-2025-abbaye-de-noirlac-300x250.webp 300w, https:\/\/www.eveha.fr\/wp-content\/uploads\/2025\/08\/fouilles-archeologiques-ete-2025-abbaye-de-noirlac-768x639.webp 768w, https:\/\/www.eveha.fr\/wp-content\/uploads\/2025\/08\/fouilles-archeologiques-ete-2025-abbaye-de-noirlac-1536x1278.webp 1536w, https:\/\/www.eveha.fr\/wp-content\/uploads\/2025\/08\/fouilles-archeologiques-ete-2025-abbaye-de-noirlac.webp 1600w\" sizes=\"(max-width: 767px) 89vw, (max-width: 1000px) 54vw, (max-width: 1071px) 543px, 580px\" \/><\/figure>\n\n\n\n<figure class=\"wp-block-image size-large\"><img decoding=\"async\" loading=\"lazy\" width=\"1024\" height=\"768\" data-id=\"8702\" src=\"https:\/\/www.eveha.fr\/wp-content\/uploads\/2025\/06\/Fig.-6-\u2013-Ba\u0302timent-tardo-me\u0301die\u0301val-moderne-en-cours-de-fouille-\u00a9-P.-Lagarrigue-E\u0301veha-2025.-Paul-LAGARRIGUE-1024x768.jpg\" alt=\"\" class=\"wp-image-8702\" srcset=\"https:\/\/www.eveha.fr\/wp-content\/uploads\/2025\/06\/Fig.-6-\u2013-Ba\u0302timent-tardo-me\u0301die\u0301val-moderne-en-cours-de-fouille-\u00a9-P.-Lagarrigue-E\u0301veha-2025.-Paul-LAGARRIGUE-1024x768.jpg 1024w, https:\/\/www.eveha.fr\/wp-content\/uploads\/2025\/06\/Fig.-6-\u2013-Ba\u0302timent-tardo-me\u0301die\u0301val-moderne-en-cours-de-fouille-\u00a9-P.-Lagarrigue-E\u0301veha-2025.-Paul-LAGARRIGUE-300x225.jpg 300w, https:\/\/www.eveha.fr\/wp-content\/uploads\/2025\/06\/Fig.-6-\u2013-Ba\u0302timent-tardo-me\u0301die\u0301val-moderne-en-cours-de-fouille-\u00a9-P.-Lagarrigue-E\u0301veha-2025.-Paul-LAGARRIGUE-768x576.jpg 768w, https:\/\/www.eveha.fr\/wp-content\/uploads\/2025\/06\/Fig.-6-\u2013-Ba\u0302timent-tardo-me\u0301die\u0301val-moderne-en-cours-de-fouille-\u00a9-P.-Lagarrigue-E\u0301veha-2025.-Paul-LAGARRIGUE-1536x1152.jpg 1536w, https:\/\/www.eveha.fr\/wp-content\/uploads\/2025\/06\/Fig.-6-\u2013-Ba\u0302timent-tardo-me\u0301die\u0301val-moderne-en-cours-de-fouille-\u00a9-P.-Lagarrigue-E\u0301veha-2025.-Paul-LAGARRIGUE-2048x1536.jpg 2048w\" sizes=\"(max-width: 767px) 89vw, (max-width: 1000px) 54vw, (max-width: 1071px) 543px, 580px\" \/><\/figure>\n\n\n\n<figure class=\"wp-block-image size-large\"><img decoding=\"async\" loading=\"lazy\" width=\"768\" height=\"1024\" data-id=\"9888\" src=\"https:\/\/www.eveha.fr\/wp-content\/uploads\/2025\/10\/photo-bonogilo-768x1024.jpg\" alt=\"\" class=\"wp-image-9888\" srcset=\"https:\/\/www.eveha.fr\/wp-content\/uploads\/2025\/10\/photo-bonogilo-768x1024.jpg 768w, https:\/\/www.eveha.fr\/wp-content\/uploads\/2025\/10\/photo-bonogilo-225x300.jpg 225w, https:\/\/www.eveha.fr\/wp-content\/uploads\/2025\/10\/photo-bonogilo-1152x1536.jpg 1152w, https:\/\/www.eveha.fr\/wp-content\/uploads\/2025\/10\/photo-bonogilo-1536x2048.jpg 1536w, https:\/\/www.eveha.fr\/wp-content\/uploads\/2025\/10\/photo-bonogilo-scaled.jpg 1920w\" sizes=\"(max-width: 767px) 89vw, (max-width: 1000px) 54vw, (max-width: 1071px) 543px, 580px\" \/><\/figure>\n\n\n\n<figure class=\"wp-block-image size-large\"><img decoding=\"async\" loading=\"lazy\" width=\"1024\" height=\"683\" data-id=\"9889\" src=\"https:\/\/www.eveha.fr\/wp-content\/uploads\/2025\/10\/DSC_0103-1024x683.jpg\" alt=\"\" class=\"wp-image-9889\" srcset=\"https:\/\/www.eveha.fr\/wp-content\/uploads\/2025\/10\/DSC_0103-1024x683.jpg 1024w, https:\/\/www.eveha.fr\/wp-content\/uploads\/2025\/10\/DSC_0103-300x200.jpg 300w, https:\/\/www.eveha.fr\/wp-content\/uploads\/2025\/10\/DSC_0103-768x512.jpg 768w, https:\/\/www.eveha.fr\/wp-content\/uploads\/2025\/10\/DSC_0103-1536x1024.jpg 1536w, https:\/\/www.eveha.fr\/wp-content\/uploads\/2025\/10\/DSC_0103-2048x1365.jpg 2048w\" sizes=\"(max-width: 767px) 89vw, (max-width: 1000px) 54vw, (max-width: 1071px) 543px, 580px\" \/><\/figure>\n<\/figure>\n","protected":false},"excerpt":{"rendered":"<p>D\u00e9finition \u00c9veha accompagne des op\u00e9rations d\u2019arch\u00e9ologie programm\u00e9e afin de d\u00e9velopper les recherches suivant des probl\u00e9matiques sp\u00e9cifiques. Exemple de r\u00e9f\u00e9rences Abbaye de Noirlac (18)Ce chantier a pour objectif de mettre au jour un atelier de production du fer aper\u00e7u lors de fouilles plus anciennes, d&rsquo;en comprendre ses structures et son organisation et de le dater pr\u00e9cis\u00e9ment.Direction &hellip; <\/p>\n<p class=\"link-more\"><a href=\"https:\/\/www.eveha.fr\/index.php\/prestations-fouilles-programmees\/\" class=\"more-link\">Continuer la lecture<span class=\"screen-reader-text\"> de &laquo;&nbsp;Prestations &#8211; Fouilles programm\u00e9es&nbsp;&raquo;<\/span><\/a><\/p>\n","protected":false},"author":23,"featured_media":0,"parent":0,"menu_order":0,"comment_status":"closed","ping_status":"closed","template":"","meta":{"inline_featured_image":false,"footnotes":""},"_links":{"self":[{"href":"https:\/\/www.eveha.fr\/index.php\/wp-json\/wp\/v2\/pages\/9653"}],"collection":[{"href":"https:\/\/www.eveha.fr\/index.php\/wp-json\/wp\/v2\/pages"}],"about":[{"href":"https:\/\/www.eveha.fr\/index.php\/wp-json\/wp\/v2\/types\/page"}],"author":[{"embeddable":true,"href":"https:\/\/www.eveha.fr\/index.php\/wp-json\/wp\/v2\/users\/23"}],"replies":[{"embeddable":true,"href":"https:\/\/www.eveha.fr\/index.php\/wp-json\/wp\/v2\/comments?post=9653"}],"version-history":[{"count":8,"href":"https:\/\/www.eveha.fr\/index.php\/wp-json\/wp\/v2\/pages\/9653\/revisions"}],"predecessor-version":[{"id":10828,"href":"https:\/\/www.eveha.fr\/index.php\/wp-json\/wp\/v2\/pages\/9653\/revisions\/10828"}],"wp:attachment":[{"href":"https:\/\/www.eveha.fr\/index.php\/wp-json\/wp\/v2\/media?parent=9653"}],"curies":[{"name":"wp","href":"https:\/\/api.w.org\/{rel}","templated":true}]}}