{"id":9656,"date":"2025-10-03T15:22:31","date_gmt":"2025-10-03T13:22:31","guid":{"rendered":"https:\/\/www.eveha.fr\/?page_id=9656"},"modified":"2025-10-09T17:09:50","modified_gmt":"2025-10-09T15:09:50","slug":"prestations-projets-de-valorisation","status":"publish","type":"page","link":"https:\/\/www.eveha.fr\/index.php\/prestations-projets-de-valorisation\/","title":{"rendered":"Prestations &#8211; Projets de valorisation"},"content":{"rendered":"\n<div class=\"wp-block-columns is-layout-flex wp-container-3 wp-block-columns-is-layout-flex\">\n<div class=\"wp-block-column is-vertically-aligned-center is-layout-flow wp-block-column-is-layout-flow\">\n<h2 class=\"wp-block-heading\">D\u00e9finition<\/h2>\n\n\n\n<p>\u00c9veha d\u00e9veloppe des projets de valorisation du patrimoine historique ou arch\u00e9ologique.<br>Elle r\u00e9alise des ateliers p\u00e9dagogiques, du mat\u00e9riel de m\u00e9diation, des publications de vulgarisation, des expositions, ainsi que des projets mus\u00e9ographiques etsc\u00e9nographiques.<\/p>\n<\/div>\n\n\n\n<div class=\"wp-block-column is-layout-flow wp-block-column-is-layout-flow\"><div class=\"wp-block-image is-style-rounded\">\n<figure class=\"aligncenter size-large\"><img decoding=\"async\" loading=\"lazy\" width=\"768\" height=\"1024\" src=\"http:\/\/www.eveha.fr\/wp-content\/uploads\/2025\/08\/2023-bugeat-mediation-caisses-spe1-768x1024.jpg\" alt=\"\" class=\"wp-image-9266\" style=\"aspect-ratio:1;object-fit:cover\" srcset=\"https:\/\/www.eveha.fr\/wp-content\/uploads\/2025\/08\/2023-bugeat-mediation-caisses-spe1-768x1024.jpg 768w, https:\/\/www.eveha.fr\/wp-content\/uploads\/2025\/08\/2023-bugeat-mediation-caisses-spe1-225x300.jpg 225w, https:\/\/www.eveha.fr\/wp-content\/uploads\/2025\/08\/2023-bugeat-mediation-caisses-spe1-1152x1536.jpg 1152w, https:\/\/www.eveha.fr\/wp-content\/uploads\/2025\/08\/2023-bugeat-mediation-caisses-spe1-1536x2048.jpg 1536w, https:\/\/www.eveha.fr\/wp-content\/uploads\/2025\/08\/2023-bugeat-mediation-caisses-spe1-scaled.jpg 1920w\" sizes=\"(max-width: 767px) 89vw, (max-width: 1000px) 54vw, (max-width: 1071px) 543px, 580px\" \/><\/figure><\/div><\/div>\n<\/div>\n\n\n\n<h2 class=\"wp-block-heading\">Exemple de r\u00e9f\u00e9rences<\/h2>\n\n\n\n<div class=\"wp-block-columns is-layout-flex wp-container-7 wp-block-columns-is-layout-flex\">\n<div class=\"wp-block-column is-layout-flow wp-block-column-is-layout-flow\">\n<p class=\"has-text-align-center\"><strong><em>Coll\u00e8ge Moli\u00e8re <\/em><\/strong><br><strong>&#8211;<br><em>Beaumont (63)<\/em><\/strong><br><em>Animation p\u00e9dagogique en EAC<\/em><\/p>\n<\/div>\n\n\n\n<div class=\"wp-block-column is-layout-flow wp-block-column-is-layout-flow\">\n<p class=\"has-text-align-center\"><em><strong>Tours Mirandes<br>&#8211;<br>Mirandes (86) <\/strong> Accompagnement sur la mus\u00e9ographie et la mise en perspective 3D du site arch\u00e9ologique<\/em><\/p>\n<\/div>\n\n\n\n<div class=\"wp-block-column is-layout-flow wp-block-column-is-layout-flow\">\n<p class=\"has-text-align-center\"><strong><em>Service d&rsquo;Arch\u00e9ologie Pr\u00e9ventive du D\u00e9partement de l&rsquo;Allier (SAPDA)<\/em><\/strong><br><strong>&#8211;<\/strong> <br><strong><em> Moulins (03) <\/em><\/strong><br><em>Cr\u00e9ation de supports de m\u00e9diation arch\u00e9ologique (simulateurs de fouille, module anthropologique)<\/em><\/p>\n<\/div>\n<\/div>\n\n\n\n<div class=\"wp-block-buttons is-content-justification-center is-layout-flex wp-container-8 wp-block-buttons-is-layout-flex\">\n<div class=\"wp-block-button is-style-outline\"><a class=\"wp-block-button__link wp-element-button\" href=\"https:\/\/mediation.eveha.fr\/\" target=\"_blank\" rel=\"noreferrer noopener\">D\u00e9couvrez le site internet d\u00e9di\u00e9<\/a><\/div>\n<\/div>\n\n\n\n<h2 class=\"wp-block-heading\">Galerie<\/h2>\n\n\n\n<figure class=\"wp-block-gallery has-nested-images columns-default is-cropped wp-block-gallery-9 is-layout-flex wp-block-gallery-is-layout-flex\">\n<figure class=\"wp-block-image size-large\"><img decoding=\"async\" loading=\"lazy\" width=\"1024\" height=\"768\" data-id=\"9897\" src=\"https:\/\/www.eveha.fr\/wp-content\/uploads\/2025\/10\/2025_JPO_Nort-sur-ErdreP6113025-1024x768.jpg\" alt=\"\" class=\"wp-image-9897\" srcset=\"https:\/\/www.eveha.fr\/wp-content\/uploads\/2025\/10\/2025_JPO_Nort-sur-ErdreP6113025-1024x768.jpg 1024w, https:\/\/www.eveha.fr\/wp-content\/uploads\/2025\/10\/2025_JPO_Nort-sur-ErdreP6113025-300x225.jpg 300w, https:\/\/www.eveha.fr\/wp-content\/uploads\/2025\/10\/2025_JPO_Nort-sur-ErdreP6113025-768x576.jpg 768w, https:\/\/www.eveha.fr\/wp-content\/uploads\/2025\/10\/2025_JPO_Nort-sur-ErdreP6113025-1536x1152.jpg 1536w, https:\/\/www.eveha.fr\/wp-content\/uploads\/2025\/10\/2025_JPO_Nort-sur-ErdreP6113025-2048x1536.jpg 2048w\" sizes=\"(max-width: 767px) 89vw, (max-width: 1000px) 54vw, (max-width: 1071px) 543px, 580px\" \/><\/figure>\n\n\n\n<figure class=\"wp-block-image size-large\"><img decoding=\"async\" loading=\"lazy\" width=\"768\" height=\"1024\" data-id=\"9898\" src=\"https:\/\/www.eveha.fr\/wp-content\/uploads\/2025\/10\/2025_JPO_Nort-sur-ErdreP6113105-768x1024.jpg\" alt=\"\" class=\"wp-image-9898\" srcset=\"https:\/\/www.eveha.fr\/wp-content\/uploads\/2025\/10\/2025_JPO_Nort-sur-ErdreP6113105-768x1024.jpg 768w, https:\/\/www.eveha.fr\/wp-content\/uploads\/2025\/10\/2025_JPO_Nort-sur-ErdreP6113105-225x300.jpg 225w, https:\/\/www.eveha.fr\/wp-content\/uploads\/2025\/10\/2025_JPO_Nort-sur-ErdreP6113105-1152x1536.jpg 1152w, https:\/\/www.eveha.fr\/wp-content\/uploads\/2025\/10\/2025_JPO_Nort-sur-ErdreP6113105-1536x2048.jpg 1536w, https:\/\/www.eveha.fr\/wp-content\/uploads\/2025\/10\/2025_JPO_Nort-sur-ErdreP6113105-scaled.jpg 1920w\" sizes=\"(max-width: 767px) 89vw, (max-width: 1000px) 54vw, (max-width: 1071px) 543px, 580px\" \/><\/figure>\n\n\n\n<figure class=\"wp-block-image size-large\"><img decoding=\"async\" loading=\"lazy\" width=\"1024\" height=\"683\" data-id=\"9899\" src=\"https:\/\/www.eveha.fr\/wp-content\/uploads\/2025\/10\/2025-SAINTE-ANNE-med-scolaires-1024x683.jpg\" alt=\"\" class=\"wp-image-9899\" srcset=\"https:\/\/www.eveha.fr\/wp-content\/uploads\/2025\/10\/2025-SAINTE-ANNE-med-scolaires-1024x683.jpg 1024w, https:\/\/www.eveha.fr\/wp-content\/uploads\/2025\/10\/2025-SAINTE-ANNE-med-scolaires-300x200.jpg 300w, https:\/\/www.eveha.fr\/wp-content\/uploads\/2025\/10\/2025-SAINTE-ANNE-med-scolaires-768x512.jpg 768w, https:\/\/www.eveha.fr\/wp-content\/uploads\/2025\/10\/2025-SAINTE-ANNE-med-scolaires-1536x1024.jpg 1536w, https:\/\/www.eveha.fr\/wp-content\/uploads\/2025\/10\/2025-SAINTE-ANNE-med-scolaires-2048x1366.jpg 2048w\" sizes=\"(max-width: 767px) 89vw, (max-width: 1000px) 54vw, (max-width: 1071px) 543px, 580px\" \/><\/figure>\n\n\n\n<figure class=\"wp-block-image size-large\"><img decoding=\"async\" loading=\"lazy\" width=\"1024\" height=\"768\" data-id=\"9900\" src=\"https:\/\/www.eveha.fr\/wp-content\/uploads\/2025\/10\/2023_Sorigny8-1024x768.jpg\" alt=\"\" class=\"wp-image-9900\" srcset=\"https:\/\/www.eveha.fr\/wp-content\/uploads\/2025\/10\/2023_Sorigny8-1024x768.jpg 1024w, https:\/\/www.eveha.fr\/wp-content\/uploads\/2025\/10\/2023_Sorigny8-300x225.jpg 300w, https:\/\/www.eveha.fr\/wp-content\/uploads\/2025\/10\/2023_Sorigny8-768x576.jpg 768w, https:\/\/www.eveha.fr\/wp-content\/uploads\/2025\/10\/2023_Sorigny8-1536x1152.jpg 1536w, https:\/\/www.eveha.fr\/wp-content\/uploads\/2025\/10\/2023_Sorigny8-2048x1536.jpg 2048w\" sizes=\"(max-width: 767px) 89vw, (max-width: 1000px) 54vw, (max-width: 1071px) 543px, 580px\" \/><\/figure>\n\n\n\n<figure class=\"wp-block-image size-large\"><img decoding=\"async\" loading=\"lazy\" width=\"1024\" height=\"768\" data-id=\"9902\" src=\"https:\/\/www.eveha.fr\/wp-content\/uploads\/2025\/10\/2025-corse-jea-4854.jpg--1024x768.jpg\" alt=\"\" class=\"wp-image-9902\" srcset=\"https:\/\/www.eveha.fr\/wp-content\/uploads\/2025\/10\/2025-corse-jea-4854.jpg--1024x768.jpg 1024w, https:\/\/www.eveha.fr\/wp-content\/uploads\/2025\/10\/2025-corse-jea-4854.jpg--300x225.jpg 300w, https:\/\/www.eveha.fr\/wp-content\/uploads\/2025\/10\/2025-corse-jea-4854.jpg--768x576.jpg 768w, https:\/\/www.eveha.fr\/wp-content\/uploads\/2025\/10\/2025-corse-jea-4854.jpg--1536x1152.jpg 1536w, https:\/\/www.eveha.fr\/wp-content\/uploads\/2025\/10\/2025-corse-jea-4854.jpg--2048x1536.jpg 2048w\" sizes=\"(max-width: 767px) 89vw, (max-width: 1000px) 54vw, (max-width: 1071px) 543px, 580px\" \/><\/figure>\n\n\n\n<figure class=\"wp-block-image size-large\"><img decoding=\"async\" loading=\"lazy\" width=\"1024\" height=\"768\" data-id=\"9903\" src=\"https:\/\/www.eveha.fr\/wp-content\/uploads\/2025\/10\/2023-ARGENTOMAGUS-5-1024x768.jpg\" alt=\"\" class=\"wp-image-9903\" srcset=\"https:\/\/www.eveha.fr\/wp-content\/uploads\/2025\/10\/2023-ARGENTOMAGUS-5-1024x768.jpg 1024w, https:\/\/www.eveha.fr\/wp-content\/uploads\/2025\/10\/2023-ARGENTOMAGUS-5-300x225.jpg 300w, https:\/\/www.eveha.fr\/wp-content\/uploads\/2025\/10\/2023-ARGENTOMAGUS-5-768x576.jpg 768w, https:\/\/www.eveha.fr\/wp-content\/uploads\/2025\/10\/2023-ARGENTOMAGUS-5-1536x1152.jpg 1536w, https:\/\/www.eveha.fr\/wp-content\/uploads\/2025\/10\/2023-ARGENTOMAGUS-5-2048x1536.jpg 2048w\" sizes=\"(max-width: 767px) 89vw, (max-width: 1000px) 54vw, (max-width: 1071px) 543px, 580px\" \/><\/figure>\n\n\n\n<figure class=\"wp-block-image size-large\"><img decoding=\"async\" loading=\"lazy\" width=\"1024\" height=\"768\" data-id=\"9908\" src=\"https:\/\/www.eveha.fr\/wp-content\/uploads\/2025\/10\/2023-ARGENTOMAGUS-9-1024x768.jpg\" alt=\"\" class=\"wp-image-9908\" srcset=\"https:\/\/www.eveha.fr\/wp-content\/uploads\/2025\/10\/2023-ARGENTOMAGUS-9-1024x768.jpg 1024w, https:\/\/www.eveha.fr\/wp-content\/uploads\/2025\/10\/2023-ARGENTOMAGUS-9-300x225.jpg 300w, https:\/\/www.eveha.fr\/wp-content\/uploads\/2025\/10\/2023-ARGENTOMAGUS-9-768x576.jpg 768w, https:\/\/www.eveha.fr\/wp-content\/uploads\/2025\/10\/2023-ARGENTOMAGUS-9-1536x1152.jpg 1536w, https:\/\/www.eveha.fr\/wp-content\/uploads\/2025\/10\/2023-ARGENTOMAGUS-9-2048x1536.jpg 2048w\" sizes=\"(max-width: 767px) 89vw, (max-width: 1000px) 54vw, (max-width: 1071px) 543px, 580px\" \/><\/figure>\n\n\n\n<figure class=\"wp-block-image size-large\"><img decoding=\"async\" loading=\"lazy\" width=\"771\" height=\"1024\" data-id=\"9893\" src=\"https:\/\/www.eveha.fr\/wp-content\/uploads\/2025\/10\/2024-ulis_EAC_03-771x1024.jpg\" alt=\"\" class=\"wp-image-9893\" srcset=\"https:\/\/www.eveha.fr\/wp-content\/uploads\/2025\/10\/2024-ulis_EAC_03-771x1024.jpg 771w, https:\/\/www.eveha.fr\/wp-content\/uploads\/2025\/10\/2024-ulis_EAC_03-226x300.jpg 226w, https:\/\/www.eveha.fr\/wp-content\/uploads\/2025\/10\/2024-ulis_EAC_03-768x1020.jpg 768w, https:\/\/www.eveha.fr\/wp-content\/uploads\/2025\/10\/2024-ulis_EAC_03-1157x1536.jpg 1157w, https:\/\/www.eveha.fr\/wp-content\/uploads\/2025\/10\/2024-ulis_EAC_03-1542x2048.jpg 1542w, https:\/\/www.eveha.fr\/wp-content\/uploads\/2025\/10\/2024-ulis_EAC_03-scaled.jpg 1928w\" sizes=\"(max-width: 767px) 89vw, (max-width: 1000px) 54vw, (max-width: 1071px) 543px, 580px\" \/><\/figure>\n\n\n\n<figure class=\"wp-block-image size-large\"><img decoding=\"async\" loading=\"lazy\" width=\"771\" height=\"1024\" data-id=\"9894\" src=\"https:\/\/www.eveha.fr\/wp-content\/uploads\/2025\/10\/2024-ulis_EAC_05-771x1024.jpg\" alt=\"\" class=\"wp-image-9894\" srcset=\"https:\/\/www.eveha.fr\/wp-content\/uploads\/2025\/10\/2024-ulis_EAC_05-771x1024.jpg 771w, https:\/\/www.eveha.fr\/wp-content\/uploads\/2025\/10\/2024-ulis_EAC_05-226x300.jpg 226w, https:\/\/www.eveha.fr\/wp-content\/uploads\/2025\/10\/2024-ulis_EAC_05-768x1020.jpg 768w, https:\/\/www.eveha.fr\/wp-content\/uploads\/2025\/10\/2024-ulis_EAC_05-1157x1536.jpg 1157w, https:\/\/www.eveha.fr\/wp-content\/uploads\/2025\/10\/2024-ulis_EAC_05-1542x2048.jpg 1542w, https:\/\/www.eveha.fr\/wp-content\/uploads\/2025\/10\/2024-ulis_EAC_05-scaled.jpg 1928w\" sizes=\"(max-width: 767px) 89vw, (max-width: 1000px) 54vw, (max-width: 1071px) 543px, 580px\" \/><\/figure>\n\n\n\n<figure class=\"wp-block-image size-large\"><img decoding=\"async\" loading=\"lazy\" width=\"1024\" height=\"768\" data-id=\"9901\" src=\"https:\/\/www.eveha.fr\/wp-content\/uploads\/2025\/10\/2024_JEP-LIMOGES-16-1024x768.jpg\" alt=\"\" class=\"wp-image-9901\" srcset=\"https:\/\/www.eveha.fr\/wp-content\/uploads\/2025\/10\/2024_JEP-LIMOGES-16-1024x768.jpg 1024w, https:\/\/www.eveha.fr\/wp-content\/uploads\/2025\/10\/2024_JEP-LIMOGES-16-300x225.jpg 300w, https:\/\/www.eveha.fr\/wp-content\/uploads\/2025\/10\/2024_JEP-LIMOGES-16-768x576.jpg 768w, https:\/\/www.eveha.fr\/wp-content\/uploads\/2025\/10\/2024_JEP-LIMOGES-16.jpg 1200w\" sizes=\"(max-width: 767px) 89vw, (max-width: 1000px) 54vw, (max-width: 1071px) 543px, 580px\" \/><\/figure>\n\n\n\n<figure class=\"wp-block-image size-large\"><img decoding=\"async\" loading=\"lazy\" width=\"1024\" height=\"683\" data-id=\"9909\" src=\"https:\/\/www.eveha.fr\/wp-content\/uploads\/2025\/10\/2024_JEP-LIMOGES-6-1024x683.jpg\" alt=\"\" class=\"wp-image-9909\" srcset=\"https:\/\/www.eveha.fr\/wp-content\/uploads\/2025\/10\/2024_JEP-LIMOGES-6-1024x683.jpg 1024w, https:\/\/www.eveha.fr\/wp-content\/uploads\/2025\/10\/2024_JEP-LIMOGES-6-300x200.jpg 300w, https:\/\/www.eveha.fr\/wp-content\/uploads\/2025\/10\/2024_JEP-LIMOGES-6-768x512.jpg 768w, https:\/\/www.eveha.fr\/wp-content\/uploads\/2025\/10\/2024_JEP-LIMOGES-6-1536x1024.jpg 1536w, https:\/\/www.eveha.fr\/wp-content\/uploads\/2025\/10\/2024_JEP-LIMOGES-6-2048x1365.jpg 2048w\" sizes=\"(max-width: 767px) 89vw, (max-width: 1000px) 54vw, (max-width: 1071px) 543px, 580px\" \/><\/figure>\n\n\n\n<figure class=\"wp-block-image size-large\"><img decoding=\"async\" loading=\"lazy\" width=\"1024\" height=\"768\" data-id=\"9904\" src=\"https:\/\/www.eveha.fr\/wp-content\/uploads\/2025\/10\/2024_JEP-LIMOGES-11-1024x768.jpg\" alt=\"\" class=\"wp-image-9904\" srcset=\"https:\/\/www.eveha.fr\/wp-content\/uploads\/2025\/10\/2024_JEP-LIMOGES-11-1024x768.jpg 1024w, https:\/\/www.eveha.fr\/wp-content\/uploads\/2025\/10\/2024_JEP-LIMOGES-11-300x225.jpg 300w, https:\/\/www.eveha.fr\/wp-content\/uploads\/2025\/10\/2024_JEP-LIMOGES-11-768x576.jpg 768w, https:\/\/www.eveha.fr\/wp-content\/uploads\/2025\/10\/2024_JEP-LIMOGES-11-1536x1152.jpg 1536w, https:\/\/www.eveha.fr\/wp-content\/uploads\/2025\/10\/2024_JEP-LIMOGES-11-2048x1536.jpg 2048w\" sizes=\"(max-width: 767px) 89vw, (max-width: 1000px) 54vw, (max-width: 1071px) 543px, 580px\" \/><\/figure>\n\n\n\n<figure class=\"wp-block-image size-large\"><img decoding=\"async\" loading=\"lazy\" width=\"1024\" height=\"461\" data-id=\"9896\" src=\"https:\/\/www.eveha.fr\/wp-content\/uploads\/2025\/10\/2024-La-te\u0302te-de-lemploi-toulouse-univ-jean-jaures2.jpg-1024x461.jpg\" alt=\"\" class=\"wp-image-9896\" srcset=\"https:\/\/www.eveha.fr\/wp-content\/uploads\/2025\/10\/2024-La-te\u0302te-de-lemploi-toulouse-univ-jean-jaures2.jpg-1024x461.jpg 1024w, https:\/\/www.eveha.fr\/wp-content\/uploads\/2025\/10\/2024-La-te\u0302te-de-lemploi-toulouse-univ-jean-jaures2.jpg-300x135.jpg 300w, https:\/\/www.eveha.fr\/wp-content\/uploads\/2025\/10\/2024-La-te\u0302te-de-lemploi-toulouse-univ-jean-jaures2.jpg-768x346.jpg 768w, https:\/\/www.eveha.fr\/wp-content\/uploads\/2025\/10\/2024-La-te\u0302te-de-lemploi-toulouse-univ-jean-jaures2.jpg.jpg 1280w\" sizes=\"(max-width: 767px) 89vw, (max-width: 1000px) 54vw, (max-width: 1071px) 543px, 580px\" \/><\/figure>\n\n\n\n<figure class=\"wp-block-image size-large\"><img decoding=\"async\" loading=\"lazy\" width=\"1024\" height=\"683\" data-id=\"9905\" src=\"https:\/\/www.eveha.fr\/wp-content\/uploads\/2025\/10\/IMG_7310-1024x683.jpg\" alt=\"\" class=\"wp-image-9905\" srcset=\"https:\/\/www.eveha.fr\/wp-content\/uploads\/2025\/10\/IMG_7310-1024x683.jpg 1024w, https:\/\/www.eveha.fr\/wp-content\/uploads\/2025\/10\/IMG_7310-300x200.jpg 300w, https:\/\/www.eveha.fr\/wp-content\/uploads\/2025\/10\/IMG_7310-768x512.jpg 768w, https:\/\/www.eveha.fr\/wp-content\/uploads\/2025\/10\/IMG_7310-1536x1024.jpg 1536w, https:\/\/www.eveha.fr\/wp-content\/uploads\/2025\/10\/IMG_7310-2048x1365.jpg 2048w\" sizes=\"(max-width: 767px) 89vw, (max-width: 1000px) 54vw, (max-width: 1071px) 543px, 580px\" \/><\/figure>\n\n\n\n<figure class=\"wp-block-image size-large\"><img decoding=\"async\" loading=\"lazy\" width=\"1024\" height=\"671\" data-id=\"9906\" src=\"https:\/\/www.eveha.fr\/wp-content\/uploads\/2025\/10\/IMG_7374-1024x671.jpg\" alt=\"\" class=\"wp-image-9906\" srcset=\"https:\/\/www.eveha.fr\/wp-content\/uploads\/2025\/10\/IMG_7374-1024x671.jpg 1024w, https:\/\/www.eveha.fr\/wp-content\/uploads\/2025\/10\/IMG_7374-300x197.jpg 300w, https:\/\/www.eveha.fr\/wp-content\/uploads\/2025\/10\/IMG_7374-768x503.jpg 768w, https:\/\/www.eveha.fr\/wp-content\/uploads\/2025\/10\/IMG_7374-1536x1007.jpg 1536w, https:\/\/www.eveha.fr\/wp-content\/uploads\/2025\/10\/IMG_7374-2048x1342.jpg 2048w\" sizes=\"(max-width: 767px) 89vw, (max-width: 1000px) 54vw, (max-width: 1071px) 543px, 580px\" \/><\/figure>\n\n\n\n<figure class=\"wp-block-image size-large\"><img decoding=\"async\" loading=\"lazy\" width=\"1024\" height=\"683\" data-id=\"9907\" src=\"https:\/\/www.eveha.fr\/wp-content\/uploads\/2025\/10\/IMG_7398-1024x683.jpg\" alt=\"\" class=\"wp-image-9907\" srcset=\"https:\/\/www.eveha.fr\/wp-content\/uploads\/2025\/10\/IMG_7398-1024x683.jpg 1024w, https:\/\/www.eveha.fr\/wp-content\/uploads\/2025\/10\/IMG_7398-300x200.jpg 300w, https:\/\/www.eveha.fr\/wp-content\/uploads\/2025\/10\/IMG_7398-768x512.jpg 768w, https:\/\/www.eveha.fr\/wp-content\/uploads\/2025\/10\/IMG_7398-1536x1024.jpg 1536w, https:\/\/www.eveha.fr\/wp-content\/uploads\/2025\/10\/IMG_7398-2048x1365.jpg 2048w\" sizes=\"(max-width: 767px) 89vw, (max-width: 1000px) 54vw, (max-width: 1071px) 543px, 580px\" \/><\/figure>\n\n\n\n<figure class=\"wp-block-image size-large\"><img decoding=\"async\" loading=\"lazy\" width=\"1024\" height=\"1024\" data-id=\"9840\" src=\"https:\/\/www.eveha.fr\/wp-content\/uploads\/2025\/10\/2025-01-13-mockup-plaquetteA3-macouria-1024x1024.jpg\" alt=\"\" class=\"wp-image-9840\" srcset=\"https:\/\/www.eveha.fr\/wp-content\/uploads\/2025\/10\/2025-01-13-mockup-plaquetteA3-macouria-1024x1024.jpg 1024w, https:\/\/www.eveha.fr\/wp-content\/uploads\/2025\/10\/2025-01-13-mockup-plaquetteA3-macouria-300x300.jpg 300w, https:\/\/www.eveha.fr\/wp-content\/uploads\/2025\/10\/2025-01-13-mockup-plaquetteA3-macouria-150x150.jpg 150w, https:\/\/www.eveha.fr\/wp-content\/uploads\/2025\/10\/2025-01-13-mockup-plaquetteA3-macouria-768x768.jpg 768w, https:\/\/www.eveha.fr\/wp-content\/uploads\/2025\/10\/2025-01-13-mockup-plaquetteA3-macouria-100x100.jpg 100w, https:\/\/www.eveha.fr\/wp-content\/uploads\/2025\/10\/2025-01-13-mockup-plaquetteA3-macouria.jpg 1200w\" sizes=\"(max-width: 767px) 89vw, (max-width: 1000px) 54vw, (max-width: 1071px) 543px, 580px\" \/><\/figure>\n\n\n\n<figure class=\"wp-block-image size-large\"><img decoding=\"async\" loading=\"lazy\" width=\"1024\" height=\"768\" data-id=\"9839\" src=\"https:\/\/www.eveha.fr\/wp-content\/uploads\/2025\/10\/2025-07-11-kakemonos-metiers-clermont-1024x768.jpg\" alt=\"\" class=\"wp-image-9839\" srcset=\"https:\/\/www.eveha.fr\/wp-content\/uploads\/2025\/10\/2025-07-11-kakemonos-metiers-clermont-1024x768.jpg 1024w, https:\/\/www.eveha.fr\/wp-content\/uploads\/2025\/10\/2025-07-11-kakemonos-metiers-clermont-300x225.jpg 300w, https:\/\/www.eveha.fr\/wp-content\/uploads\/2025\/10\/2025-07-11-kakemonos-metiers-clermont-768x576.jpg 768w, https:\/\/www.eveha.fr\/wp-content\/uploads\/2025\/10\/2025-07-11-kakemonos-metiers-clermont-1536x1152.jpg 1536w, https:\/\/www.eveha.fr\/wp-content\/uploads\/2025\/10\/2025-07-11-kakemonos-metiers-clermont-2048x1536.jpg 2048w\" sizes=\"(max-width: 767px) 89vw, (max-width: 1000px) 54vw, (max-width: 1071px) 543px, 580px\" \/><\/figure>\n<\/figure>\n","protected":false},"excerpt":{"rendered":"<p>D\u00e9finition \u00c9veha d\u00e9veloppe des projets de valorisation du patrimoine historique ou arch\u00e9ologique.Elle r\u00e9alise des ateliers p\u00e9dagogiques, du mat\u00e9riel de m\u00e9diation, des publications de vulgarisation, des expositions, ainsi que des projets mus\u00e9ographiques etsc\u00e9nographiques. Exemple de r\u00e9f\u00e9rences Coll\u00e8ge Moli\u00e8re &#8211;Beaumont (63)Animation p\u00e9dagogique en EAC Tours Mirandes&#8211;Mirandes (86) Accompagnement sur la mus\u00e9ographie et la mise en perspective 3D &hellip; <\/p>\n<p class=\"link-more\"><a href=\"https:\/\/www.eveha.fr\/index.php\/prestations-projets-de-valorisation\/\" class=\"more-link\">Continuer la lecture<span class=\"screen-reader-text\"> de &laquo;&nbsp;Prestations &#8211; Projets de valorisation&nbsp;&raquo;<\/span><\/a><\/p>\n","protected":false},"author":23,"featured_media":0,"parent":0,"menu_order":0,"comment_status":"closed","ping_status":"closed","template":"","meta":{"inline_featured_image":false,"footnotes":""},"_links":{"self":[{"href":"https:\/\/www.eveha.fr\/index.php\/wp-json\/wp\/v2\/pages\/9656"}],"collection":[{"href":"https:\/\/www.eveha.fr\/index.php\/wp-json\/wp\/v2\/pages"}],"about":[{"href":"https:\/\/www.eveha.fr\/index.php\/wp-json\/wp\/v2\/types\/page"}],"author":[{"embeddable":true,"href":"https:\/\/www.eveha.fr\/index.php\/wp-json\/wp\/v2\/users\/23"}],"replies":[{"embeddable":true,"href":"https:\/\/www.eveha.fr\/index.php\/wp-json\/wp\/v2\/comments?post=9656"}],"version-history":[{"count":15,"href":"https:\/\/www.eveha.fr\/index.php\/wp-json\/wp\/v2\/pages\/9656\/revisions"}],"predecessor-version":[{"id":9962,"href":"https:\/\/www.eveha.fr\/index.php\/wp-json\/wp\/v2\/pages\/9656\/revisions\/9962"}],"wp:attachment":[{"href":"https:\/\/www.eveha.fr\/index.php\/wp-json\/wp\/v2\/media?parent=9656"}],"curies":[{"name":"wp","href":"https:\/\/api.w.org\/{rel}","templated":true}]}}