{"id":9664,"date":"2025-10-03T13:13:36","date_gmt":"2025-10-03T11:13:36","guid":{"rendered":"https:\/\/www.eveha.fr\/?page_id=9664"},"modified":"2025-10-09T17:17:42","modified_gmt":"2025-10-09T15:17:42","slug":"prestations-fouilles-en-milieu-confine","status":"publish","type":"page","link":"https:\/\/www.eveha.fr\/index.php\/prestations-fouilles-en-milieu-confine\/","title":{"rendered":"Prestations &#8211; Fouilles en milieu confin\u00e9"},"content":{"rendered":"\n<div class=\"wp-block-columns is-layout-flex wp-container-3 wp-block-columns-is-layout-flex\">\n<div class=\"wp-block-column is-vertically-aligned-center is-layout-flow wp-block-column-is-layout-flow\">\n<h2 class=\"wp-block-heading\">D\u00e9finition<\/h2>\n\n\n\n<p>\u00c9veha dispose d\u2019un service sp\u00e9cialis\u00e9 dans les fouilles de puits ou fouilles de cavit\u00e9s souterraines qu\u2019elle d\u00e9ploie sur ses chantiers et met \u00e0 disposition d\u2019autres organismes dans le cadre de recherches pr\u00e9ventives ou programm\u00e9es.<\/p>\n<\/div>\n\n\n\n<div class=\"wp-block-column is-layout-flow wp-block-column-is-layout-flow\"><div class=\"wp-block-image is-style-rounded\">\n<figure class=\"aligncenter size-large\"><img decoding=\"async\" loading=\"lazy\" width=\"1024\" height=\"768\" src=\"http:\/\/www.eveha.fr\/wp-content\/uploads\/2025\/08\/limoges-republique-2015-1-1024x768.jpg\" alt=\"\" class=\"wp-image-9267\" style=\"aspect-ratio:1;object-fit:cover\" srcset=\"https:\/\/www.eveha.fr\/wp-content\/uploads\/2025\/08\/limoges-republique-2015-1-1024x768.jpg 1024w, https:\/\/www.eveha.fr\/wp-content\/uploads\/2025\/08\/limoges-republique-2015-1-300x225.jpg 300w, https:\/\/www.eveha.fr\/wp-content\/uploads\/2025\/08\/limoges-republique-2015-1-768x576.jpg 768w, https:\/\/www.eveha.fr\/wp-content\/uploads\/2025\/08\/limoges-republique-2015-1-1536x1152.jpg 1536w, https:\/\/www.eveha.fr\/wp-content\/uploads\/2025\/08\/limoges-republique-2015-1-2048x1536.jpg 2048w\" sizes=\"(max-width: 767px) 89vw, (max-width: 1000px) 54vw, (max-width: 1071px) 543px, 580px\" \/><\/figure><\/div><\/div>\n<\/div>\n\n\n\n<h2 class=\"wp-block-heading\">Exemple de r\u00e9f\u00e9rences<\/h2>\n\n\n\n<div class=\"wp-block-columns is-layout-flex wp-container-7 wp-block-columns-is-layout-flex\">\n<div class=\"wp-block-column is-layout-flow wp-block-column-is-layout-flow\">\n<p class=\"has-text-align-center\"><strong><em>CESCM &#8211; CNRS <\/em><\/strong><br><strong>&#8211;<br><em>Scorbe-Clairvaux (86) <\/em><\/strong><br><em>Fouille d&rsquo;un puit<\/em><\/p>\n<\/div>\n\n\n\n<div class=\"wp-block-column is-layout-flow wp-block-column-is-layout-flow\">\n<p class=\"has-text-align-center\"><em><strong>Site de l&rsquo;Oppidum<br>&#8211;<br>Amboise (37)<\/strong><br>Fouille de puits<\/em><\/p>\n<\/div>\n\n\n\n<div class=\"wp-block-column is-layout-flow wp-block-column-is-layout-flow\">\n<p class=\"has-text-align-center\"><strong><em>Direction de la Recherche et de la Formation<br>de Bibracte<br>&#8211;<br>Oppidum  de Bibracte (71)<\/em><\/strong><br><em>Fouille de puits<\/em><\/p>\n<\/div>\n<\/div>\n\n\n\n<h2 class=\"wp-block-heading\">Galerie<\/h2>\n\n\n\n<figure class=\"wp-block-gallery has-nested-images columns-default is-cropped wp-block-gallery-8 is-layout-flex wp-block-gallery-is-layout-flex\">\n<figure class=\"wp-block-image size-large\"><img decoding=\"async\" loading=\"lazy\" width=\"589\" height=\"1024\" data-id=\"9870\" src=\"https:\/\/www.eveha.fr\/wp-content\/uploads\/2025\/10\/LImoges_COurtine_05-589x1024.jpg\" alt=\"\" class=\"wp-image-9870\" srcset=\"https:\/\/www.eveha.fr\/wp-content\/uploads\/2025\/10\/LImoges_COurtine_05-589x1024.jpg 589w, https:\/\/www.eveha.fr\/wp-content\/uploads\/2025\/10\/LImoges_COurtine_05-173x300.jpg 173w, https:\/\/www.eveha.fr\/wp-content\/uploads\/2025\/10\/LImoges_COurtine_05-768x1334.jpg 768w, https:\/\/www.eveha.fr\/wp-content\/uploads\/2025\/10\/LImoges_COurtine_05-884x1536.jpg 884w, https:\/\/www.eveha.fr\/wp-content\/uploads\/2025\/10\/LImoges_COurtine_05-1179x2048.jpg 1179w, https:\/\/www.eveha.fr\/wp-content\/uploads\/2025\/10\/LImoges_COurtine_05-scaled.jpg 1473w\" sizes=\"(max-width: 589px) 100vw, 589px\" \/><\/figure>\n\n\n\n<figure class=\"wp-block-image size-large\"><img decoding=\"async\" loading=\"lazy\" width=\"1024\" height=\"768\" data-id=\"9871\" src=\"https:\/\/www.eveha.fr\/wp-content\/uploads\/2025\/10\/limoges-republique-2015-2-1024x768.jpg\" alt=\"\" class=\"wp-image-9871\" srcset=\"https:\/\/www.eveha.fr\/wp-content\/uploads\/2025\/10\/limoges-republique-2015-2-1024x768.jpg 1024w, https:\/\/www.eveha.fr\/wp-content\/uploads\/2025\/10\/limoges-republique-2015-2-300x225.jpg 300w, https:\/\/www.eveha.fr\/wp-content\/uploads\/2025\/10\/limoges-republique-2015-2-768x576.jpg 768w, https:\/\/www.eveha.fr\/wp-content\/uploads\/2025\/10\/limoges-republique-2015-2-1536x1152.jpg 1536w, https:\/\/www.eveha.fr\/wp-content\/uploads\/2025\/10\/limoges-republique-2015-2-2048x1536.jpg 2048w\" sizes=\"(max-width: 767px) 89vw, (max-width: 1000px) 54vw, (max-width: 1071px) 543px, 580px\" \/><\/figure>\n\n\n\n<figure class=\"wp-block-image size-large\"><img decoding=\"async\" loading=\"lazy\" width=\"1024\" height=\"768\" data-id=\"9872\" src=\"https:\/\/www.eveha.fr\/wp-content\/uploads\/2025\/10\/Fig.158-1024x768.jpg\" alt=\"\" class=\"wp-image-9872\" srcset=\"https:\/\/www.eveha.fr\/wp-content\/uploads\/2025\/10\/Fig.158-1024x768.jpg 1024w, https:\/\/www.eveha.fr\/wp-content\/uploads\/2025\/10\/Fig.158-300x225.jpg 300w, https:\/\/www.eveha.fr\/wp-content\/uploads\/2025\/10\/Fig.158-768x576.jpg 768w, https:\/\/www.eveha.fr\/wp-content\/uploads\/2025\/10\/Fig.158-1536x1152.jpg 1536w, https:\/\/www.eveha.fr\/wp-content\/uploads\/2025\/10\/Fig.158-2048x1536.jpg 2048w\" sizes=\"(max-width: 767px) 89vw, (max-width: 1000px) 54vw, (max-width: 1071px) 543px, 580px\" \/><\/figure>\n\n\n\n<figure class=\"wp-block-image size-large\"><img decoding=\"async\" loading=\"lazy\" width=\"1024\" height=\"768\" data-id=\"9873\" src=\"https:\/\/www.eveha.fr\/wp-content\/uploads\/2025\/10\/Fig.160-1024x768.jpg\" alt=\"\" class=\"wp-image-9873\" srcset=\"https:\/\/www.eveha.fr\/wp-content\/uploads\/2025\/10\/Fig.160-1024x768.jpg 1024w, https:\/\/www.eveha.fr\/wp-content\/uploads\/2025\/10\/Fig.160-300x225.jpg 300w, https:\/\/www.eveha.fr\/wp-content\/uploads\/2025\/10\/Fig.160-768x576.jpg 768w, https:\/\/www.eveha.fr\/wp-content\/uploads\/2025\/10\/Fig.160-1536x1152.jpg 1536w, https:\/\/www.eveha.fr\/wp-content\/uploads\/2025\/10\/Fig.160-2048x1536.jpg 2048w\" sizes=\"(max-width: 767px) 89vw, (max-width: 1000px) 54vw, (max-width: 1071px) 543px, 580px\" \/><\/figure>\n\n\n\n<figure class=\"wp-block-image size-large\"><img decoding=\"async\" loading=\"lazy\" width=\"1024\" height=\"768\" data-id=\"9874\" src=\"https:\/\/www.eveha.fr\/wp-content\/uploads\/2025\/10\/IMGP0281-1024x768.jpg\" alt=\"\" class=\"wp-image-9874\" srcset=\"https:\/\/www.eveha.fr\/wp-content\/uploads\/2025\/10\/IMGP0281-1024x768.jpg 1024w, https:\/\/www.eveha.fr\/wp-content\/uploads\/2025\/10\/IMGP0281-300x225.jpg 300w, https:\/\/www.eveha.fr\/wp-content\/uploads\/2025\/10\/IMGP0281-768x576.jpg 768w, https:\/\/www.eveha.fr\/wp-content\/uploads\/2025\/10\/IMGP0281-1536x1152.jpg 1536w, https:\/\/www.eveha.fr\/wp-content\/uploads\/2025\/10\/IMGP0281-2048x1536.jpg 2048w\" sizes=\"(max-width: 767px) 89vw, (max-width: 1000px) 54vw, (max-width: 1071px) 543px, 580px\" \/><\/figure>\n\n\n\n<figure class=\"wp-block-image size-large\"><img decoding=\"async\" loading=\"lazy\" width=\"1024\" height=\"768\" data-id=\"9875\" src=\"https:\/\/www.eveha.fr\/wp-content\/uploads\/2025\/10\/DSCN3822-1600-1024x768.jpg\" alt=\"\" class=\"wp-image-9875\" srcset=\"https:\/\/www.eveha.fr\/wp-content\/uploads\/2025\/10\/DSCN3822-1600-1024x768.jpg 1024w, https:\/\/www.eveha.fr\/wp-content\/uploads\/2025\/10\/DSCN3822-1600-300x225.jpg 300w, https:\/\/www.eveha.fr\/wp-content\/uploads\/2025\/10\/DSCN3822-1600-768x576.jpg 768w, https:\/\/www.eveha.fr\/wp-content\/uploads\/2025\/10\/DSCN3822-1600-1536x1152.jpg 1536w, https:\/\/www.eveha.fr\/wp-content\/uploads\/2025\/10\/DSCN3822-1600.jpg 1600w\" sizes=\"(max-width: 767px) 89vw, (max-width: 1000px) 54vw, (max-width: 1071px) 543px, 580px\" \/><\/figure>\n\n\n\n<figure class=\"wp-block-image size-large\"><img decoding=\"async\" loading=\"lazy\" width=\"768\" height=\"1024\" data-id=\"9876\" src=\"https:\/\/www.eveha.fr\/wp-content\/uploads\/2025\/10\/20250207_100606-768x1024.jpg\" alt=\"\" class=\"wp-image-9876\" srcset=\"https:\/\/www.eveha.fr\/wp-content\/uploads\/2025\/10\/20250207_100606-768x1024.jpg 768w, https:\/\/www.eveha.fr\/wp-content\/uploads\/2025\/10\/20250207_100606-225x300.jpg 225w, https:\/\/www.eveha.fr\/wp-content\/uploads\/2025\/10\/20250207_100606-1152x1536.jpg 1152w, https:\/\/www.eveha.fr\/wp-content\/uploads\/2025\/10\/20250207_100606-1536x2048.jpg 1536w, https:\/\/www.eveha.fr\/wp-content\/uploads\/2025\/10\/20250207_100606-scaled.jpg 1920w\" sizes=\"(max-width: 767px) 89vw, (max-width: 1000px) 54vw, (max-width: 1071px) 543px, 580px\" \/><\/figure>\n\n\n\n<figure class=\"wp-block-image size-large\"><img decoding=\"async\" loading=\"lazy\" width=\"768\" height=\"1024\" data-id=\"9877\" src=\"https:\/\/www.eveha.fr\/wp-content\/uploads\/2025\/10\/20250207_102927-768x1024.jpg\" alt=\"\" class=\"wp-image-9877\" srcset=\"https:\/\/www.eveha.fr\/wp-content\/uploads\/2025\/10\/20250207_102927-768x1024.jpg 768w, https:\/\/www.eveha.fr\/wp-content\/uploads\/2025\/10\/20250207_102927-225x300.jpg 225w, https:\/\/www.eveha.fr\/wp-content\/uploads\/2025\/10\/20250207_102927-1152x1536.jpg 1152w, https:\/\/www.eveha.fr\/wp-content\/uploads\/2025\/10\/20250207_102927-1536x2048.jpg 1536w, https:\/\/www.eveha.fr\/wp-content\/uploads\/2025\/10\/20250207_102927-scaled.jpg 1920w\" sizes=\"(max-width: 767px) 89vw, (max-width: 1000px) 54vw, (max-width: 1071px) 543px, 580px\" \/><\/figure>\n\n\n\n<figure class=\"wp-block-image size-large\"><img decoding=\"async\" loading=\"lazy\" width=\"1024\" height=\"461\" data-id=\"9878\" src=\"https:\/\/www.eveha.fr\/wp-content\/uploads\/2025\/10\/2025-LIMOGES-Cave-2-1024x461.jpg\" alt=\"\" class=\"wp-image-9878\" srcset=\"https:\/\/www.eveha.fr\/wp-content\/uploads\/2025\/10\/2025-LIMOGES-Cave-2-1024x461.jpg 1024w, https:\/\/www.eveha.fr\/wp-content\/uploads\/2025\/10\/2025-LIMOGES-Cave-2-300x135.jpg 300w, https:\/\/www.eveha.fr\/wp-content\/uploads\/2025\/10\/2025-LIMOGES-Cave-2-768x346.jpg 768w, https:\/\/www.eveha.fr\/wp-content\/uploads\/2025\/10\/2025-LIMOGES-Cave-2-1536x692.jpg 1536w, https:\/\/www.eveha.fr\/wp-content\/uploads\/2025\/10\/2025-LIMOGES-Cave-2-2048x922.jpg 2048w\" sizes=\"(max-width: 767px) 89vw, (max-width: 1000px) 54vw, (max-width: 1071px) 543px, 580px\" \/><\/figure>\n\n\n\n<figure class=\"wp-block-image size-large\"><img decoding=\"async\" loading=\"lazy\" width=\"1024\" height=\"461\" data-id=\"9879\" src=\"https:\/\/www.eveha.fr\/wp-content\/uploads\/2025\/10\/2025-LIMOGES-Cave-1-1024x461.jpg\" alt=\"\" class=\"wp-image-9879\" srcset=\"https:\/\/www.eveha.fr\/wp-content\/uploads\/2025\/10\/2025-LIMOGES-Cave-1-1024x461.jpg 1024w, https:\/\/www.eveha.fr\/wp-content\/uploads\/2025\/10\/2025-LIMOGES-Cave-1-300x135.jpg 300w, https:\/\/www.eveha.fr\/wp-content\/uploads\/2025\/10\/2025-LIMOGES-Cave-1-768x346.jpg 768w, https:\/\/www.eveha.fr\/wp-content\/uploads\/2025\/10\/2025-LIMOGES-Cave-1-1536x692.jpg 1536w, https:\/\/www.eveha.fr\/wp-content\/uploads\/2025\/10\/2025-LIMOGES-Cave-1-2048x922.jpg 2048w\" sizes=\"(max-width: 767px) 89vw, (max-width: 1000px) 54vw, (max-width: 1071px) 543px, 580px\" \/><\/figure>\n\n\n\n<figure class=\"wp-block-image size-large\"><img decoding=\"async\" loading=\"lazy\" width=\"1024\" height=\"768\" data-id=\"9880\" src=\"https:\/\/www.eveha.fr\/wp-content\/uploads\/2025\/10\/2024-AUSSONNE-puits-maconne-1024x768.jpg\" alt=\"\" class=\"wp-image-9880\" srcset=\"https:\/\/www.eveha.fr\/wp-content\/uploads\/2025\/10\/2024-AUSSONNE-puits-maconne-1024x768.jpg 1024w, https:\/\/www.eveha.fr\/wp-content\/uploads\/2025\/10\/2024-AUSSONNE-puits-maconne-300x225.jpg 300w, https:\/\/www.eveha.fr\/wp-content\/uploads\/2025\/10\/2024-AUSSONNE-puits-maconne-768x576.jpg 768w, https:\/\/www.eveha.fr\/wp-content\/uploads\/2025\/10\/2024-AUSSONNE-puits-maconne-1536x1152.jpg 1536w, https:\/\/www.eveha.fr\/wp-content\/uploads\/2025\/10\/2024-AUSSONNE-puits-maconne-2048x1536.jpg 2048w\" sizes=\"(max-width: 767px) 89vw, (max-width: 1000px) 54vw, (max-width: 1071px) 543px, 580px\" \/><\/figure>\n\n\n\n<figure class=\"wp-block-image size-large\"><img decoding=\"async\" loading=\"lazy\" width=\"1024\" height=\"768\" data-id=\"9881\" src=\"https:\/\/www.eveha.fr\/wp-content\/uploads\/2025\/10\/P1150480.resized-1024x768.jpg\" alt=\"\" class=\"wp-image-9881\" srcset=\"https:\/\/www.eveha.fr\/wp-content\/uploads\/2025\/10\/P1150480.resized-1024x768.jpg 1024w, https:\/\/www.eveha.fr\/wp-content\/uploads\/2025\/10\/P1150480.resized-300x225.jpg 300w, https:\/\/www.eveha.fr\/wp-content\/uploads\/2025\/10\/P1150480.resized-768x576.jpg 768w, https:\/\/www.eveha.fr\/wp-content\/uploads\/2025\/10\/P1150480.resized.jpg 1280w\" sizes=\"(max-width: 767px) 89vw, (max-width: 1000px) 54vw, (max-width: 1071px) 543px, 580px\" \/><\/figure>\n<\/figure>\n","protected":false},"excerpt":{"rendered":"<p>D\u00e9finition \u00c9veha dispose d\u2019un service sp\u00e9cialis\u00e9 dans les fouilles de puits ou fouilles de cavit\u00e9s souterraines qu\u2019elle d\u00e9ploie sur ses chantiers et met \u00e0 disposition d\u2019autres organismes dans le cadre de recherches pr\u00e9ventives ou programm\u00e9es. Exemple de r\u00e9f\u00e9rences CESCM &#8211; CNRS &#8211;Scorbe-Clairvaux (86) Fouille d&rsquo;un puit Site de l&rsquo;Oppidum&#8211;Amboise (37)Fouille de puits Direction de la &hellip; <\/p>\n<p class=\"link-more\"><a href=\"https:\/\/www.eveha.fr\/index.php\/prestations-fouilles-en-milieu-confine\/\" class=\"more-link\">Continuer la lecture<span class=\"screen-reader-text\"> de &laquo;&nbsp;Prestations &#8211; Fouilles en milieu confin\u00e9&nbsp;&raquo;<\/span><\/a><\/p>\n","protected":false},"author":23,"featured_media":0,"parent":0,"menu_order":0,"comment_status":"closed","ping_status":"closed","template":"","meta":{"inline_featured_image":false,"footnotes":""},"_links":{"self":[{"href":"https:\/\/www.eveha.fr\/index.php\/wp-json\/wp\/v2\/pages\/9664"}],"collection":[{"href":"https:\/\/www.eveha.fr\/index.php\/wp-json\/wp\/v2\/pages"}],"about":[{"href":"https:\/\/www.eveha.fr\/index.php\/wp-json\/wp\/v2\/types\/page"}],"author":[{"embeddable":true,"href":"https:\/\/www.eveha.fr\/index.php\/wp-json\/wp\/v2\/users\/23"}],"replies":[{"embeddable":true,"href":"https:\/\/www.eveha.fr\/index.php\/wp-json\/wp\/v2\/comments?post=9664"}],"version-history":[{"count":7,"href":"https:\/\/www.eveha.fr\/index.php\/wp-json\/wp\/v2\/pages\/9664\/revisions"}],"predecessor-version":[{"id":9965,"href":"https:\/\/www.eveha.fr\/index.php\/wp-json\/wp\/v2\/pages\/9664\/revisions\/9965"}],"wp:attachment":[{"href":"https:\/\/www.eveha.fr\/index.php\/wp-json\/wp\/v2\/media?parent=9664"}],"curies":[{"name":"wp","href":"https:\/\/api.w.org\/{rel}","templated":true}]}}