{"id":9672,"date":"2025-10-03T15:40:19","date_gmt":"2025-10-03T13:40:19","guid":{"rendered":"https:\/\/www.eveha.fr\/?page_id=9672"},"modified":"2025-10-10T10:02:53","modified_gmt":"2025-10-10T08:02:53","slug":"prestations-fouilles-subaquatiques-et-sous-marine","status":"publish","type":"page","link":"https:\/\/www.eveha.fr\/index.php\/prestations-fouilles-subaquatiques-et-sous-marine\/","title":{"rendered":"Prestations &#8211; Fouilles subaquatiques et sous marine"},"content":{"rendered":"\n<div class=\"wp-block-columns is-layout-flex wp-container-3 wp-block-columns-is-layout-flex\">\n<div class=\"wp-block-column is-vertically-aligned-center is-layout-flow wp-block-column-is-layout-flow\">\n<h2 class=\"wp-block-heading\">D\u00e9finition<\/h2>\n\n\n\n<p>\u00c9veha est dot\u00e9e d\u2019un service plong\u00e9e et r\u00e9alise des fouilles d\u2019arch\u00e9ologie pr\u00e9ventive en milieu subaquatique et en milieu sous-marin.<\/p>\n<\/div>\n\n\n\n<div class=\"wp-block-column is-layout-flow wp-block-column-is-layout-flow\"><div class=\"wp-block-image is-style-rounded\">\n<figure class=\"aligncenter size-large\"><img decoding=\"async\" loading=\"lazy\" width=\"1024\" height=\"707\" src=\"http:\/\/www.eveha.fr\/wp-content\/uploads\/2025\/08\/LR2010_Extre\u0301mite\u0301-sud-dAresquiers-1.1-en-cours-de-de\u0301sensablage-1024x707.jpg\" alt=\"\" class=\"wp-image-9268\" style=\"aspect-ratio:1;object-fit:cover\" srcset=\"https:\/\/www.eveha.fr\/wp-content\/uploads\/2025\/08\/LR2010_Extre\u0301mite\u0301-sud-dAresquiers-1.1-en-cours-de-de\u0301sensablage-1024x707.jpg 1024w, https:\/\/www.eveha.fr\/wp-content\/uploads\/2025\/08\/LR2010_Extre\u0301mite\u0301-sud-dAresquiers-1.1-en-cours-de-de\u0301sensablage-300x207.jpg 300w, https:\/\/www.eveha.fr\/wp-content\/uploads\/2025\/08\/LR2010_Extre\u0301mite\u0301-sud-dAresquiers-1.1-en-cours-de-de\u0301sensablage-768x530.jpg 768w, https:\/\/www.eveha.fr\/wp-content\/uploads\/2025\/08\/LR2010_Extre\u0301mite\u0301-sud-dAresquiers-1.1-en-cours-de-de\u0301sensablage.jpg 1140w\" sizes=\"(max-width: 767px) 89vw, (max-width: 1000px) 54vw, (max-width: 1071px) 543px, 580px\" \/><\/figure><\/div><\/div>\n<\/div>\n\n\n\n<div class=\"wp-block-columns is-layout-flex wp-container-7 wp-block-columns-is-layout-flex\">\n<div class=\"wp-block-column is-layout-flow wp-block-column-is-layout-flow\">\n<p>L\u2019arch\u00e9ologie subaquatique (eaux int\u00e9rieures) est une discipline r\u00e9cente qui a vu le jour dans les ann\u00e9es 1960 avec l\u2019arriv\u00e9e du scaphandre autonome, permettant aux plongeurs d\u2019intervenir en milieu pressuris\u00e9 (hyperbare). <\/p>\n\n\n\n<p>Le patrimoine de ces milieux immerg\u00e9s \u2013 o\u00f9 l&rsquo;eau est stagnante, courante, douce ou saum\u00e2tre \u2013 est tr\u00e8s riche, que ce soit par la qualit\u00e9 des vestiges arch\u00e9ologiques qui s&rsquo;y trouvent conserv\u00e9s, ou par l&rsquo;abondance et la diversit\u00e9 des mat\u00e9riaux organiques. <br>Pourtant, malgr\u00e9 des conditions de conservation uniques (milieu ana\u00e9robie), ce patrimoine est menac\u00e9 par l&rsquo;\u00e9quilibre fragile des milieux aquatiques. <\/p>\n<\/div>\n\n\n\n<div class=\"wp-block-column is-layout-flow wp-block-column-is-layout-flow\">\n<p>Ces territoires t\u00e9moignent de mani\u00e8re unique de l&rsquo;anthropisation des milieux. Contraints par leurs natures, ils n\u00e9cessitent des techniques d&rsquo;interventions arch\u00e9ologiques tr\u00e8s sp\u00e9cifiques.<\/p>\n\n\n\n<p><strong>Face aux enjeux environnementaux et climatiques actuels, l\u2019eau et son patrimoine sont devenus un sujet incontournable de notre soci\u00e9t\u00e9.<\/strong><\/p>\n\n\n\n<div class=\"wp-block-buttons is-content-justification-center is-layout-flex wp-container-5 wp-block-buttons-is-layout-flex\">\n<div class=\"wp-block-button is-style-outline\"><a class=\"wp-block-button__link has-text-align-center wp-element-button\" href=\"https:\/\/www.eveha.fr\/index.php\/ressources\/\">T\u00e9l\u00e9charger la plaquette<\/a><\/div>\n<\/div>\n<\/div>\n<\/div>\n\n\n\n<h2 class=\"wp-block-heading\">Exemple de r\u00e9f\u00e9rences<\/h2>\n\n\n\n<div class=\"wp-block-columns is-layout-flex wp-container-11 wp-block-columns-is-layout-flex\">\n<div class=\"wp-block-column is-layout-flow wp-block-column-is-layout-flow\">\n<p class=\"has-text-align-center\"><strong><em>Commune de Porto-Vecchio<\/em><\/strong><br>&#8211;<br><strong><em>Porto-Vecchio (2A)<\/em><\/strong><br><em> Fouille sous-marine pr\u00e9ventine d&rsquo;une \u00e9pave<\/em><\/p>\n<\/div>\n\n\n\n<div class=\"wp-block-column is-layout-flow wp-block-column-is-layout-flow\">\n<p class=\"has-text-align-center\"><strong><em>Syndicat Mixte des bassins Bandiat-Tardoire<\/em><\/strong><br>&#8211;<strong><br><em>Cheronnac (87) <\/em><\/strong><br><em>Projet d\u2019effacement du seuil du moulin dans le cadre de la restauration de la continuit\u00e9 \u00e9cologique de la Tardoire<\/em><\/p>\n<\/div>\n\n\n\n<div class=\"wp-block-column is-layout-flow wp-block-column-is-layout-flow\">\n<p class=\"has-text-align-center\"><em><strong>Centre national de la recherche scientifique (<em><strong>CNRS<\/strong><\/em><\/strong><\/em>)<br>&#8211;<br><em><strong> Valcabrere (31)<\/strong><\/em><br><em>Prospection subaquatique en milieu humide<\/em><\/p>\n<\/div>\n<\/div>\n\n\n\n<h2 class=\"wp-block-heading\">Galerie<\/h2>\n\n\n\n<figure class=\"wp-block-gallery has-nested-images columns-default is-cropped wp-block-gallery-12 is-layout-flex wp-block-gallery-is-layout-flex\">\n<figure class=\"wp-block-image size-large\"><img decoding=\"async\" loading=\"lazy\" width=\"1024\" height=\"768\" data-id=\"9856\" src=\"https:\/\/www.eveha.fr\/wp-content\/uploads\/2025\/10\/Courbiac_Capture-de-Travail_aspirateur_sediments_SD02_GOPR5252.MP4-1024x768.png\" alt=\"\" class=\"wp-image-9856\" srcset=\"https:\/\/www.eveha.fr\/wp-content\/uploads\/2025\/10\/Courbiac_Capture-de-Travail_aspirateur_sediments_SD02_GOPR5252.MP4-1024x768.png 1024w, https:\/\/www.eveha.fr\/wp-content\/uploads\/2025\/10\/Courbiac_Capture-de-Travail_aspirateur_sediments_SD02_GOPR5252.MP4-300x225.png 300w, https:\/\/www.eveha.fr\/wp-content\/uploads\/2025\/10\/Courbiac_Capture-de-Travail_aspirateur_sediments_SD02_GOPR5252.MP4-768x576.png 768w, https:\/\/www.eveha.fr\/wp-content\/uploads\/2025\/10\/Courbiac_Capture-de-Travail_aspirateur_sediments_SD02_GOPR5252.MP4-1536x1152.png 1536w, https:\/\/www.eveha.fr\/wp-content\/uploads\/2025\/10\/Courbiac_Capture-de-Travail_aspirateur_sediments_SD02_GOPR5252.MP4.png 1920w\" sizes=\"(max-width: 767px) 89vw, (max-width: 1000px) 54vw, (max-width: 1071px) 543px, 580px\" \/><\/figure>\n\n\n\n<figure class=\"wp-block-image size-large\"><img decoding=\"async\" loading=\"lazy\" width=\"1024\" height=\"896\" data-id=\"9857\" src=\"https:\/\/www.eveha.fr\/wp-content\/uploads\/2025\/10\/GOPR0239-2-1024x896.jpg\" alt=\"\" class=\"wp-image-9857\" srcset=\"https:\/\/www.eveha.fr\/wp-content\/uploads\/2025\/10\/GOPR0239-2-1024x896.jpg 1024w, https:\/\/www.eveha.fr\/wp-content\/uploads\/2025\/10\/GOPR0239-2-300x263.jpg 300w, https:\/\/www.eveha.fr\/wp-content\/uploads\/2025\/10\/GOPR0239-2-768x672.jpg 768w, https:\/\/www.eveha.fr\/wp-content\/uploads\/2025\/10\/GOPR0239-2-1536x1344.jpg 1536w, https:\/\/www.eveha.fr\/wp-content\/uploads\/2025\/10\/GOPR0239-2-2048x1792.jpg 2048w\" sizes=\"(max-width: 767px) 89vw, (max-width: 1000px) 54vw, (max-width: 1071px) 543px, 580px\" \/><\/figure>\n\n\n\n<figure class=\"wp-block-image size-large\"><img decoding=\"async\" loading=\"lazy\" width=\"1024\" height=\"896\" data-id=\"9858\" src=\"https:\/\/www.eveha.fr\/wp-content\/uploads\/2025\/10\/GOPR04222-1024x896.jpg\" alt=\"\" class=\"wp-image-9858\" srcset=\"https:\/\/www.eveha.fr\/wp-content\/uploads\/2025\/10\/GOPR04222-1024x896.jpg 1024w, https:\/\/www.eveha.fr\/wp-content\/uploads\/2025\/10\/GOPR04222-300x263.jpg 300w, https:\/\/www.eveha.fr\/wp-content\/uploads\/2025\/10\/GOPR04222-768x672.jpg 768w, https:\/\/www.eveha.fr\/wp-content\/uploads\/2025\/10\/GOPR04222-1536x1344.jpg 1536w, https:\/\/www.eveha.fr\/wp-content\/uploads\/2025\/10\/GOPR04222-2048x1792.jpg 2048w\" sizes=\"(max-width: 767px) 89vw, (max-width: 1000px) 54vw, (max-width: 1071px) 543px, 580px\" \/><\/figure>\n\n\n\n<figure class=\"wp-block-image size-large\"><img decoding=\"async\" loading=\"lazy\" width=\"1024\" height=\"768\" data-id=\"9859\" src=\"https:\/\/www.eveha.fr\/wp-content\/uploads\/2025\/10\/GOPR19532-1024x768.jpg\" alt=\"\" class=\"wp-image-9859\" srcset=\"https:\/\/www.eveha.fr\/wp-content\/uploads\/2025\/10\/GOPR19532-1024x768.jpg 1024w, https:\/\/www.eveha.fr\/wp-content\/uploads\/2025\/10\/GOPR19532-300x225.jpg 300w, https:\/\/www.eveha.fr\/wp-content\/uploads\/2025\/10\/GOPR19532-768x576.jpg 768w, https:\/\/www.eveha.fr\/wp-content\/uploads\/2025\/10\/GOPR19532-1536x1152.jpg 1536w, https:\/\/www.eveha.fr\/wp-content\/uploads\/2025\/10\/GOPR19532-2048x1536.jpg 2048w\" sizes=\"(max-width: 767px) 89vw, (max-width: 1000px) 54vw, (max-width: 1071px) 543px, 580px\" \/><\/figure>\n\n\n\n<figure class=\"wp-block-image size-large\"><img decoding=\"async\" loading=\"lazy\" width=\"1024\" height=\"768\" data-id=\"9860\" src=\"https:\/\/www.eveha.fr\/wp-content\/uploads\/2025\/10\/2023-CHERONNAC-FOUILLE2-1024x768.jpg\" alt=\"\" class=\"wp-image-9860\" srcset=\"https:\/\/www.eveha.fr\/wp-content\/uploads\/2025\/10\/2023-CHERONNAC-FOUILLE2-1024x768.jpg 1024w, https:\/\/www.eveha.fr\/wp-content\/uploads\/2025\/10\/2023-CHERONNAC-FOUILLE2-300x225.jpg 300w, https:\/\/www.eveha.fr\/wp-content\/uploads\/2025\/10\/2023-CHERONNAC-FOUILLE2-768x576.jpg 768w, https:\/\/www.eveha.fr\/wp-content\/uploads\/2025\/10\/2023-CHERONNAC-FOUILLE2-1536x1152.jpg 1536w, https:\/\/www.eveha.fr\/wp-content\/uploads\/2025\/10\/2023-CHERONNAC-FOUILLE2-2048x1536.jpg 2048w\" sizes=\"(max-width: 767px) 89vw, (max-width: 1000px) 54vw, (max-width: 1071px) 543px, 580px\" \/><\/figure>\n\n\n\n<figure class=\"wp-block-image size-large\"><img decoding=\"async\" loading=\"lazy\" width=\"768\" height=\"1024\" data-id=\"9861\" src=\"https:\/\/www.eveha.fr\/wp-content\/uploads\/2025\/10\/2023-CHERONNAC-FOUILLE-768x1024.jpg\" alt=\"\" class=\"wp-image-9861\" srcset=\"https:\/\/www.eveha.fr\/wp-content\/uploads\/2025\/10\/2023-CHERONNAC-FOUILLE-768x1024.jpg 768w, https:\/\/www.eveha.fr\/wp-content\/uploads\/2025\/10\/2023-CHERONNAC-FOUILLE-225x300.jpg 225w, https:\/\/www.eveha.fr\/wp-content\/uploads\/2025\/10\/2023-CHERONNAC-FOUILLE-1152x1536.jpg 1152w, https:\/\/www.eveha.fr\/wp-content\/uploads\/2025\/10\/2023-CHERONNAC-FOUILLE-1536x2048.jpg 1536w, https:\/\/www.eveha.fr\/wp-content\/uploads\/2025\/10\/2023-CHERONNAC-FOUILLE-scaled.jpg 1920w\" sizes=\"(max-width: 767px) 89vw, (max-width: 1000px) 54vw, (max-width: 1071px) 543px, 580px\" \/><\/figure>\n\n\n\n<figure class=\"wp-block-image size-large\"><img decoding=\"async\" loading=\"lazy\" width=\"1024\" height=\"1024\" data-id=\"9862\" src=\"https:\/\/www.eveha.fr\/wp-content\/uploads\/2025\/10\/DSF9892-1024x1024.jpg\" alt=\"\" class=\"wp-image-9862\" srcset=\"https:\/\/www.eveha.fr\/wp-content\/uploads\/2025\/10\/DSF9892-1024x1024.jpg 1024w, https:\/\/www.eveha.fr\/wp-content\/uploads\/2025\/10\/DSF9892-300x300.jpg 300w, https:\/\/www.eveha.fr\/wp-content\/uploads\/2025\/10\/DSF9892-150x150.jpg 150w, https:\/\/www.eveha.fr\/wp-content\/uploads\/2025\/10\/DSF9892-768x768.jpg 768w, https:\/\/www.eveha.fr\/wp-content\/uploads\/2025\/10\/DSF9892-1536x1536.jpg 1536w, https:\/\/www.eveha.fr\/wp-content\/uploads\/2025\/10\/DSF9892-100x100.jpg 100w, https:\/\/www.eveha.fr\/wp-content\/uploads\/2025\/10\/DSF9892.jpg 1974w\" sizes=\"(max-width: 767px) 89vw, (max-width: 1000px) 54vw, (max-width: 1071px) 543px, 580px\" \/><\/figure>\n\n\n\n<figure class=\"wp-block-image size-large\"><img decoding=\"async\" loading=\"lazy\" width=\"1024\" height=\"768\" data-id=\"9863\" src=\"https:\/\/www.eveha.fr\/wp-content\/uploads\/2025\/10\/P1190774-1024x768.jpg\" alt=\"\" class=\"wp-image-9863\" srcset=\"https:\/\/www.eveha.fr\/wp-content\/uploads\/2025\/10\/P1190774-1024x768.jpg 1024w, https:\/\/www.eveha.fr\/wp-content\/uploads\/2025\/10\/P1190774-300x225.jpg 300w, https:\/\/www.eveha.fr\/wp-content\/uploads\/2025\/10\/P1190774-768x576.jpg 768w, https:\/\/www.eveha.fr\/wp-content\/uploads\/2025\/10\/P1190774-1536x1152.jpg 1536w, https:\/\/www.eveha.fr\/wp-content\/uploads\/2025\/10\/P1190774-2048x1536.jpg 2048w\" sizes=\"(max-width: 767px) 89vw, (max-width: 1000px) 54vw, (max-width: 1071px) 543px, 580px\" \/><\/figure>\n\n\n\n<figure class=\"wp-block-image size-large\"><img decoding=\"async\" loading=\"lazy\" width=\"1024\" height=\"768\" data-id=\"9864\" src=\"https:\/\/www.eveha.fr\/wp-content\/uploads\/2025\/10\/P1030106-1024x768.jpg\" alt=\"\" class=\"wp-image-9864\" srcset=\"https:\/\/www.eveha.fr\/wp-content\/uploads\/2025\/10\/P1030106-1024x768.jpg 1024w, https:\/\/www.eveha.fr\/wp-content\/uploads\/2025\/10\/P1030106-300x225.jpg 300w, https:\/\/www.eveha.fr\/wp-content\/uploads\/2025\/10\/P1030106-768x576.jpg 768w, https:\/\/www.eveha.fr\/wp-content\/uploads\/2025\/10\/P1030106-1536x1152.jpg 1536w, https:\/\/www.eveha.fr\/wp-content\/uploads\/2025\/10\/P1030106-2048x1536.jpg 2048w\" sizes=\"(max-width: 767px) 89vw, (max-width: 1000px) 54vw, (max-width: 1071px) 543px, 580px\" \/><\/figure>\n<\/figure>\n","protected":false},"excerpt":{"rendered":"<p>D\u00e9finition \u00c9veha est dot\u00e9e d\u2019un service plong\u00e9e et r\u00e9alise des fouilles d\u2019arch\u00e9ologie pr\u00e9ventive en milieu subaquatique et en milieu sous-marin. L\u2019arch\u00e9ologie subaquatique (eaux int\u00e9rieures) est une discipline r\u00e9cente qui a vu le jour dans les ann\u00e9es 1960 avec l\u2019arriv\u00e9e du scaphandre autonome, permettant aux plongeurs d\u2019intervenir en milieu pressuris\u00e9 (hyperbare). Le patrimoine de ces milieux &hellip; <\/p>\n<p class=\"link-more\"><a href=\"https:\/\/www.eveha.fr\/index.php\/prestations-fouilles-subaquatiques-et-sous-marine\/\" class=\"more-link\">Continuer la lecture<span class=\"screen-reader-text\"> de &laquo;&nbsp;Prestations &#8211; Fouilles subaquatiques et sous marine&nbsp;&raquo;<\/span><\/a><\/p>\n","protected":false},"author":23,"featured_media":0,"parent":0,"menu_order":0,"comment_status":"closed","ping_status":"closed","template":"","meta":{"inline_featured_image":false,"footnotes":""},"_links":{"self":[{"href":"https:\/\/www.eveha.fr\/index.php\/wp-json\/wp\/v2\/pages\/9672"}],"collection":[{"href":"https:\/\/www.eveha.fr\/index.php\/wp-json\/wp\/v2\/pages"}],"about":[{"href":"https:\/\/www.eveha.fr\/index.php\/wp-json\/wp\/v2\/types\/page"}],"author":[{"embeddable":true,"href":"https:\/\/www.eveha.fr\/index.php\/wp-json\/wp\/v2\/users\/23"}],"replies":[{"embeddable":true,"href":"https:\/\/www.eveha.fr\/index.php\/wp-json\/wp\/v2\/comments?post=9672"}],"version-history":[{"count":11,"href":"https:\/\/www.eveha.fr\/index.php\/wp-json\/wp\/v2\/pages\/9672\/revisions"}],"predecessor-version":[{"id":9973,"href":"https:\/\/www.eveha.fr\/index.php\/wp-json\/wp\/v2\/pages\/9672\/revisions\/9973"}],"wp:attachment":[{"href":"https:\/\/www.eveha.fr\/index.php\/wp-json\/wp\/v2\/media?parent=9672"}],"curies":[{"name":"wp","href":"https:\/\/api.w.org\/{rel}","templated":true}]}}