{"id":9676,"date":"2025-10-03T15:43:49","date_gmt":"2025-10-03T13:43:49","guid":{"rendered":"https:\/\/www.eveha.fr\/?page_id=9676"},"modified":"2025-10-10T10:04:26","modified_gmt":"2025-10-10T08:04:26","slug":"prestations-conservation-et-restauration-du-mobilier","status":"publish","type":"page","link":"https:\/\/www.eveha.fr\/index.php\/prestations-conservation-et-restauration-du-mobilier\/","title":{"rendered":"Prestations &#8211; Conservation et restauration du mobilier"},"content":{"rendered":"\n<div class=\"wp-block-columns is-layout-flex wp-container-4 wp-block-columns-is-layout-flex\">\n<div class=\"wp-block-column is-vertically-aligned-center is-layout-flow wp-block-column-is-layout-flow\">\n<h2 class=\"wp-block-heading\">D\u00e9finition<\/h2>\n\n\n\n<p>\u00c9veha s\u2019est \u00e9quip\u00e9e<br>d\u2019un laboratoire qui r\u00e9alise<br>des travaux de conservation et de restauration sur des collections de services<br>arch\u00e9ologiques ou de mus\u00e9es.<\/p>\n\n\n\n<div class=\"wp-block-buttons is-content-justification-center is-layout-flex wp-container-1 wp-block-buttons-is-layout-flex\">\n<div class=\"wp-block-button is-style-outline\"><a class=\"wp-block-button__link wp-element-button\" href=\"https:\/\/www.eveha.fr\/index.php\/ressources\/\">T\u00e9l\u00e9charger la plaquette<\/a><\/div>\n<\/div>\n<\/div>\n\n\n\n<div class=\"wp-block-column is-layout-flow wp-block-column-is-layout-flow\"><div class=\"wp-block-image is-style-rounded\">\n<figure class=\"aligncenter size-large\"><img decoding=\"async\" loading=\"lazy\" width=\"1024\" height=\"768\" src=\"http:\/\/www.eveha.fr\/wp-content\/uploads\/2025\/08\/DSCN0309-1024x768.jpg\" alt=\"\" class=\"wp-image-9269\" style=\"aspect-ratio:1;object-fit:cover\" srcset=\"https:\/\/www.eveha.fr\/wp-content\/uploads\/2025\/08\/DSCN0309-1024x768.jpg 1024w, https:\/\/www.eveha.fr\/wp-content\/uploads\/2025\/08\/DSCN0309-300x225.jpg 300w, https:\/\/www.eveha.fr\/wp-content\/uploads\/2025\/08\/DSCN0309-768x576.jpg 768w, https:\/\/www.eveha.fr\/wp-content\/uploads\/2025\/08\/DSCN0309-1536x1152.jpg 1536w, https:\/\/www.eveha.fr\/wp-content\/uploads\/2025\/08\/DSCN0309-2048x1536.jpg 2048w\" sizes=\"(max-width: 767px) 89vw, (max-width: 1000px) 54vw, (max-width: 1071px) 543px, 580px\" \/><\/figure><\/div><\/div>\n<\/div>\n\n\n\n<div class=\"wp-block-columns is-layout-flex wp-container-7 wp-block-columns-is-layout-flex\">\n<div class=\"wp-block-column is-layout-flow wp-block-column-is-layout-flow\">\n<p>Initi\u00e9 par Marion Bernard, conservatrice-restauratrice, un premier laboratoire d\u00e9di\u00e9 a vu le jour en 2014. Il traite du mobilier arch\u00e9ologique issu de fouilles pr\u00e9ventives (terrestres, subaquatiques et sous-marines), r\u00e9alis\u00e9es par \u00c9veha sur l\u2019ensemble du territoire national. Ces prestations et son expertise sont \u00e9galement propos\u00e9es aux institutions patrimoniales pour des travaux de conservation et de restauration.<\/p>\n<\/div>\n\n\n\n<div class=\"wp-block-column is-layout-flow wp-block-column-is-layout-flow\">\n<p>L\u2019\u00e9quipe intervient sur les chantiers de fouilles pr\u00e9ventives pour le pr\u00e9l\u00e8vement d\u2019objets sensibles et fragiles. Elle apporte conseil et assistance. <\/p>\n\n\n\n<p>Elle r\u00e9alise \u00e9galement la micro-fouille de mobilier et de mottes en laboratoire. <\/p>\n\n\n\n<p>Des \u00e9tudes technologiques et techniques des objets sont propos\u00e9es, en compl\u00e9ment des traitements de conservation curative pour la mise en \u00e9tat pour \u00e9tude.<\/p>\n<\/div>\n<\/div>\n\n\n\n<h2 class=\"wp-block-heading\">Exemple de r\u00e9f\u00e9rences<\/h2>\n\n\n\n<div class=\"wp-block-columns is-layout-flex wp-container-11 wp-block-columns-is-layout-flex\">\n<div class=\"wp-block-column is-layout-flow wp-block-column-is-layout-flow\">\n<p class=\"has-text-align-center\"><strong><em>DRAC Bretagne <\/em><\/strong><br>&#8211;<strong><br><em>Muzillac (56)  <\/em><\/strong><br><em>Conservation curative de bracelets<\/em><\/p>\n<\/div>\n\n\n\n<div class=\"wp-block-column is-layout-flow wp-block-column-is-layout-flow\">\n<p class=\"has-text-align-center\"><em><strong>CA Amiens M\u00e9tropole<\/strong><\/em><br>&#8211;<br><em><strong> Boves (80)  <\/strong><\/em><br><em>Restauration<\/em><\/p>\n<\/div>\n\n\n\n<div class=\"wp-block-column is-layout-flow wp-block-column-is-layout-flow\">\n<p class=\"has-text-align-center\"><strong><em>Conseil D\u00e9partemental de la Charente <\/em><\/strong><br>&#8211;<strong><br><em>Chassenon (16)<\/em><\/strong><br><em>Stabilisation et restauration d&rsquo;objets ferreux et cuivreux &#8211;<\/em> <em>pilastre en marbre <\/em><\/p>\n<\/div>\n<\/div>\n\n\n\n<h2 class=\"wp-block-heading\">Galerie<\/h2>\n\n\n\n<figure class=\"wp-block-gallery has-nested-images columns-default is-cropped wp-block-gallery-12 is-layout-flex wp-block-gallery-is-layout-flex\">\n<figure class=\"wp-block-image size-large\"><img decoding=\"async\" loading=\"lazy\" width=\"1024\" height=\"768\" data-id=\"9844\" src=\"https:\/\/www.eveha.fr\/wp-content\/uploads\/2025\/10\/Sablage.resized-3-1024x768.jpg\" alt=\"\" class=\"wp-image-9844\" srcset=\"https:\/\/www.eveha.fr\/wp-content\/uploads\/2025\/10\/Sablage.resized-3-1024x768.jpg 1024w, https:\/\/www.eveha.fr\/wp-content\/uploads\/2025\/10\/Sablage.resized-3-300x225.jpg 300w, https:\/\/www.eveha.fr\/wp-content\/uploads\/2025\/10\/Sablage.resized-3-768x576.jpg 768w, https:\/\/www.eveha.fr\/wp-content\/uploads\/2025\/10\/Sablage.resized-3.jpg 1280w\" sizes=\"(max-width: 767px) 89vw, (max-width: 1000px) 54vw, (max-width: 1071px) 543px, 580px\" \/><\/figure>\n\n\n\n<figure class=\"wp-block-image size-large\"><img decoding=\"async\" loading=\"lazy\" width=\"1024\" height=\"768\" data-id=\"9845\" src=\"https:\/\/www.eveha.fr\/wp-content\/uploads\/2025\/10\/P1050433-1024x768.jpg\" alt=\"\" class=\"wp-image-9845\" srcset=\"https:\/\/www.eveha.fr\/wp-content\/uploads\/2025\/10\/P1050433-1024x768.jpg 1024w, https:\/\/www.eveha.fr\/wp-content\/uploads\/2025\/10\/P1050433-300x225.jpg 300w, https:\/\/www.eveha.fr\/wp-content\/uploads\/2025\/10\/P1050433-768x576.jpg 768w, https:\/\/www.eveha.fr\/wp-content\/uploads\/2025\/10\/P1050433-1536x1152.jpg 1536w, https:\/\/www.eveha.fr\/wp-content\/uploads\/2025\/10\/P1050433-2048x1536.jpg 2048w\" sizes=\"(max-width: 767px) 89vw, (max-width: 1000px) 54vw, (max-width: 1071px) 543px, 580px\" \/><\/figure>\n\n\n\n<figure class=\"wp-block-image size-large\"><img decoding=\"async\" loading=\"lazy\" width=\"683\" height=\"1024\" data-id=\"9846\" src=\"https:\/\/www.eveha.fr\/wp-content\/uploads\/2025\/10\/unnamed-3-683x1024.jpg\" alt=\"\" class=\"wp-image-9846\" srcset=\"https:\/\/www.eveha.fr\/wp-content\/uploads\/2025\/10\/unnamed-3-683x1024.jpg 683w, https:\/\/www.eveha.fr\/wp-content\/uploads\/2025\/10\/unnamed-3-200x300.jpg 200w, https:\/\/www.eveha.fr\/wp-content\/uploads\/2025\/10\/unnamed-3-768x1152.jpg 768w, https:\/\/www.eveha.fr\/wp-content\/uploads\/2025\/10\/unnamed-3-1024x1536.jpg 1024w, https:\/\/www.eveha.fr\/wp-content\/uploads\/2025\/10\/unnamed-3-1365x2048.jpg 1365w, https:\/\/www.eveha.fr\/wp-content\/uploads\/2025\/10\/unnamed-3-scaled.jpg 1707w\" sizes=\"(max-width: 683px) 100vw, 683px\" \/><\/figure>\n\n\n\n<figure class=\"wp-block-image size-large\"><img decoding=\"async\" loading=\"lazy\" width=\"1024\" height=\"768\" data-id=\"9847\" src=\"https:\/\/www.eveha.fr\/wp-content\/uploads\/2025\/10\/Base_de_Troyes_Spe\u0301cialistes-1024x768.jpg\" alt=\"\" class=\"wp-image-9847\" srcset=\"https:\/\/www.eveha.fr\/wp-content\/uploads\/2025\/10\/Base_de_Troyes_Spe\u0301cialistes-1024x768.jpg 1024w, https:\/\/www.eveha.fr\/wp-content\/uploads\/2025\/10\/Base_de_Troyes_Spe\u0301cialistes-300x225.jpg 300w, https:\/\/www.eveha.fr\/wp-content\/uploads\/2025\/10\/Base_de_Troyes_Spe\u0301cialistes-768x576.jpg 768w, https:\/\/www.eveha.fr\/wp-content\/uploads\/2025\/10\/Base_de_Troyes_Spe\u0301cialistes-1536x1152.jpg 1536w, https:\/\/www.eveha.fr\/wp-content\/uploads\/2025\/10\/Base_de_Troyes_Spe\u0301cialistes-2048x1536.jpg 2048w\" sizes=\"(max-width: 767px) 89vw, (max-width: 1000px) 54vw, (max-width: 1071px) 543px, 580px\" \/><\/figure>\n\n\n\n<figure class=\"wp-block-image size-large\"><img decoding=\"async\" loading=\"lazy\" width=\"1024\" height=\"919\" data-id=\"9848\" src=\"https:\/\/www.eveha.fr\/wp-content\/uploads\/2025\/10\/1723638666156-1024x919.jpeg\" alt=\"\" class=\"wp-image-9848\" srcset=\"https:\/\/www.eveha.fr\/wp-content\/uploads\/2025\/10\/1723638666156-1024x919.jpeg 1024w, https:\/\/www.eveha.fr\/wp-content\/uploads\/2025\/10\/1723638666156-300x269.jpeg 300w, https:\/\/www.eveha.fr\/wp-content\/uploads\/2025\/10\/1723638666156-768x689.jpeg 768w, https:\/\/www.eveha.fr\/wp-content\/uploads\/2025\/10\/1723638666156-1536x1378.jpeg 1536w, https:\/\/www.eveha.fr\/wp-content\/uploads\/2025\/10\/1723638666156.jpeg 1712w\" sizes=\"(max-width: 767px) 89vw, (max-width: 1000px) 54vw, (max-width: 1071px) 543px, 580px\" \/><\/figure>\n\n\n\n<figure class=\"wp-block-image size-large\"><img decoding=\"async\" loading=\"lazy\" width=\"768\" height=\"1024\" data-id=\"9849\" src=\"https:\/\/www.eveha.fr\/wp-content\/uploads\/2025\/10\/Base_de_Troyes_Pole-Restauration-768x1024.jpg\" alt=\"\" class=\"wp-image-9849\" srcset=\"https:\/\/www.eveha.fr\/wp-content\/uploads\/2025\/10\/Base_de_Troyes_Pole-Restauration-768x1024.jpg 768w, https:\/\/www.eveha.fr\/wp-content\/uploads\/2025\/10\/Base_de_Troyes_Pole-Restauration-225x300.jpg 225w, https:\/\/www.eveha.fr\/wp-content\/uploads\/2025\/10\/Base_de_Troyes_Pole-Restauration-1152x1536.jpg 1152w, https:\/\/www.eveha.fr\/wp-content\/uploads\/2025\/10\/Base_de_Troyes_Pole-Restauration-1536x2048.jpg 1536w, https:\/\/www.eveha.fr\/wp-content\/uploads\/2025\/10\/Base_de_Troyes_Pole-Restauration-scaled.jpg 1920w\" sizes=\"(max-width: 767px) 89vw, (max-width: 1000px) 54vw, (max-width: 1071px) 543px, 580px\" \/><\/figure>\n<\/figure>\n","protected":false},"excerpt":{"rendered":"<p>D\u00e9finition \u00c9veha s\u2019est \u00e9quip\u00e9ed\u2019un laboratoire qui r\u00e9alisedes travaux de conservation et de restauration sur des collections de servicesarch\u00e9ologiques ou de mus\u00e9es. Initi\u00e9 par Marion Bernard, conservatrice-restauratrice, un premier laboratoire d\u00e9di\u00e9 a vu le jour en 2014. Il traite du mobilier arch\u00e9ologique issu de fouilles pr\u00e9ventives (terrestres, subaquatiques et sous-marines), r\u00e9alis\u00e9es par \u00c9veha sur l\u2019ensemble du &hellip; <\/p>\n<p class=\"link-more\"><a href=\"https:\/\/www.eveha.fr\/index.php\/prestations-conservation-et-restauration-du-mobilier\/\" class=\"more-link\">Continuer la lecture<span class=\"screen-reader-text\"> de &laquo;&nbsp;Prestations &#8211; Conservation et restauration du mobilier&nbsp;&raquo;<\/span><\/a><\/p>\n","protected":false},"author":23,"featured_media":0,"parent":0,"menu_order":0,"comment_status":"closed","ping_status":"closed","template":"","meta":{"inline_featured_image":false,"footnotes":""},"_links":{"self":[{"href":"https:\/\/www.eveha.fr\/index.php\/wp-json\/wp\/v2\/pages\/9676"}],"collection":[{"href":"https:\/\/www.eveha.fr\/index.php\/wp-json\/wp\/v2\/pages"}],"about":[{"href":"https:\/\/www.eveha.fr\/index.php\/wp-json\/wp\/v2\/types\/page"}],"author":[{"embeddable":true,"href":"https:\/\/www.eveha.fr\/index.php\/wp-json\/wp\/v2\/users\/23"}],"replies":[{"embeddable":true,"href":"https:\/\/www.eveha.fr\/index.php\/wp-json\/wp\/v2\/comments?post=9676"}],"version-history":[{"count":8,"href":"https:\/\/www.eveha.fr\/index.php\/wp-json\/wp\/v2\/pages\/9676\/revisions"}],"predecessor-version":[{"id":9975,"href":"https:\/\/www.eveha.fr\/index.php\/wp-json\/wp\/v2\/pages\/9676\/revisions\/9975"}],"wp:attachment":[{"href":"https:\/\/www.eveha.fr\/index.php\/wp-json\/wp\/v2\/media?parent=9676"}],"curies":[{"name":"wp","href":"https:\/\/api.w.org\/{rel}","templated":true}]}}