{"id":9678,"date":"2025-10-03T15:56:14","date_gmt":"2025-10-03T13:56:14","guid":{"rendered":"https:\/\/www.eveha.fr\/?page_id=9678"},"modified":"2025-10-10T10:06:40","modified_gmt":"2025-10-10T08:06:40","slug":"prestations-etudes-documentaires-et-historiques","status":"publish","type":"page","link":"https:\/\/www.eveha.fr\/index.php\/prestations-etudes-documentaires-et-historiques\/","title":{"rendered":"Prestations &#8211; \u00c9tudes documentaires et historiques"},"content":{"rendered":"\n<div class=\"wp-block-columns is-layout-flex wp-container-3 wp-block-columns-is-layout-flex\">\n<div class=\"wp-block-column is-vertically-aligned-center is-layout-flow wp-block-column-is-layout-flow\">\n<h2 class=\"wp-block-heading\">D\u00e9finition<\/h2>\n\n\n\n<p>Les \u00e9tudes documentaires men\u00e9es par nos chercheurs permettent de r\u00e9pertorier et contextualiser des informations historiques sur un lieu donn\u00e9. Dans le cadre de projets de valorisation de sites, elles peuvent constituer un \u00e9clairage compl\u00e9mentaire et enrichir l&rsquo;approche historique du lieu.<\/p>\n<\/div>\n\n\n\n<div class=\"wp-block-column is-layout-flow wp-block-column-is-layout-flow\"><div class=\"wp-block-image is-style-rounded\">\n<figure class=\"aligncenter size-full\"><img decoding=\"async\" loading=\"lazy\" width=\"353\" height=\"353\" src=\"http:\/\/www.eveha.fr\/wp-content\/uploads\/2025\/08\/07_etudes_doc.png\" alt=\"\" class=\"wp-image-9277\" style=\"aspect-ratio:1;object-fit:cover\" srcset=\"https:\/\/www.eveha.fr\/wp-content\/uploads\/2025\/08\/07_etudes_doc.png 353w, https:\/\/www.eveha.fr\/wp-content\/uploads\/2025\/08\/07_etudes_doc-300x300.png 300w, https:\/\/www.eveha.fr\/wp-content\/uploads\/2025\/08\/07_etudes_doc-150x150.png 150w, https:\/\/www.eveha.fr\/wp-content\/uploads\/2025\/08\/07_etudes_doc-100x100.png 100w\" sizes=\"(max-width: 353px) 100vw, 353px\" \/><\/figure><\/div><\/div>\n<\/div>\n\n\n\n<h2 class=\"wp-block-heading\">Exemple de r\u00e9f\u00e9rences<\/h2>\n\n\n\n<div class=\"wp-block-columns is-layout-flex wp-container-7 wp-block-columns-is-layout-flex\">\n<div class=\"wp-block-column is-layout-flow wp-block-column-is-layout-flow\">\n<p class=\"has-text-align-center\"><strong><em>R\u00e9gion Bretagne &#8211; <\/em><br><em>Service Tourisme<\/em><\/strong><br>_<em> <\/em><br><em><strong>Rennes (35) <\/strong><\/em><br><em>\u00c9tude documentaire<\/em><\/p>\n<\/div>\n\n\n\n<div class=\"wp-block-column is-layout-flow wp-block-column-is-layout-flow\">\n<p class=\"has-text-align-center\"><em><strong>DRAC de <\/strong><\/em><br><em><strong>Cayenne<\/strong> <strong>(973)<\/strong> <\/em><br><em>\u00c9tude historique<\/em><\/p>\n<\/div>\n\n\n\n<div class=\"wp-block-column is-layout-flow wp-block-column-is-layout-flow\">\n<p class=\"has-text-align-center\"><em><strong>Akuo Energy<\/strong> <\/em><br>&#8211;<br><em><strong>Bizanet (11) <\/strong><\/em><br><em>Analyse<\/em> <em>bibliographique et d\u00e9pouillement de documents d\u2019archives<\/em><\/p>\n<\/div>\n<\/div>\n\n\n\n<h2 class=\"wp-block-heading\">Galerie<\/h2>\n\n\n\n<figure class=\"wp-block-gallery has-nested-images columns-default is-cropped wp-block-gallery-8 is-layout-flex wp-block-gallery-is-layout-flex\">\n<figure class=\"wp-block-image size-large\"><img decoding=\"async\" loading=\"lazy\" width=\"1024\" height=\"768\" data-id=\"9719\" src=\"https:\/\/www.eveha.fr\/wp-content\/uploads\/2025\/10\/DSCN3807-1024x768.jpg\" alt=\"\" class=\"wp-image-9719\" srcset=\"https:\/\/www.eveha.fr\/wp-content\/uploads\/2025\/10\/DSCN3807-1024x768.jpg 1024w, https:\/\/www.eveha.fr\/wp-content\/uploads\/2025\/10\/DSCN3807-300x225.jpg 300w, https:\/\/www.eveha.fr\/wp-content\/uploads\/2025\/10\/DSCN3807-768x576.jpg 768w, https:\/\/www.eveha.fr\/wp-content\/uploads\/2025\/10\/DSCN3807-1536x1152.jpg 1536w, https:\/\/www.eveha.fr\/wp-content\/uploads\/2025\/10\/DSCN3807-2048x1536.jpg 2048w\" sizes=\"(max-width: 767px) 89vw, (max-width: 1000px) 54vw, (max-width: 1071px) 543px, 580px\" \/><\/figure>\n\n\n\n<figure class=\"wp-block-image size-large\"><img decoding=\"async\" loading=\"lazy\" width=\"1024\" height=\"768\" data-id=\"9715\" src=\"https:\/\/www.eveha.fr\/wp-content\/uploads\/2025\/10\/DSCN7934-copie-1024x768.jpg\" alt=\"\" class=\"wp-image-9715\" srcset=\"https:\/\/www.eveha.fr\/wp-content\/uploads\/2025\/10\/DSCN7934-copie-1024x768.jpg 1024w, https:\/\/www.eveha.fr\/wp-content\/uploads\/2025\/10\/DSCN7934-copie-300x225.jpg 300w, https:\/\/www.eveha.fr\/wp-content\/uploads\/2025\/10\/DSCN7934-copie-768x576.jpg 768w, https:\/\/www.eveha.fr\/wp-content\/uploads\/2025\/10\/DSCN7934-copie-1536x1152.jpg 1536w, https:\/\/www.eveha.fr\/wp-content\/uploads\/2025\/10\/DSCN7934-copie-2048x1536.jpg 2048w\" sizes=\"(max-width: 767px) 89vw, (max-width: 1000px) 54vw, (max-width: 1071px) 543px, 580px\" \/><\/figure>\n\n\n\n<figure class=\"wp-block-image size-large\"><img decoding=\"async\" loading=\"lazy\" width=\"1024\" height=\"768\" data-id=\"9718\" src=\"https:\/\/www.eveha.fr\/wp-content\/uploads\/2025\/10\/DSCN3778-1024x768.jpg\" alt=\"\" class=\"wp-image-9718\" srcset=\"https:\/\/www.eveha.fr\/wp-content\/uploads\/2025\/10\/DSCN3778-1024x768.jpg 1024w, https:\/\/www.eveha.fr\/wp-content\/uploads\/2025\/10\/DSCN3778-300x225.jpg 300w, https:\/\/www.eveha.fr\/wp-content\/uploads\/2025\/10\/DSCN3778-768x576.jpg 768w, https:\/\/www.eveha.fr\/wp-content\/uploads\/2025\/10\/DSCN3778-1536x1152.jpg 1536w, https:\/\/www.eveha.fr\/wp-content\/uploads\/2025\/10\/DSCN3778-2048x1536.jpg 2048w\" sizes=\"(max-width: 767px) 89vw, (max-width: 1000px) 54vw, (max-width: 1071px) 543px, 580px\" \/><\/figure>\n\n\n\n<figure class=\"wp-block-image size-large\"><img decoding=\"async\" loading=\"lazy\" width=\"1000\" height=\"814\" data-id=\"9717\" src=\"https:\/\/www.eveha.fr\/wp-content\/uploads\/2025\/10\/angouleme_1575.jpg\" alt=\"\" class=\"wp-image-9717\" srcset=\"https:\/\/www.eveha.fr\/wp-content\/uploads\/2025\/10\/angouleme_1575.jpg 1000w, https:\/\/www.eveha.fr\/wp-content\/uploads\/2025\/10\/angouleme_1575-300x244.jpg 300w, https:\/\/www.eveha.fr\/wp-content\/uploads\/2025\/10\/angouleme_1575-768x625.jpg 768w\" sizes=\"(max-width: 767px) 89vw, (max-width: 1000px) 54vw, (max-width: 1071px) 543px, 580px\" \/><\/figure>\n\n\n\n<figure class=\"wp-block-image size-large\"><img decoding=\"async\" loading=\"lazy\" width=\"768\" height=\"1024\" data-id=\"9720\" src=\"https:\/\/www.eveha.fr\/wp-content\/uploads\/2025\/10\/P1010026-768x1024.png\" alt=\"\" class=\"wp-image-9720\" srcset=\"https:\/\/www.eveha.fr\/wp-content\/uploads\/2025\/10\/P1010026-768x1024.png 768w, https:\/\/www.eveha.fr\/wp-content\/uploads\/2025\/10\/P1010026-225x300.png 225w, https:\/\/www.eveha.fr\/wp-content\/uploads\/2025\/10\/P1010026-1152x1536.png 1152w, https:\/\/www.eveha.fr\/wp-content\/uploads\/2025\/10\/P1010026-1536x2048.png 1536w, https:\/\/www.eveha.fr\/wp-content\/uploads\/2025\/10\/P1010026.png 1944w\" sizes=\"(max-width: 767px) 89vw, (max-width: 1000px) 54vw, (max-width: 1071px) 543px, 580px\" \/><\/figure>\n\n\n\n<figure class=\"wp-block-image size-large\"><img decoding=\"async\" loading=\"lazy\" width=\"512\" height=\"735\" data-id=\"9721\" src=\"https:\/\/www.eveha.fr\/wp-content\/uploads\/2025\/10\/Saint-martial.jpg\" alt=\"\" class=\"wp-image-9721\" srcset=\"https:\/\/www.eveha.fr\/wp-content\/uploads\/2025\/10\/Saint-martial.jpg 512w, https:\/\/www.eveha.fr\/wp-content\/uploads\/2025\/10\/Saint-martial-209x300.jpg 209w\" sizes=\"(max-width: 512px) 100vw, 512px\" \/><\/figure>\n<\/figure>\n","protected":false},"excerpt":{"rendered":"<p>D\u00e9finition Les \u00e9tudes documentaires men\u00e9es par nos chercheurs permettent de r\u00e9pertorier et contextualiser des informations historiques sur un lieu donn\u00e9. Dans le cadre de projets de valorisation de sites, elles peuvent constituer un \u00e9clairage compl\u00e9mentaire et enrichir l&rsquo;approche historique du lieu. Exemple de r\u00e9f\u00e9rences R\u00e9gion Bretagne &#8211; Service Tourisme_ Rennes (35) \u00c9tude documentaire DRAC de &hellip; <\/p>\n<p class=\"link-more\"><a href=\"https:\/\/www.eveha.fr\/index.php\/prestations-etudes-documentaires-et-historiques\/\" class=\"more-link\">Continuer la lecture<span class=\"screen-reader-text\"> de &laquo;&nbsp;Prestations &#8211; \u00c9tudes documentaires et historiques&nbsp;&raquo;<\/span><\/a><\/p>\n","protected":false},"author":23,"featured_media":0,"parent":0,"menu_order":0,"comment_status":"closed","ping_status":"closed","template":"","meta":{"inline_featured_image":false,"footnotes":""},"_links":{"self":[{"href":"https:\/\/www.eveha.fr\/index.php\/wp-json\/wp\/v2\/pages\/9678"}],"collection":[{"href":"https:\/\/www.eveha.fr\/index.php\/wp-json\/wp\/v2\/pages"}],"about":[{"href":"https:\/\/www.eveha.fr\/index.php\/wp-json\/wp\/v2\/types\/page"}],"author":[{"embeddable":true,"href":"https:\/\/www.eveha.fr\/index.php\/wp-json\/wp\/v2\/users\/23"}],"replies":[{"embeddable":true,"href":"https:\/\/www.eveha.fr\/index.php\/wp-json\/wp\/v2\/comments?post=9678"}],"version-history":[{"count":12,"href":"https:\/\/www.eveha.fr\/index.php\/wp-json\/wp\/v2\/pages\/9678\/revisions"}],"predecessor-version":[{"id":9977,"href":"https:\/\/www.eveha.fr\/index.php\/wp-json\/wp\/v2\/pages\/9678\/revisions\/9977"}],"wp:attachment":[{"href":"https:\/\/www.eveha.fr\/index.php\/wp-json\/wp\/v2\/media?parent=9678"}],"curies":[{"name":"wp","href":"https:\/\/api.w.org\/{rel}","templated":true}]}}