{"id":9686,"date":"2025-10-03T15:58:12","date_gmt":"2025-10-03T13:58:12","guid":{"rendered":"https:\/\/www.eveha.fr\/?page_id=9686"},"modified":"2025-10-10T10:18:18","modified_gmt":"2025-10-10T08:18:18","slug":"prestations-etudes-specialisees","status":"publish","type":"page","link":"https:\/\/www.eveha.fr\/index.php\/prestations-etudes-specialisees\/","title":{"rendered":"Prestations &#8211; \u00c9tudes sp\u00e9cialis\u00e9es"},"content":{"rendered":"\n<div class=\"wp-block-columns is-layout-flex wp-container-3 wp-block-columns-is-layout-flex\">\n<div class=\"wp-block-column is-vertically-aligned-center is-layout-flow wp-block-column-is-layout-flow\">\n<h2 class=\"wp-block-heading\">D\u00e9finition<\/h2>\n\n\n\n<p>\u00c9veha met \u00e0 disposition des autres institutions ses sp\u00e9cialistes qui contribuent ainsi \u00e0 ancrer les d\u00e9couvertes dans la recherche actuelle et \u00e0 enrichir nos connaissances sur les soci\u00e9t\u00e9s pass\u00e9es.<\/p>\n\n\n\n<p>Pr\u00e8s d&rsquo;une vingtaine de sp\u00e9cialit\u00e9s vous sont propos\u00e9es, telles que les \u00e9tudes c\u00e9ramique ou anthropologique, mais aussi les \u00e9tudes pal\u00e9o-environnementales, pal\u00e9o-m\u00e9tallurgiques, etc.<\/p>\n<\/div>\n\n\n\n<div class=\"wp-block-column is-layout-flow wp-block-column-is-layout-flow\"><div class=\"wp-block-image is-style-rounded\">\n<figure class=\"aligncenter size-full\"><img decoding=\"async\" loading=\"lazy\" width=\"512\" height=\"341\" src=\"https:\/\/www.eveha.fr\/wp-content\/uploads\/2025\/08\/unnamed3.jpg\" alt=\"\" class=\"wp-image-9271\" style=\"aspect-ratio:1;object-fit:cover\" srcset=\"https:\/\/www.eveha.fr\/wp-content\/uploads\/2025\/08\/unnamed3.jpg 512w, https:\/\/www.eveha.fr\/wp-content\/uploads\/2025\/08\/unnamed3-300x200.jpg 300w\" sizes=\"(max-width: 512px) 100vw, 512px\" \/><\/figure><\/div><\/div>\n<\/div>\n\n\n\n<h2 class=\"wp-block-heading\">Exemple de r\u00e9f\u00e9rences<\/h2>\n\n\n\n<div class=\"wp-block-columns is-layout-flex wp-container-7 wp-block-columns-is-layout-flex\">\n<div class=\"wp-block-column is-layout-flow wp-block-column-is-layout-flow\">\n<p class=\"has-text-align-center\"><em><strong>Mission Arch\u00e9ologique D\u00e9partementale de l&rsquo;Eure<\/strong><\/em><strong><em> <\/em><\/strong><strong><em>(MADE)<\/em><\/strong><em><strong> <\/strong><\/em><br>&#8211;<br><em><strong>Le Vieil-Evreux (27)<\/strong><\/em><br><em>\u00c9tude m\u00e9tallique et <\/em><br><em>de la malacofaune<\/em><\/p>\n<\/div>\n\n\n\n<div class=\"wp-block-column is-layout-flow wp-block-column-is-layout-flow\">\n<p class=\"has-text-align-center\"><strong><em>Universit\u00e9 de Pau <\/em><\/strong><br>&#8211;<strong><br><em>Hiers-Brouage (17)<\/em><\/strong><br><em>\u00c9tude c\u00e9ramique<\/em><\/p>\n<\/div>\n\n\n\n<div class=\"wp-block-column is-layout-flow wp-block-column-is-layout-flow\">\n<p class=\"has-text-align-center\"><strong><em>Commune de Nice &#8211; Direction du Patrimoine<\/em> <em>Historique, Arch\u00e9ologique et des Archives <\/em><\/strong><br>_<strong><br><em>\u00c8ze (06) <\/em><\/strong><br><em>\u00c9tude ichtyologique<\/em><\/p>\n<\/div>\n<\/div>\n\n\n\n<h2 class=\"wp-block-heading\">Galerie<\/h2>\n\n\n\n<figure class=\"wp-block-gallery has-nested-images columns-default is-cropped wp-block-gallery-8 is-layout-flex wp-block-gallery-is-layout-flex\">\n<figure class=\"wp-block-image size-large\"><img decoding=\"async\" loading=\"lazy\" width=\"1024\" height=\"768\" data-id=\"9791\" src=\"https:\/\/www.eveha.fr\/wp-content\/uploads\/2025\/10\/2024-Anthraco-Sandrine-Paradis-001-1024x768.jpg\" alt=\"\" class=\"wp-image-9791\" srcset=\"https:\/\/www.eveha.fr\/wp-content\/uploads\/2025\/10\/2024-Anthraco-Sandrine-Paradis-001-1024x768.jpg 1024w, https:\/\/www.eveha.fr\/wp-content\/uploads\/2025\/10\/2024-Anthraco-Sandrine-Paradis-001-300x225.jpg 300w, https:\/\/www.eveha.fr\/wp-content\/uploads\/2025\/10\/2024-Anthraco-Sandrine-Paradis-001-768x576.jpg 768w, https:\/\/www.eveha.fr\/wp-content\/uploads\/2025\/10\/2024-Anthraco-Sandrine-Paradis-001-1536x1152.jpg 1536w, https:\/\/www.eveha.fr\/wp-content\/uploads\/2025\/10\/2024-Anthraco-Sandrine-Paradis-001-2048x1536.jpg 2048w\" sizes=\"(max-width: 767px) 89vw, (max-width: 1000px) 54vw, (max-width: 1071px) 543px, 580px\" \/><\/figure>\n\n\n\n<figure class=\"wp-block-image size-large\"><img decoding=\"async\" loading=\"lazy\" width=\"1024\" height=\"683\" data-id=\"9792\" src=\"https:\/\/www.eveha.fr\/wp-content\/uploads\/2025\/10\/2025-02-Anthraco-001-1024x683.jpg\" alt=\"\" class=\"wp-image-9792\" srcset=\"https:\/\/www.eveha.fr\/wp-content\/uploads\/2025\/10\/2025-02-Anthraco-001-1024x683.jpg 1024w, https:\/\/www.eveha.fr\/wp-content\/uploads\/2025\/10\/2025-02-Anthraco-001-300x200.jpg 300w, https:\/\/www.eveha.fr\/wp-content\/uploads\/2025\/10\/2025-02-Anthraco-001-768x512.jpg 768w, https:\/\/www.eveha.fr\/wp-content\/uploads\/2025\/10\/2025-02-Anthraco-001-1536x1024.jpg 1536w, https:\/\/www.eveha.fr\/wp-content\/uploads\/2025\/10\/2025-02-Anthraco-001-2048x1365.jpg 2048w\" sizes=\"(max-width: 767px) 89vw, (max-width: 1000px) 54vw, (max-width: 1071px) 543px, 580px\" \/><\/figure>\n\n\n\n<figure class=\"wp-block-image size-large\"><img decoding=\"async\" loading=\"lazy\" width=\"768\" height=\"1024\" data-id=\"9793\" src=\"https:\/\/www.eveha.fr\/wp-content\/uploads\/2025\/10\/IMG-2720-768x1024.jpg\" alt=\"\" class=\"wp-image-9793\" srcset=\"https:\/\/www.eveha.fr\/wp-content\/uploads\/2025\/10\/IMG-2720-768x1024.jpg 768w, https:\/\/www.eveha.fr\/wp-content\/uploads\/2025\/10\/IMG-2720-225x300.jpg 225w, https:\/\/www.eveha.fr\/wp-content\/uploads\/2025\/10\/IMG-2720-1152x1536.jpg 1152w, https:\/\/www.eveha.fr\/wp-content\/uploads\/2025\/10\/IMG-2720-1536x2048.jpg 1536w, https:\/\/www.eveha.fr\/wp-content\/uploads\/2025\/10\/IMG-2720-scaled.jpg 1920w\" sizes=\"(max-width: 767px) 89vw, (max-width: 1000px) 54vw, (max-width: 1071px) 543px, 580px\" \/><\/figure>\n\n\n\n<figure class=\"wp-block-image size-large\"><img decoding=\"async\" loading=\"lazy\" width=\"1024\" height=\"768\" data-id=\"9794\" src=\"https:\/\/www.eveha.fr\/wp-content\/uploads\/2025\/10\/IMG-2724-1024x768.jpg\" alt=\"\" class=\"wp-image-9794\" srcset=\"https:\/\/www.eveha.fr\/wp-content\/uploads\/2025\/10\/IMG-2724-1024x768.jpg 1024w, https:\/\/www.eveha.fr\/wp-content\/uploads\/2025\/10\/IMG-2724-300x225.jpg 300w, https:\/\/www.eveha.fr\/wp-content\/uploads\/2025\/10\/IMG-2724-768x576.jpg 768w, https:\/\/www.eveha.fr\/wp-content\/uploads\/2025\/10\/IMG-2724-1536x1152.jpg 1536w, https:\/\/www.eveha.fr\/wp-content\/uploads\/2025\/10\/IMG-2724-2048x1536.jpg 2048w\" sizes=\"(max-width: 767px) 89vw, (max-width: 1000px) 54vw, (max-width: 1071px) 543px, 580px\" \/><\/figure>\n\n\n\n<figure class=\"wp-block-image size-large\"><img decoding=\"async\" loading=\"lazy\" width=\"1024\" height=\"768\" data-id=\"9795\" src=\"https:\/\/www.eveha.fr\/wp-content\/uploads\/2025\/10\/michael-seigle-kunara2-1024x768.jpg\" alt=\"\" class=\"wp-image-9795\" srcset=\"https:\/\/www.eveha.fr\/wp-content\/uploads\/2025\/10\/michael-seigle-kunara2-1024x768.jpg 1024w, https:\/\/www.eveha.fr\/wp-content\/uploads\/2025\/10\/michael-seigle-kunara2-300x225.jpg 300w, https:\/\/www.eveha.fr\/wp-content\/uploads\/2025\/10\/michael-seigle-kunara2-768x576.jpg 768w, https:\/\/www.eveha.fr\/wp-content\/uploads\/2025\/10\/michael-seigle-kunara2-1536x1152.jpg 1536w, https:\/\/www.eveha.fr\/wp-content\/uploads\/2025\/10\/michael-seigle-kunara2-2048x1536.jpg 2048w\" sizes=\"(max-width: 767px) 89vw, (max-width: 1000px) 54vw, (max-width: 1071px) 543px, 580px\" \/><\/figure>\n\n\n\n<figure class=\"wp-block-image size-large\"><img decoding=\"async\" loading=\"lazy\" width=\"1024\" height=\"768\" data-id=\"9796\" src=\"https:\/\/www.eveha.fr\/wp-content\/uploads\/2025\/10\/IMGP8434-1024x768.jpg\" alt=\"\" class=\"wp-image-9796\" srcset=\"https:\/\/www.eveha.fr\/wp-content\/uploads\/2025\/10\/IMGP8434-1024x768.jpg 1024w, https:\/\/www.eveha.fr\/wp-content\/uploads\/2025\/10\/IMGP8434-300x225.jpg 300w, https:\/\/www.eveha.fr\/wp-content\/uploads\/2025\/10\/IMGP8434-768x576.jpg 768w, https:\/\/www.eveha.fr\/wp-content\/uploads\/2025\/10\/IMGP8434-1536x1152.jpg 1536w, https:\/\/www.eveha.fr\/wp-content\/uploads\/2025\/10\/IMGP8434-2048x1536.jpg 2048w\" sizes=\"(max-width: 767px) 89vw, (max-width: 1000px) 54vw, (max-width: 1071px) 543px, 580px\" \/><\/figure>\n\n\n\n<figure class=\"wp-block-image size-large\"><img decoding=\"async\" loading=\"lazy\" width=\"1024\" height=\"724\" data-id=\"9797\" src=\"https:\/\/www.eveha.fr\/wp-content\/uploads\/2025\/10\/Clermont4emeLezoux-1024x724.jpg\" alt=\"\" class=\"wp-image-9797\" srcset=\"https:\/\/www.eveha.fr\/wp-content\/uploads\/2025\/10\/Clermont4emeLezoux-1024x724.jpg 1024w, https:\/\/www.eveha.fr\/wp-content\/uploads\/2025\/10\/Clermont4emeLezoux-300x212.jpg 300w, https:\/\/www.eveha.fr\/wp-content\/uploads\/2025\/10\/Clermont4emeLezoux-768x543.jpg 768w, https:\/\/www.eveha.fr\/wp-content\/uploads\/2025\/10\/Clermont4emeLezoux.jpg 1200w\" sizes=\"(max-width: 767px) 89vw, (max-width: 1000px) 54vw, (max-width: 1071px) 543px, 580px\" \/><\/figure>\n\n\n\n<figure class=\"wp-block-image size-large\"><img decoding=\"async\" loading=\"lazy\" width=\"681\" height=\"1024\" data-id=\"9798\" src=\"https:\/\/www.eveha.fr\/wp-content\/uploads\/2025\/10\/DSC_0048-681x1024.jpg\" alt=\"\" class=\"wp-image-9798\" srcset=\"https:\/\/www.eveha.fr\/wp-content\/uploads\/2025\/10\/DSC_0048-681x1024.jpg 681w, https:\/\/www.eveha.fr\/wp-content\/uploads\/2025\/10\/DSC_0048-199x300.jpg 199w, https:\/\/www.eveha.fr\/wp-content\/uploads\/2025\/10\/DSC_0048-768x1155.jpg 768w, https:\/\/www.eveha.fr\/wp-content\/uploads\/2025\/10\/DSC_0048-1021x1536.jpg 1021w, https:\/\/www.eveha.fr\/wp-content\/uploads\/2025\/10\/DSC_0048-1362x2048.jpg 1362w, https:\/\/www.eveha.fr\/wp-content\/uploads\/2025\/10\/DSC_0048-scaled.jpg 1702w\" sizes=\"(max-width: 681px) 100vw, 681px\" \/><\/figure>\n\n\n\n<figure class=\"wp-block-image size-large\"><img decoding=\"async\" loading=\"lazy\" width=\"1024\" height=\"575\" data-id=\"9799\" src=\"https:\/\/www.eveha.fr\/wp-content\/uploads\/2025\/10\/2024-villneuve-sur-lot-etude-met-22-1024x575.jpg\" alt=\"\" class=\"wp-image-9799\" srcset=\"https:\/\/www.eveha.fr\/wp-content\/uploads\/2025\/10\/2024-villneuve-sur-lot-etude-met-22-1024x575.jpg 1024w, https:\/\/www.eveha.fr\/wp-content\/uploads\/2025\/10\/2024-villneuve-sur-lot-etude-met-22-300x169.jpg 300w, https:\/\/www.eveha.fr\/wp-content\/uploads\/2025\/10\/2024-villneuve-sur-lot-etude-met-22-768x432.jpg 768w, https:\/\/www.eveha.fr\/wp-content\/uploads\/2025\/10\/2024-villneuve-sur-lot-etude-met-22-1536x863.jpg 1536w, https:\/\/www.eveha.fr\/wp-content\/uploads\/2025\/10\/2024-villneuve-sur-lot-etude-met-22-2048x1151.jpg 2048w\" sizes=\"(max-width: 767px) 89vw, (max-width: 1000px) 54vw, (max-width: 1071px) 543px, 580px\" \/><\/figure>\n<\/figure>\n","protected":false},"excerpt":{"rendered":"<p>D\u00e9finition \u00c9veha met \u00e0 disposition des autres institutions ses sp\u00e9cialistes qui contribuent ainsi \u00e0 ancrer les d\u00e9couvertes dans la recherche actuelle et \u00e0 enrichir nos connaissances sur les soci\u00e9t\u00e9s pass\u00e9es. Pr\u00e8s d&rsquo;une vingtaine de sp\u00e9cialit\u00e9s vous sont propos\u00e9es, telles que les \u00e9tudes c\u00e9ramique ou anthropologique, mais aussi les \u00e9tudes pal\u00e9o-environnementales, pal\u00e9o-m\u00e9tallurgiques, etc. Exemple de r\u00e9f\u00e9rences &hellip; <\/p>\n<p class=\"link-more\"><a href=\"https:\/\/www.eveha.fr\/index.php\/prestations-etudes-specialisees\/\" class=\"more-link\">Continuer la lecture<span class=\"screen-reader-text\"> de &laquo;&nbsp;Prestations &#8211; \u00c9tudes sp\u00e9cialis\u00e9es&nbsp;&raquo;<\/span><\/a><\/p>\n","protected":false},"author":23,"featured_media":0,"parent":0,"menu_order":0,"comment_status":"closed","ping_status":"closed","template":"","meta":{"inline_featured_image":false,"footnotes":""},"_links":{"self":[{"href":"https:\/\/www.eveha.fr\/index.php\/wp-json\/wp\/v2\/pages\/9686"}],"collection":[{"href":"https:\/\/www.eveha.fr\/index.php\/wp-json\/wp\/v2\/pages"}],"about":[{"href":"https:\/\/www.eveha.fr\/index.php\/wp-json\/wp\/v2\/types\/page"}],"author":[{"embeddable":true,"href":"https:\/\/www.eveha.fr\/index.php\/wp-json\/wp\/v2\/users\/23"}],"replies":[{"embeddable":true,"href":"https:\/\/www.eveha.fr\/index.php\/wp-json\/wp\/v2\/comments?post=9686"}],"version-history":[{"count":8,"href":"https:\/\/www.eveha.fr\/index.php\/wp-json\/wp\/v2\/pages\/9686\/revisions"}],"predecessor-version":[{"id":9981,"href":"https:\/\/www.eveha.fr\/index.php\/wp-json\/wp\/v2\/pages\/9686\/revisions\/9981"}],"wp:attachment":[{"href":"https:\/\/www.eveha.fr\/index.php\/wp-json\/wp\/v2\/media?parent=9686"}],"curies":[{"name":"wp","href":"https:\/\/api.w.org\/{rel}","templated":true}]}}