{"id":9694,"date":"2025-10-03T17:11:41","date_gmt":"2025-10-03T15:11:41","guid":{"rendered":"https:\/\/www.eveha.fr\/?page_id=9694"},"modified":"2025-10-10T10:25:29","modified_gmt":"2025-10-10T08:25:29","slug":"prestations-photogrammetrie-et-restitution-3d","status":"publish","type":"page","link":"https:\/\/www.eveha.fr\/index.php\/prestations-photogrammetrie-et-restitution-3d\/","title":{"rendered":"Prestations &#8211; Photogramm\u00e9trie et restitution 3D"},"content":{"rendered":"\n<div class=\"wp-block-columns is-layout-flex wp-container-3 wp-block-columns-is-layout-flex\">\n<div class=\"wp-block-column is-vertically-aligned-center is-layout-flow wp-block-column-is-layout-flow\">\n<h2 class=\"wp-block-heading\">D\u00e9finition<\/h2>\n\n\n\n<p>\u00c9veha d\u00e9veloppe des projets de photogramm\u00e9trie et de restitution 3D qui contribuent \u00e0 l\u2019acquisition de donn\u00e9es d\u00e8s le terrain, puis \u00e0 l\u2019analyse de ces derni\u00e8res en laboratoire.<\/p>\n<\/div>\n\n\n\n<div class=\"wp-block-column is-vertically-aligned-center is-layout-flow wp-block-column-is-layout-flow\"><div class=\"wp-block-image is-style-rounded\">\n<figure class=\"aligncenter size-large\"><img decoding=\"async\" loading=\"lazy\" width=\"1024\" height=\"635\" src=\"http:\/\/www.eveha.fr\/wp-content\/uploads\/2025\/08\/Capture-de\u0301cran-2024-05-31-a\u0300-17.00.13-1024x635.png\" alt=\"\" class=\"wp-image-9274\" style=\"aspect-ratio:1;object-fit:cover\" srcset=\"https:\/\/www.eveha.fr\/wp-content\/uploads\/2025\/08\/Capture-de\u0301cran-2024-05-31-a\u0300-17.00.13-1024x635.png 1024w, https:\/\/www.eveha.fr\/wp-content\/uploads\/2025\/08\/Capture-de\u0301cran-2024-05-31-a\u0300-17.00.13-300x186.png 300w, https:\/\/www.eveha.fr\/wp-content\/uploads\/2025\/08\/Capture-de\u0301cran-2024-05-31-a\u0300-17.00.13-768x476.png 768w, https:\/\/www.eveha.fr\/wp-content\/uploads\/2025\/08\/Capture-de\u0301cran-2024-05-31-a\u0300-17.00.13.png 1086w\" sizes=\"(max-width: 767px) 89vw, (max-width: 1000px) 54vw, (max-width: 1071px) 543px, 580px\" \/><\/figure><\/div><\/div>\n<\/div>\n\n\n\n<h2 class=\"wp-block-heading\">Exemple de r\u00e9f\u00e9rences<\/h2>\n\n\n\n<div class=\"wp-block-columns is-layout-flex wp-container-7 wp-block-columns-is-layout-flex\">\n<div class=\"wp-block-column is-layout-flow wp-block-column-is-layout-flow\">\n<p class=\"has-text-align-center\"><strong><em>PCR \u00ab du bois pour Limoges \u00bb <\/em><\/strong><br>&#8211;<br><em><strong>Limoges (87) <\/strong><\/em><br><em>R\u00e9alisation de la mod\u00e9lisation 3D de l&rsquo;ensemble de la rue de Boucherie dans le cadre d&rsquo;une \u00e9tude de b\u00e2ti <\/em><\/p>\n<\/div>\n\n\n\n<div class=\"wp-block-column is-layout-flow wp-block-column-is-layout-flow\">\n<p class=\"has-text-align-center\"><strong><em>PCR \u00ab L&rsquo;abbaye de Sorde \u00bb <\/em><br><\/strong>&#8211;<br><strong><em>Sorde-l&rsquo;Abbaye (40)<\/em><\/strong><br><em>Mod\u00e9lisation du cryptoportique<\/em><\/p>\n<\/div>\n\n\n\n<div class=\"wp-block-column is-layout-flow wp-block-column-is-layout-flow\">\n<p class=\"has-text-align-center\"><strong><em>DRAC Nouvelle Aquitaine<\/em><br><\/strong>&#8211;<br><strong><em>Bordeaux (33)  <\/em><\/strong><br><em>Relev\u00e9 photogramm\u00e9trique de la cath\u00e9drale Saint-Andr\u00e9 dans le d<\/em><\/p>\n<\/div>\n<\/div>\n\n\n\n<h2 class=\"wp-block-heading\">Exemples<\/h2>\n\n\n\n<div class=\"wp-block-columns is-layout-flex wp-container-10 wp-block-columns-is-layout-flex\">\n<div class=\"wp-block-column is-layout-flow wp-block-column-is-layout-flow\">\n<div class=\"sketchfab-embed-wrapper\"> <iframe title=\"Aubas (24), \u00e9glise\" frameborder=\"0\" allowfullscreen mozallowfullscreen=\"true\" webkitallowfullscreen=\"true\" allow=\"autoplay; fullscreen; xr-spatial-tracking\" xr-spatial-tracking execution-while-out-of-viewport execution-while-not-rendered web-share src=\"https:\/\/sketchfab.com\/models\/91f16ff025fa456daf0f8716f116f4c8\/embed\"> <\/iframe> <p style=\"font-size: 13px; font-weight: normal; margin: 5px; color: #4A4A4A;\"> <a href=\"https:\/\/sketchfab.com\/3d-models\/aubas-24-eglise-91f16ff025fa456daf0f8716f116f4c8?utm_medium=embed&#038;utm_campaign=share-popup&#038;utm_content=91f16ff025fa456daf0f8716f116f4c8\" target=\"_blank\" rel=\"nofollow noopener\" style=\"font-weight: bold; color: #1CAAD9;\"> Aubas (24), \u00e9glise <\/a> by <a href=\"https:\/\/sketchfab.com\/eveha?utm_medium=embed&#038;utm_campaign=share-popup&#038;utm_content=91f16ff025fa456daf0f8716f116f4c8\" target=\"_blank\" rel=\"nofollow noopener\" style=\"font-weight: bold; color: #1CAAD9;\"> eveha <\/a> on <a href=\"https:\/\/sketchfab.com?utm_medium=embed&#038;utm_campaign=share-popup&#038;utm_content=91f16ff025fa456daf0f8716f116f4c8\" target=\"_blank\" rel=\"nofollow noopener\" style=\"font-weight: bold; color: #1CAAD9;\">Sketchfab<\/a><\/p><\/div>\n<\/div>\n\n\n\n<div class=\"wp-block-column is-layout-flow wp-block-column-is-layout-flow\">\n<div class=\"sketchfab-embed-wrapper\"> <iframe title=\"Albi (81), Pont Vieux\" frameborder=\"0\" allowfullscreen mozallowfullscreen=\"true\" webkitallowfullscreen=\"true\" allow=\"autoplay; fullscreen; xr-spatial-tracking\" xr-spatial-tracking execution-while-out-of-viewport execution-while-not-rendered web-share src=\"https:\/\/sketchfab.com\/models\/6c4c052bf370466982b29c123be5334a\/embed\"> <\/iframe> <p style=\"font-size: 13px; font-weight: normal; margin: 5px; color: #4A4A4A;\"> <a href=\"https:\/\/sketchfab.com\/3d-models\/albi-81-pont-vieux-6c4c052bf370466982b29c123be5334a?utm_medium=embed&#038;utm_campaign=share-popup&#038;utm_content=6c4c052bf370466982b29c123be5334a\" target=\"_blank\" rel=\"nofollow noopener\" style=\"font-weight: bold; color: #1CAAD9;\"> Albi (81), Pont Vieux <\/a> by <a href=\"https:\/\/sketchfab.com\/eveha?utm_medium=embed&#038;utm_campaign=share-popup&#038;utm_content=6c4c052bf370466982b29c123be5334a\" target=\"_blank\" rel=\"nofollow noopener\" style=\"font-weight: bold; color: #1CAAD9;\"> eveha <\/a> on <a href=\"https:\/\/sketchfab.com?utm_medium=embed&#038;utm_campaign=share-popup&#038;utm_content=6c4c052bf370466982b29c123be5334a\" target=\"_blank\" rel=\"nofollow noopener\" style=\"font-weight: bold; color: #1CAAD9;\">Sketchfab<\/a><\/p><\/div>\n<\/div>\n<\/div>\n\n\n\n<div class=\"wp-block-buttons is-content-justification-center is-layout-flex wp-container-11 wp-block-buttons-is-layout-flex\">\n<div class=\"wp-block-button is-style-outline\"><a class=\"wp-block-button__link has-text-align-center wp-element-button\" href=\"https:\/\/sketchfab.com\/eveha\" target=\"_blank\" rel=\"noreferrer noopener\">Plus d&rsquo;exemples sur sketchfab<\/a><\/div>\n<\/div>\n\n\n\n<h2 class=\"wp-block-heading\">Galerie<\/h2>\n\n\n\n<figure class=\"wp-block-gallery has-nested-images columns-default is-cropped wp-block-gallery-12 is-layout-flex wp-block-gallery-is-layout-flex\">\n<figure class=\"wp-block-image size-large\"><img decoding=\"async\" loading=\"lazy\" width=\"1024\" height=\"576\" data-id=\"9822\" src=\"https:\/\/www.eveha.fr\/wp-content\/uploads\/2025\/10\/eevee_100-1024x576.png\" alt=\"\" class=\"wp-image-9822\" srcset=\"https:\/\/www.eveha.fr\/wp-content\/uploads\/2025\/10\/eevee_100-1024x576.png 1024w, https:\/\/www.eveha.fr\/wp-content\/uploads\/2025\/10\/eevee_100-300x169.png 300w, https:\/\/www.eveha.fr\/wp-content\/uploads\/2025\/10\/eevee_100-768x432.png 768w, https:\/\/www.eveha.fr\/wp-content\/uploads\/2025\/10\/eevee_100-1536x864.png 1536w, https:\/\/www.eveha.fr\/wp-content\/uploads\/2025\/10\/eevee_100.png 1920w\" sizes=\"(max-width: 767px) 89vw, (max-width: 1000px) 54vw, (max-width: 1071px) 543px, 580px\" \/><\/figure>\n\n\n\n<figure class=\"wp-block-image size-large\"><img decoding=\"async\" loading=\"lazy\" width=\"1024\" height=\"777\" data-id=\"9823\" src=\"https:\/\/www.eveha.fr\/wp-content\/uploads\/2025\/10\/2023_Sorigny_Isoparc2-1024x777.jpg\" alt=\"\" class=\"wp-image-9823\" srcset=\"https:\/\/www.eveha.fr\/wp-content\/uploads\/2025\/10\/2023_Sorigny_Isoparc2-1024x777.jpg 1024w, https:\/\/www.eveha.fr\/wp-content\/uploads\/2025\/10\/2023_Sorigny_Isoparc2-300x228.jpg 300w, https:\/\/www.eveha.fr\/wp-content\/uploads\/2025\/10\/2023_Sorigny_Isoparc2-768x583.jpg 768w, https:\/\/www.eveha.fr\/wp-content\/uploads\/2025\/10\/2023_Sorigny_Isoparc2-1536x1166.jpg 1536w, https:\/\/www.eveha.fr\/wp-content\/uploads\/2025\/10\/2023_Sorigny_Isoparc2-2048x1555.jpg 2048w\" sizes=\"(max-width: 767px) 89vw, (max-width: 1000px) 54vw, (max-width: 1071px) 543px, 580px\" \/><\/figure>\n\n\n\n<figure class=\"wp-block-image size-large\"><img decoding=\"async\" loading=\"lazy\" width=\"1024\" height=\"597\" data-id=\"9824\" src=\"https:\/\/www.eveha.fr\/wp-content\/uploads\/2025\/10\/2024-p_bessaguet-1024x597.jpg\" alt=\"\" class=\"wp-image-9824\" srcset=\"https:\/\/www.eveha.fr\/wp-content\/uploads\/2025\/10\/2024-p_bessaguet-1024x597.jpg 1024w, https:\/\/www.eveha.fr\/wp-content\/uploads\/2025\/10\/2024-p_bessaguet-300x175.jpg 300w, https:\/\/www.eveha.fr\/wp-content\/uploads\/2025\/10\/2024-p_bessaguet-768x448.jpg 768w, https:\/\/www.eveha.fr\/wp-content\/uploads\/2025\/10\/2024-p_bessaguet-1536x895.jpg 1536w, https:\/\/www.eveha.fr\/wp-content\/uploads\/2025\/10\/2024-p_bessaguet-2048x1194.jpg 2048w\" sizes=\"(max-width: 767px) 89vw, (max-width: 1000px) 54vw, (max-width: 1071px) 543px, 580px\" \/><\/figure>\n<\/figure>\n","protected":false},"excerpt":{"rendered":"<p>D\u00e9finition \u00c9veha d\u00e9veloppe des projets de photogramm\u00e9trie et de restitution 3D qui contribuent \u00e0 l\u2019acquisition de donn\u00e9es d\u00e8s le terrain, puis \u00e0 l\u2019analyse de ces derni\u00e8res en laboratoire. Exemple de r\u00e9f\u00e9rences PCR \u00ab du bois pour Limoges \u00bb &#8211;Limoges (87) R\u00e9alisation de la mod\u00e9lisation 3D de l&rsquo;ensemble de la rue de Boucherie dans le cadre &hellip; <\/p>\n<p class=\"link-more\"><a href=\"https:\/\/www.eveha.fr\/index.php\/prestations-photogrammetrie-et-restitution-3d\/\" class=\"more-link\">Continuer la lecture<span class=\"screen-reader-text\"> de &laquo;&nbsp;Prestations &#8211; Photogramm\u00e9trie et restitution 3D&nbsp;&raquo;<\/span><\/a><\/p>\n","protected":false},"author":23,"featured_media":0,"parent":0,"menu_order":0,"comment_status":"closed","ping_status":"closed","template":"","meta":{"inline_featured_image":false,"footnotes":""},"_links":{"self":[{"href":"https:\/\/www.eveha.fr\/index.php\/wp-json\/wp\/v2\/pages\/9694"}],"collection":[{"href":"https:\/\/www.eveha.fr\/index.php\/wp-json\/wp\/v2\/pages"}],"about":[{"href":"https:\/\/www.eveha.fr\/index.php\/wp-json\/wp\/v2\/types\/page"}],"author":[{"embeddable":true,"href":"https:\/\/www.eveha.fr\/index.php\/wp-json\/wp\/v2\/users\/23"}],"replies":[{"embeddable":true,"href":"https:\/\/www.eveha.fr\/index.php\/wp-json\/wp\/v2\/comments?post=9694"}],"version-history":[{"count":7,"href":"https:\/\/www.eveha.fr\/index.php\/wp-json\/wp\/v2\/pages\/9694\/revisions"}],"predecessor-version":[{"id":9983,"href":"https:\/\/www.eveha.fr\/index.php\/wp-json\/wp\/v2\/pages\/9694\/revisions\/9983"}],"wp:attachment":[{"href":"https:\/\/www.eveha.fr\/index.php\/wp-json\/wp\/v2\/media?parent=9694"}],"curies":[{"name":"wp","href":"https:\/\/api.w.org\/{rel}","templated":true}]}}