{"id":9696,"date":"2025-10-03T17:13:50","date_gmt":"2025-10-03T15:13:50","guid":{"rendered":"https:\/\/www.eveha.fr\/?page_id=9696"},"modified":"2025-10-10T10:37:50","modified_gmt":"2025-10-10T08:37:50","slug":"prestations-topographie-et-systemes-dinformation-geographique","status":"publish","type":"page","link":"https:\/\/www.eveha.fr\/index.php\/prestations-topographie-et-systemes-dinformation-geographique\/","title":{"rendered":"Prestations &#8211; Topographie et syst\u00e8mes d&rsquo;information g\u00e9ographique"},"content":{"rendered":"\n<div class=\"wp-block-columns is-layout-flex wp-container-3 wp-block-columns-is-layout-flex\">\n<div class=\"wp-block-column is-vertically-aligned-center is-layout-flow wp-block-column-is-layout-flow\">\n<h2 class=\"wp-block-heading\">D\u00e9finition<\/h2>\n\n\n\n<p>\u00c9veha r\u00e9alise des projets de mod\u00e9lisation des informations arch\u00e9ologiques gr\u00e2ce \u00e0 des syst\u00e8mes d\u2019information g\u00e9ographique (SIG).<br>Elle met \u00e9galement ses topographes \u00e0 la disposition des autres institutions.<\/p>\n<\/div>\n\n\n\n<div class=\"wp-block-column is-vertically-aligned-center is-layout-flow wp-block-column-is-layout-flow\"><div class=\"wp-block-image is-style-rounded\">\n<figure class=\"aligncenter size-large\"><img decoding=\"async\" loading=\"lazy\" width=\"768\" height=\"1024\" src=\"http:\/\/www.eveha.fr\/wp-content\/uploads\/2025\/08\/IMG_4911-768x1024.jpg\" alt=\"\" class=\"wp-image-9276\" style=\"aspect-ratio:1;object-fit:cover\" srcset=\"https:\/\/www.eveha.fr\/wp-content\/uploads\/2025\/08\/IMG_4911-768x1024.jpg 768w, https:\/\/www.eveha.fr\/wp-content\/uploads\/2025\/08\/IMG_4911-225x300.jpg 225w, https:\/\/www.eveha.fr\/wp-content\/uploads\/2025\/08\/IMG_4911-1152x1536.jpg 1152w, https:\/\/www.eveha.fr\/wp-content\/uploads\/2025\/08\/IMG_4911-1536x2048.jpg 1536w, https:\/\/www.eveha.fr\/wp-content\/uploads\/2025\/08\/IMG_4911-scaled.jpg 1920w\" sizes=\"(max-width: 767px) 89vw, (max-width: 1000px) 54vw, (max-width: 1071px) 543px, 580px\" \/><\/figure><\/div><\/div>\n<\/div>\n\n\n\n<h2 class=\"wp-block-heading\">Exemple de r\u00e9f\u00e9rences<\/h2>\n\n\n\n<div class=\"wp-block-columns is-layout-flex wp-container-7 wp-block-columns-is-layout-flex\">\n<div class=\"wp-block-column is-layout-flow wp-block-column-is-layout-flow\">\n<p class=\"has-text-align-center\"><em><strong>Arch\u00e9a <\/strong><\/em><br>&#8211;<br><em><strong>Moutier-Rozeille (19) <\/strong>R\u00e9alisation de relev\u00e9s topographiques et livraison d&rsquo;un plan.<\/em><\/p>\n<\/div>\n\n\n\n<div class=\"wp-block-column is-layout-flow wp-block-column-is-layout-flow\">\n<p class=\"has-text-align-center\"><strong>Arch\u00e9oTek<br><\/strong>&#8211;<br><strong><em>Blond (87)<\/em><\/strong><br><em>Implantation de bornes topographiques, relev\u00e9 topographique et livraison du plan.<\/em><\/p>\n<\/div>\n\n\n\n<div class=\"wp-block-column is-layout-flow wp-block-column-is-layout-flow\">\n<p class=\"has-text-align-center\"><strong><em>Universit\u00e9 de Lille<\/em><br><\/strong>&#8211;<br><strong><em>Saint-Bertrand-de-Comminges (31)  <\/em><\/strong><br><em>R\u00e9alisation de relev\u00e9s topographiques et livraison d&rsquo;un plan.<\/em><\/p>\n<\/div>\n<\/div>\n\n\n\n<h2 class=\"wp-block-heading\">Galerie<\/h2>\n\n\n\n<figure class=\"wp-block-gallery has-nested-images columns-default is-cropped wp-block-gallery-8 is-layout-flex wp-block-gallery-is-layout-flex\">\n<figure class=\"wp-block-image size-large\"><img decoding=\"async\" loading=\"lazy\" width=\"768\" height=\"1024\" data-id=\"9739\" src=\"https:\/\/www.eveha.fr\/wp-content\/uploads\/2025\/10\/sorde4_2023-768x1024.jpg\" alt=\"\" class=\"wp-image-9739\" srcset=\"https:\/\/www.eveha.fr\/wp-content\/uploads\/2025\/10\/sorde4_2023-768x1024.jpg 768w, https:\/\/www.eveha.fr\/wp-content\/uploads\/2025\/10\/sorde4_2023-225x300.jpg 225w, https:\/\/www.eveha.fr\/wp-content\/uploads\/2025\/10\/sorde4_2023-1152x1536.jpg 1152w, https:\/\/www.eveha.fr\/wp-content\/uploads\/2025\/10\/sorde4_2023-1536x2048.jpg 1536w, https:\/\/www.eveha.fr\/wp-content\/uploads\/2025\/10\/sorde4_2023-scaled.jpg 1920w\" sizes=\"(max-width: 767px) 89vw, (max-width: 1000px) 54vw, (max-width: 1071px) 543px, 580px\" \/><\/figure>\n\n\n\n<figure class=\"wp-block-image size-large\"><img decoding=\"async\" loading=\"lazy\" width=\"683\" height=\"1024\" data-id=\"9812\" src=\"https:\/\/www.eveha.fr\/wp-content\/uploads\/2025\/10\/DSCF3129-2-683x1024.jpg\" alt=\"\" class=\"wp-image-9812\" srcset=\"https:\/\/www.eveha.fr\/wp-content\/uploads\/2025\/10\/DSCF3129-2-683x1024.jpg 683w, https:\/\/www.eveha.fr\/wp-content\/uploads\/2025\/10\/DSCF3129-2-200x300.jpg 200w, https:\/\/www.eveha.fr\/wp-content\/uploads\/2025\/10\/DSCF3129-2-768x1152.jpg 768w, https:\/\/www.eveha.fr\/wp-content\/uploads\/2025\/10\/DSCF3129-2-1024x1536.jpg 1024w, https:\/\/www.eveha.fr\/wp-content\/uploads\/2025\/10\/DSCF3129-2-1365x2048.jpg 1365w, https:\/\/www.eveha.fr\/wp-content\/uploads\/2025\/10\/DSCF3129-2-scaled.jpg 1707w\" sizes=\"(max-width: 683px) 100vw, 683px\" \/><\/figure>\n\n\n\n<figure class=\"wp-block-image size-large\"><img decoding=\"async\" loading=\"lazy\" width=\"1024\" height=\"768\" data-id=\"9813\" src=\"https:\/\/www.eveha.fr\/wp-content\/uploads\/2025\/10\/DSC09164-1024x768.jpg\" alt=\"\" class=\"wp-image-9813\" srcset=\"https:\/\/www.eveha.fr\/wp-content\/uploads\/2025\/10\/DSC09164-1024x768.jpg 1024w, https:\/\/www.eveha.fr\/wp-content\/uploads\/2025\/10\/DSC09164-300x225.jpg 300w, https:\/\/www.eveha.fr\/wp-content\/uploads\/2025\/10\/DSC09164-768x576.jpg 768w, https:\/\/www.eveha.fr\/wp-content\/uploads\/2025\/10\/DSC09164-1536x1152.jpg 1536w, https:\/\/www.eveha.fr\/wp-content\/uploads\/2025\/10\/DSC09164-2048x1536.jpg 2048w\" sizes=\"(max-width: 767px) 89vw, (max-width: 1000px) 54vw, (max-width: 1071px) 543px, 580px\" \/><\/figure>\n\n\n\n<figure class=\"wp-block-image size-large\"><img decoding=\"async\" loading=\"lazy\" width=\"1024\" height=\"683\" data-id=\"9814\" src=\"https:\/\/www.eveha.fr\/wp-content\/uploads\/2025\/10\/DSCF3150-1024x683.jpg\" alt=\"\" class=\"wp-image-9814\" srcset=\"https:\/\/www.eveha.fr\/wp-content\/uploads\/2025\/10\/DSCF3150-1024x683.jpg 1024w, https:\/\/www.eveha.fr\/wp-content\/uploads\/2025\/10\/DSCF3150-300x200.jpg 300w, https:\/\/www.eveha.fr\/wp-content\/uploads\/2025\/10\/DSCF3150-768x512.jpg 768w, https:\/\/www.eveha.fr\/wp-content\/uploads\/2025\/10\/DSCF3150-1536x1024.jpg 1536w, https:\/\/www.eveha.fr\/wp-content\/uploads\/2025\/10\/DSCF3150-2048x1365.jpg 2048w\" sizes=\"(max-width: 767px) 89vw, (max-width: 1000px) 54vw, (max-width: 1071px) 543px, 580px\" \/><\/figure>\n\n\n\n<figure class=\"wp-block-image size-large\"><img decoding=\"async\" loading=\"lazy\" width=\"1024\" height=\"683\" data-id=\"9815\" src=\"https:\/\/www.eveha.fr\/wp-content\/uploads\/2025\/10\/chapelle_saint_mesmin-1024x683.jpg\" alt=\"\" class=\"wp-image-9815\" srcset=\"https:\/\/www.eveha.fr\/wp-content\/uploads\/2025\/10\/chapelle_saint_mesmin-1024x683.jpg 1024w, https:\/\/www.eveha.fr\/wp-content\/uploads\/2025\/10\/chapelle_saint_mesmin-300x200.jpg 300w, https:\/\/www.eveha.fr\/wp-content\/uploads\/2025\/10\/chapelle_saint_mesmin-768x512.jpg 768w, https:\/\/www.eveha.fr\/wp-content\/uploads\/2025\/10\/chapelle_saint_mesmin-1536x1024.jpg 1536w, https:\/\/www.eveha.fr\/wp-content\/uploads\/2025\/10\/chapelle_saint_mesmin-2048x1365.jpg 2048w\" sizes=\"(max-width: 767px) 89vw, (max-width: 1000px) 54vw, (max-width: 1071px) 543px, 580px\" \/><\/figure>\n\n\n\n<figure class=\"wp-block-image size-large\"><img decoding=\"async\" loading=\"lazy\" width=\"1024\" height=\"768\" data-id=\"9816\" src=\"https:\/\/www.eveha.fr\/wp-content\/uploads\/2025\/10\/image10-1024x768.jpg\" alt=\"\" class=\"wp-image-9816\" srcset=\"https:\/\/www.eveha.fr\/wp-content\/uploads\/2025\/10\/image10-1024x768.jpg 1024w, https:\/\/www.eveha.fr\/wp-content\/uploads\/2025\/10\/image10-300x225.jpg 300w, https:\/\/www.eveha.fr\/wp-content\/uploads\/2025\/10\/image10-768x576.jpg 768w, https:\/\/www.eveha.fr\/wp-content\/uploads\/2025\/10\/image10-1536x1152.jpg 1536w, https:\/\/www.eveha.fr\/wp-content\/uploads\/2025\/10\/image10.jpg 2048w\" sizes=\"(max-width: 767px) 89vw, (max-width: 1000px) 54vw, (max-width: 1071px) 543px, 580px\" \/><\/figure>\n<\/figure>\n","protected":false},"excerpt":{"rendered":"<p>D\u00e9finition \u00c9veha r\u00e9alise des projets de mod\u00e9lisation des informations arch\u00e9ologiques gr\u00e2ce \u00e0 des syst\u00e8mes d\u2019information g\u00e9ographique (SIG).Elle met \u00e9galement ses topographes \u00e0 la disposition des autres institutions. Exemple de r\u00e9f\u00e9rences Arch\u00e9a &#8211;Moutier-Rozeille (19) R\u00e9alisation de relev\u00e9s topographiques et livraison d&rsquo;un plan. Arch\u00e9oTek&#8211;Blond (87)Implantation de bornes topographiques, relev\u00e9 topographique et livraison du plan. Universit\u00e9 de Lille&#8211;Saint-Bertrand-de-Comminges &hellip; <\/p>\n<p class=\"link-more\"><a href=\"https:\/\/www.eveha.fr\/index.php\/prestations-topographie-et-systemes-dinformation-geographique\/\" class=\"more-link\">Continuer la lecture<span class=\"screen-reader-text\"> de &laquo;&nbsp;Prestations &#8211; Topographie et syst\u00e8mes d&rsquo;information g\u00e9ographique&nbsp;&raquo;<\/span><\/a><\/p>\n","protected":false},"author":23,"featured_media":0,"parent":0,"menu_order":0,"comment_status":"closed","ping_status":"closed","template":"","meta":{"inline_featured_image":false,"footnotes":""},"_links":{"self":[{"href":"https:\/\/www.eveha.fr\/index.php\/wp-json\/wp\/v2\/pages\/9696"}],"collection":[{"href":"https:\/\/www.eveha.fr\/index.php\/wp-json\/wp\/v2\/pages"}],"about":[{"href":"https:\/\/www.eveha.fr\/index.php\/wp-json\/wp\/v2\/types\/page"}],"author":[{"embeddable":true,"href":"https:\/\/www.eveha.fr\/index.php\/wp-json\/wp\/v2\/users\/23"}],"replies":[{"embeddable":true,"href":"https:\/\/www.eveha.fr\/index.php\/wp-json\/wp\/v2\/comments?post=9696"}],"version-history":[{"count":5,"href":"https:\/\/www.eveha.fr\/index.php\/wp-json\/wp\/v2\/pages\/9696\/revisions"}],"predecessor-version":[{"id":9996,"href":"https:\/\/www.eveha.fr\/index.php\/wp-json\/wp\/v2\/pages\/9696\/revisions\/9996"}],"wp:attachment":[{"href":"https:\/\/www.eveha.fr\/index.php\/wp-json\/wp\/v2\/media?parent=9696"}],"curies":[{"name":"wp","href":"https:\/\/api.w.org\/{rel}","templated":true}]}}