{"id":9698,"date":"2025-10-03T17:15:50","date_gmt":"2025-10-03T15:15:50","guid":{"rendered":"https:\/\/www.eveha.fr\/?page_id=9698"},"modified":"2026-03-16T15:49:42","modified_gmt":"2026-03-16T14:49:42","slug":"prestations-chantiers-de-collections","status":"publish","type":"page","link":"https:\/\/www.eveha.fr\/index.php\/prestations-chantiers-de-collections\/","title":{"rendered":"Prestations -Chantiers des collections"},"content":{"rendered":"\n<div class=\"wp-block-columns is-layout-flex wp-container-4 wp-block-columns-is-layout-flex\">\n<div class=\"wp-block-column is-vertically-aligned-center is-layout-flow wp-block-column-is-layout-flow\">\n<h2 class=\"wp-block-heading\">D\u00e9finition<\/h2>\n\n\n\n<p>Le p\u00f4le de Gestion des archives de fouille (GAF) m\u00e8ne des chantiers des collections sur le <strong>mobilier arch\u00e9ologique <\/strong>et sur les <strong>fonds archivistiques <\/strong>aupr\u00e8s des services r\u00e9gionaux d\u2019Arch\u00e9ologie et des mus\u00e9es sur l\u2019ensemble du territoire fran\u00e7ais.<\/p>\n\n\n\n<div class=\"wp-block-buttons is-content-justification-center is-layout-flex wp-container-1 wp-block-buttons-is-layout-flex\">\n<div class=\"wp-block-button is-style-outline\"><a class=\"wp-block-button__link wp-element-button\" href=\"https:\/\/www.eveha.fr\/index.php\/ressources\/\">T\u00e9l\u00e9charger les plaquettes<\/a><\/div>\n<\/div>\n<\/div>\n\n\n\n<div class=\"wp-block-column is-layout-flow wp-block-column-is-layout-flow\"><div class=\"wp-block-image is-style-rounded\">\n<figure class=\"aligncenter size-large\"><img decoding=\"async\" loading=\"lazy\" width=\"1024\" height=\"768\" src=\"http:\/\/www.eveha.fr\/wp-content\/uploads\/2025\/08\/IMG_8284-1024x768.jpg\" alt=\"\" class=\"wp-image-9272\" style=\"aspect-ratio:1;object-fit:cover\" srcset=\"https:\/\/www.eveha.fr\/wp-content\/uploads\/2025\/08\/IMG_8284-1024x768.jpg 1024w, https:\/\/www.eveha.fr\/wp-content\/uploads\/2025\/08\/IMG_8284-300x225.jpg 300w, https:\/\/www.eveha.fr\/wp-content\/uploads\/2025\/08\/IMG_8284-768x576.jpg 768w, https:\/\/www.eveha.fr\/wp-content\/uploads\/2025\/08\/IMG_8284-1536x1152.jpg 1536w, https:\/\/www.eveha.fr\/wp-content\/uploads\/2025\/08\/IMG_8284-2048x1536.jpg 2048w\" sizes=\"(max-width: 767px) 89vw, (max-width: 1000px) 54vw, (max-width: 1071px) 543px, 580px\" \/><\/figure><\/div><\/div>\n<\/div>\n\n\n\n<h2 class=\"wp-block-heading\">Exemple de r\u00e9f\u00e9rences<\/h2>\n\n\n\n<div class=\"wp-block-columns is-layout-flex wp-container-8 wp-block-columns-is-layout-flex\">\n<div class=\"wp-block-column is-layout-flow wp-block-column-is-layout-flow\">\n<p class=\"has-text-align-center\"><em><strong>DRAC Nouvelle Aquitaine  <strong><em>Service R\u00e9gional de<\/em> <em>l&rsquo;Arch\u00e9ologie<\/em><\/strong> <\/strong><\/em><br>&#8211;<br><em><strong>Bougon (79) <\/strong><\/em><br><em>Chantier des collections &#8211; Mobiliers au CCE de<\/em> <em>Bougon<\/em><\/p>\n<\/div>\n\n\n\n<div class=\"wp-block-column is-layout-flow wp-block-column-is-layout-flow\">\n<p class=\"has-text-align-center\"><strong><em>DRAC Nouvelle-Aquitaine Service R\u00e9gional de<\/em> <em>l&rsquo;Arch\u00e9ologie <\/em><br><\/strong>&#8211;<br><strong><em>Pessac (33)<\/em><\/strong><br><em>Inventaire &#8211; CCE Pessac<\/em><\/p>\n<\/div>\n\n\n\n<div class=\"wp-block-column is-layout-flow wp-block-column-is-layout-flow\">\n<p class=\"has-text-align-center\"><strong><em>Conseil d\u00e9partemental <\/em><\/strong><br><strong><em>de la Vend\u00e9e <\/em><\/strong><br><strong><em>Conservation des Mus\u00e9es et des Expositions <\/em><br><\/strong>&#8211;<br><strong><em>Les-Lucs-sur-Boulogne (85)  <\/em><\/strong><br><em>Ttraitement primaire de biens arch\u00e9ologiques mobiliers<\/em><\/p>\n<\/div>\n<\/div>\n\n\n\n<h2 class=\"wp-block-heading\">Galerie<\/h2>\n\n\n\n<figure class=\"wp-block-gallery has-nested-images columns-default is-cropped wp-block-gallery-9 is-layout-flex wp-block-gallery-is-layout-flex\">\n<figure class=\"wp-block-image size-large\"><img decoding=\"async\" loading=\"lazy\" width=\"768\" height=\"1024\" data-id=\"9776\" src=\"https:\/\/www.eveha.fr\/wp-content\/uploads\/2025\/10\/DSCN9873-768x1024.jpg\" alt=\"\" class=\"wp-image-9776\" srcset=\"https:\/\/www.eveha.fr\/wp-content\/uploads\/2025\/10\/DSCN9873-768x1024.jpg 768w, https:\/\/www.eveha.fr\/wp-content\/uploads\/2025\/10\/DSCN9873-225x300.jpg 225w, https:\/\/www.eveha.fr\/wp-content\/uploads\/2025\/10\/DSCN9873-1152x1536.jpg 1152w, https:\/\/www.eveha.fr\/wp-content\/uploads\/2025\/10\/DSCN9873-1536x2048.jpg 1536w, https:\/\/www.eveha.fr\/wp-content\/uploads\/2025\/10\/DSCN9873-scaled.jpg 1920w\" sizes=\"(max-width: 767px) 89vw, (max-width: 1000px) 54vw, (max-width: 1071px) 543px, 580px\" \/><\/figure>\n\n\n\n<figure class=\"wp-block-image size-large\"><img decoding=\"async\" loading=\"lazy\" width=\"1024\" height=\"683\" data-id=\"11107\" src=\"https:\/\/www.eveha.fr\/wp-content\/uploads\/2026\/03\/IMG_8540-1024x683.jpg\" alt=\"\" class=\"wp-image-11107\" srcset=\"https:\/\/www.eveha.fr\/wp-content\/uploads\/2026\/03\/IMG_8540-1024x683.jpg 1024w, https:\/\/www.eveha.fr\/wp-content\/uploads\/2026\/03\/IMG_8540-300x200.jpg 300w, https:\/\/www.eveha.fr\/wp-content\/uploads\/2026\/03\/IMG_8540-768x512.jpg 768w, https:\/\/www.eveha.fr\/wp-content\/uploads\/2026\/03\/IMG_8540-1536x1024.jpg 1536w, https:\/\/www.eveha.fr\/wp-content\/uploads\/2026\/03\/IMG_8540-2048x1366.jpg 2048w\" sizes=\"(max-width: 767px) 89vw, (max-width: 1000px) 54vw, (max-width: 1071px) 543px, 580px\" \/><\/figure>\n\n\n\n<figure class=\"wp-block-image size-large\"><img decoding=\"async\" loading=\"lazy\" width=\"1024\" height=\"768\" data-id=\"9777\" src=\"https:\/\/www.eveha.fr\/wp-content\/uploads\/2025\/10\/IMG_6109-1024x768.jpg\" alt=\"\" class=\"wp-image-9777\" srcset=\"https:\/\/www.eveha.fr\/wp-content\/uploads\/2025\/10\/IMG_6109-1024x768.jpg 1024w, https:\/\/www.eveha.fr\/wp-content\/uploads\/2025\/10\/IMG_6109-300x225.jpg 300w, https:\/\/www.eveha.fr\/wp-content\/uploads\/2025\/10\/IMG_6109-768x576.jpg 768w, https:\/\/www.eveha.fr\/wp-content\/uploads\/2025\/10\/IMG_6109-1536x1152.jpg 1536w, https:\/\/www.eveha.fr\/wp-content\/uploads\/2025\/10\/IMG_6109-2048x1536.jpg 2048w\" sizes=\"(max-width: 767px) 89vw, (max-width: 1000px) 54vw, (max-width: 1071px) 543px, 580px\" \/><\/figure>\n\n\n\n<figure class=\"wp-block-image size-large\"><img decoding=\"async\" loading=\"lazy\" width=\"768\" height=\"1024\" data-id=\"9778\" src=\"https:\/\/www.eveha.fr\/wp-content\/uploads\/2025\/10\/IMG_6239-768x1024.jpg\" alt=\"\" class=\"wp-image-9778\" srcset=\"https:\/\/www.eveha.fr\/wp-content\/uploads\/2025\/10\/IMG_6239-768x1024.jpg 768w, https:\/\/www.eveha.fr\/wp-content\/uploads\/2025\/10\/IMG_6239-225x300.jpg 225w, https:\/\/www.eveha.fr\/wp-content\/uploads\/2025\/10\/IMG_6239-1152x1536.jpg 1152w, https:\/\/www.eveha.fr\/wp-content\/uploads\/2025\/10\/IMG_6239-1536x2048.jpg 1536w, https:\/\/www.eveha.fr\/wp-content\/uploads\/2025\/10\/IMG_6239-scaled.jpg 1920w\" sizes=\"(max-width: 767px) 89vw, (max-width: 1000px) 54vw, (max-width: 1071px) 543px, 580px\" \/><\/figure>\n\n\n\n<figure class=\"wp-block-image size-large\"><img decoding=\"async\" loading=\"lazy\" width=\"1024\" height=\"683\" data-id=\"9779\" src=\"https:\/\/www.eveha.fr\/wp-content\/uploads\/2025\/10\/IMG_9387-1024x683.jpg\" alt=\"\" class=\"wp-image-9779\" srcset=\"https:\/\/www.eveha.fr\/wp-content\/uploads\/2025\/10\/IMG_9387-1024x683.jpg 1024w, https:\/\/www.eveha.fr\/wp-content\/uploads\/2025\/10\/IMG_9387-300x200.jpg 300w, https:\/\/www.eveha.fr\/wp-content\/uploads\/2025\/10\/IMG_9387-768x512.jpg 768w, https:\/\/www.eveha.fr\/wp-content\/uploads\/2025\/10\/IMG_9387-1536x1024.jpg 1536w, https:\/\/www.eveha.fr\/wp-content\/uploads\/2025\/10\/IMG_9387-2048x1365.jpg 2048w\" sizes=\"(max-width: 767px) 89vw, (max-width: 1000px) 54vw, (max-width: 1071px) 543px, 580px\" \/><\/figure>\n\n\n\n<figure class=\"wp-block-image size-large\"><img decoding=\"async\" loading=\"lazy\" width=\"683\" height=\"1024\" data-id=\"11110\" src=\"https:\/\/www.eveha.fr\/wp-content\/uploads\/2026\/03\/IMG_8564-683x1024.jpg\" alt=\"\" class=\"wp-image-11110\" srcset=\"https:\/\/www.eveha.fr\/wp-content\/uploads\/2026\/03\/IMG_8564-683x1024.jpg 683w, https:\/\/www.eveha.fr\/wp-content\/uploads\/2026\/03\/IMG_8564-200x300.jpg 200w, https:\/\/www.eveha.fr\/wp-content\/uploads\/2026\/03\/IMG_8564-768x1152.jpg 768w, https:\/\/www.eveha.fr\/wp-content\/uploads\/2026\/03\/IMG_8564-1024x1536.jpg 1024w, https:\/\/www.eveha.fr\/wp-content\/uploads\/2026\/03\/IMG_8564-1366x2048.jpg 1366w, https:\/\/www.eveha.fr\/wp-content\/uploads\/2026\/03\/IMG_8564.jpg 1667w\" sizes=\"(max-width: 683px) 100vw, 683px\" \/><\/figure>\n\n\n\n<figure class=\"wp-block-image size-large\"><img decoding=\"async\" loading=\"lazy\" width=\"1024\" height=\"768\" data-id=\"9780\" src=\"https:\/\/www.eveha.fr\/wp-content\/uploads\/2025\/10\/IMGP6996-1024x768.jpg\" alt=\"\" class=\"wp-image-9780\" srcset=\"https:\/\/www.eveha.fr\/wp-content\/uploads\/2025\/10\/IMGP6996-1024x768.jpg 1024w, https:\/\/www.eveha.fr\/wp-content\/uploads\/2025\/10\/IMGP6996-300x225.jpg 300w, https:\/\/www.eveha.fr\/wp-content\/uploads\/2025\/10\/IMGP6996-768x576.jpg 768w, https:\/\/www.eveha.fr\/wp-content\/uploads\/2025\/10\/IMGP6996-1536x1152.jpg 1536w, https:\/\/www.eveha.fr\/wp-content\/uploads\/2025\/10\/IMGP6996-2048x1536.jpg 2048w\" sizes=\"(max-width: 767px) 89vw, (max-width: 1000px) 54vw, (max-width: 1071px) 543px, 580px\" \/><\/figure>\n\n\n\n<figure class=\"wp-block-image size-large\"><img decoding=\"async\" loading=\"lazy\" width=\"1024\" height=\"540\" data-id=\"9781\" src=\"https:\/\/www.eveha.fr\/wp-content\/uploads\/2025\/10\/Kit-1024x540.jpg\" alt=\"\" class=\"wp-image-9781\" srcset=\"https:\/\/www.eveha.fr\/wp-content\/uploads\/2025\/10\/Kit-1024x540.jpg 1024w, https:\/\/www.eveha.fr\/wp-content\/uploads\/2025\/10\/Kit-300x158.jpg 300w, https:\/\/www.eveha.fr\/wp-content\/uploads\/2025\/10\/Kit-768x405.jpg 768w, https:\/\/www.eveha.fr\/wp-content\/uploads\/2025\/10\/Kit-1536x810.jpg 1536w, https:\/\/www.eveha.fr\/wp-content\/uploads\/2025\/10\/Kit-2048x1080.jpg 2048w\" sizes=\"(max-width: 767px) 89vw, (max-width: 1000px) 54vw, (max-width: 1071px) 543px, 580px\" \/><\/figure>\n\n\n\n<figure class=\"wp-block-image size-large\"><img decoding=\"async\" loading=\"lazy\" width=\"683\" height=\"1024\" data-id=\"11108\" src=\"https:\/\/www.eveha.fr\/wp-content\/uploads\/2026\/03\/IMG_8555-2-683x1024.jpg\" alt=\"\" class=\"wp-image-11108\" srcset=\"https:\/\/www.eveha.fr\/wp-content\/uploads\/2026\/03\/IMG_8555-2-683x1024.jpg 683w, https:\/\/www.eveha.fr\/wp-content\/uploads\/2026\/03\/IMG_8555-2-200x300.jpg 200w, https:\/\/www.eveha.fr\/wp-content\/uploads\/2026\/03\/IMG_8555-2-768x1152.jpg 768w, https:\/\/www.eveha.fr\/wp-content\/uploads\/2026\/03\/IMG_8555-2-1024x1536.jpg 1024w, https:\/\/www.eveha.fr\/wp-content\/uploads\/2026\/03\/IMG_8555-2-1366x2048.jpg 1366w, https:\/\/www.eveha.fr\/wp-content\/uploads\/2026\/03\/IMG_8555-2.jpg 1667w\" sizes=\"(max-width: 683px) 100vw, 683px\" \/><\/figure>\n\n\n\n<figure class=\"wp-block-image size-large\"><img decoding=\"async\" loading=\"lazy\" width=\"1024\" height=\"768\" data-id=\"9785\" src=\"https:\/\/www.eveha.fr\/wp-content\/uploads\/2025\/10\/IMG_8867-1024x768.jpg\" alt=\"\" class=\"wp-image-9785\" srcset=\"https:\/\/www.eveha.fr\/wp-content\/uploads\/2025\/10\/IMG_8867-1024x768.jpg 1024w, https:\/\/www.eveha.fr\/wp-content\/uploads\/2025\/10\/IMG_8867-300x225.jpg 300w, https:\/\/www.eveha.fr\/wp-content\/uploads\/2025\/10\/IMG_8867-768x576.jpg 768w, https:\/\/www.eveha.fr\/wp-content\/uploads\/2025\/10\/IMG_8867-1536x1152.jpg 1536w, https:\/\/www.eveha.fr\/wp-content\/uploads\/2025\/10\/IMG_8867-2048x1536.jpg 2048w\" sizes=\"(max-width: 767px) 89vw, (max-width: 1000px) 54vw, (max-width: 1071px) 543px, 580px\" \/><\/figure>\n\n\n\n<figure class=\"wp-block-image size-large\"><img decoding=\"async\" loading=\"lazy\" width=\"1024\" height=\"768\" data-id=\"9786\" src=\"https:\/\/www.eveha.fr\/wp-content\/uploads\/2025\/10\/IMG_8284-1024x768.jpg\" alt=\"\" class=\"wp-image-9786\" srcset=\"https:\/\/www.eveha.fr\/wp-content\/uploads\/2025\/10\/IMG_8284-1024x768.jpg 1024w, https:\/\/www.eveha.fr\/wp-content\/uploads\/2025\/10\/IMG_8284-300x225.jpg 300w, https:\/\/www.eveha.fr\/wp-content\/uploads\/2025\/10\/IMG_8284-768x576.jpg 768w, https:\/\/www.eveha.fr\/wp-content\/uploads\/2025\/10\/IMG_8284-1536x1152.jpg 1536w, https:\/\/www.eveha.fr\/wp-content\/uploads\/2025\/10\/IMG_8284-2048x1536.jpg 2048w\" sizes=\"(max-width: 767px) 89vw, (max-width: 1000px) 54vw, (max-width: 1071px) 543px, 580px\" \/><\/figure>\n\n\n\n<figure class=\"wp-block-image size-large\"><img decoding=\"async\" loading=\"lazy\" width=\"1024\" height=\"683\" data-id=\"11109\" src=\"https:\/\/www.eveha.fr\/wp-content\/uploads\/2026\/03\/IMG_8558-2-1024x683.jpg\" alt=\"\" class=\"wp-image-11109\" srcset=\"https:\/\/www.eveha.fr\/wp-content\/uploads\/2026\/03\/IMG_8558-2-1024x683.jpg 1024w, https:\/\/www.eveha.fr\/wp-content\/uploads\/2026\/03\/IMG_8558-2-300x200.jpg 300w, https:\/\/www.eveha.fr\/wp-content\/uploads\/2026\/03\/IMG_8558-2-768x512.jpg 768w, https:\/\/www.eveha.fr\/wp-content\/uploads\/2026\/03\/IMG_8558-2-1536x1024.jpg 1536w, https:\/\/www.eveha.fr\/wp-content\/uploads\/2026\/03\/IMG_8558-2-2048x1366.jpg 2048w\" sizes=\"(max-width: 767px) 89vw, (max-width: 1000px) 54vw, (max-width: 1071px) 543px, 580px\" \/><\/figure>\n<\/figure>\n","protected":false},"excerpt":{"rendered":"<p>D\u00e9finition Le p\u00f4le de Gestion des archives de fouille (GAF) m\u00e8ne des chantiers des collections sur le mobilier arch\u00e9ologique et sur les fonds archivistiques aupr\u00e8s des services r\u00e9gionaux d\u2019Arch\u00e9ologie et des mus\u00e9es sur l\u2019ensemble du territoire fran\u00e7ais. Exemple de r\u00e9f\u00e9rences DRAC Nouvelle Aquitaine Service R\u00e9gional de l&rsquo;Arch\u00e9ologie &#8211;Bougon (79) Chantier des collections &#8211; Mobiliers au &hellip; <\/p>\n<p class=\"link-more\"><a href=\"https:\/\/www.eveha.fr\/index.php\/prestations-chantiers-de-collections\/\" class=\"more-link\">Continuer la lecture<span class=\"screen-reader-text\"> de &laquo;&nbsp;Prestations -Chantiers des collections&nbsp;&raquo;<\/span><\/a><\/p>\n","protected":false},"author":23,"featured_media":0,"parent":0,"menu_order":0,"comment_status":"closed","ping_status":"closed","template":"","meta":{"inline_featured_image":false,"footnotes":""},"_links":{"self":[{"href":"https:\/\/www.eveha.fr\/index.php\/wp-json\/wp\/v2\/pages\/9698"}],"collection":[{"href":"https:\/\/www.eveha.fr\/index.php\/wp-json\/wp\/v2\/pages"}],"about":[{"href":"https:\/\/www.eveha.fr\/index.php\/wp-json\/wp\/v2\/types\/page"}],"author":[{"embeddable":true,"href":"https:\/\/www.eveha.fr\/index.php\/wp-json\/wp\/v2\/users\/23"}],"replies":[{"embeddable":true,"href":"https:\/\/www.eveha.fr\/index.php\/wp-json\/wp\/v2\/comments?post=9698"}],"version-history":[{"count":13,"href":"https:\/\/www.eveha.fr\/index.php\/wp-json\/wp\/v2\/pages\/9698\/revisions"}],"predecessor-version":[{"id":11111,"href":"https:\/\/www.eveha.fr\/index.php\/wp-json\/wp\/v2\/pages\/9698\/revisions\/11111"}],"wp:attachment":[{"href":"https:\/\/www.eveha.fr\/index.php\/wp-json\/wp\/v2\/media?parent=9698"}],"curies":[{"name":"wp","href":"https:\/\/api.w.org\/{rel}","templated":true}]}}