{"id":9993,"date":"2025-10-10T11:08:25","date_gmt":"2025-10-10T09:08:25","guid":{"rendered":"https:\/\/www.eveha.fr\/?page_id=9993"},"modified":"2025-10-10T11:15:28","modified_gmt":"2025-10-10T09:15:28","slug":"prestations-prospection-geophysique","status":"publish","type":"page","link":"https:\/\/www.eveha.fr\/index.php\/prestations-prospection-geophysique\/","title":{"rendered":"Prestations &#8211; Prospection g\u00e9ophysique"},"content":{"rendered":"\n<div class=\"wp-block-columns is-layout-flex wp-container-4 wp-block-columns-is-layout-flex\">\n<div class=\"wp-block-column is-vertically-aligned-center is-layout-flow wp-block-column-is-layout-flow\">\n<h2 class=\"wp-block-heading\">D\u00e9finition<\/h2>\n\n\n\n<p>Utilis\u00e9e pour rep\u00e9rer des vestiges inaccessibles ou invisibles lors de la fouille, la prospection g\u00e9ophysique contribue \u00e0 renseigner les arch\u00e9ologues sur l\u2019organisation spatiale d\u2019un site, la nature des activit\u00e9s, etc.<\/p>\n\n\n\n<div class=\"wp-block-buttons is-layout-flex wp-block-buttons-is-layout-flex\">\n<div class=\"wp-block-button is-style-outline\"><a class=\"wp-block-button__link wp-element-button\" href=\"https:\/\/www.eveha.fr\/index.php\/ressources\/\">T\u00e9l\u00e9charger notre plaquette g\u00e9ophysique<\/a><\/div>\n<\/div>\n<\/div>\n\n\n\n<div class=\"wp-block-column is-layout-flow wp-block-column-is-layout-flow\"><div class=\"wp-block-image is-style-rounded\">\n<figure class=\"aligncenter size-full\"><img decoding=\"async\" loading=\"lazy\" width=\"822\" height=\"822\" src=\"http:\/\/www.eveha.fr\/wp-content\/uploads\/2025\/10\/image.jpeg\" alt=\"L\u2019attribut alt de cette image est vide, son nom de fichier est image14-1.jpg.\" class=\"wp-image-9987\" style=\"aspect-ratio:1;object-fit:cover\" srcset=\"https:\/\/www.eveha.fr\/wp-content\/uploads\/2025\/10\/image.jpeg 822w, https:\/\/www.eveha.fr\/wp-content\/uploads\/2025\/10\/image-300x300.jpeg 300w, https:\/\/www.eveha.fr\/wp-content\/uploads\/2025\/10\/image-150x150.jpeg 150w, https:\/\/www.eveha.fr\/wp-content\/uploads\/2025\/10\/image-768x768.jpeg 768w, https:\/\/www.eveha.fr\/wp-content\/uploads\/2025\/10\/image-100x100.jpeg 100w\" sizes=\"(max-width: 767px) 89vw, (max-width: 1000px) 54vw, (max-width: 1071px) 543px, 580px\" \/><\/figure><\/div><\/div>\n<\/div>\n\n\n\n<h2 class=\"wp-block-heading\">Exemple de r\u00e9f\u00e9rences<\/h2>\n\n\n\n<div class=\"wp-block-columns is-layout-flex wp-container-8 wp-block-columns-is-layout-flex\">\n<div class=\"wp-block-column is-layout-flow wp-block-column-is-layout-flow\">\n<p class=\"has-text-align-center\"><em><strong>R\u00e9gion R\u00e9union<\/strong><br>&#8211;<br><strong>Saint-Louis (974)<\/strong><br>Prospection g\u00e9oradar du Domaine de Maison-Rouge<\/em><\/p>\n<\/div>\n\n\n\n<div class=\"wp-block-column is-layout-flow wp-block-column-is-layout-flow\">\n<p class=\"has-text-align-center\"><em><strong>Commune de Mauriac<br>&#8211;<br>Mauriac (15)<\/strong><br>Prospection g\u00e9ophysique <\/em><\/p>\n<\/div>\n\n\n\n<div class=\"wp-block-column is-layout-flow wp-block-column-is-layout-flow\">\n<p class=\"has-text-align-center\"><em><strong>particulier<br>&#8211;<br>Courgeac (16)<\/strong><br>Prospection g\u00e9oradar dans le cadre d&rsquo;un dossier MH de l&rsquo;abbaye du Bournet<\/em><\/p>\n<\/div>\n<\/div>\n\n\n\n<h2 class=\"wp-block-heading\">Galerie<\/h2>\n\n\n\n<figure class=\"wp-block-gallery has-nested-images columns-default is-cropped wp-block-gallery-9 is-layout-flex wp-block-gallery-is-layout-flex\">\n<figure class=\"wp-block-image size-large\"><img decoding=\"async\" loading=\"lazy\" width=\"1024\" height=\"576\" data-id=\"10012\" src=\"https:\/\/www.eveha.fr\/wp-content\/uploads\/2025\/10\/Alba-2-1024x576.jpg\" alt=\"\" class=\"wp-image-10012\" srcset=\"https:\/\/www.eveha.fr\/wp-content\/uploads\/2025\/10\/Alba-2-1024x576.jpg 1024w, https:\/\/www.eveha.fr\/wp-content\/uploads\/2025\/10\/Alba-2-300x169.jpg 300w, https:\/\/www.eveha.fr\/wp-content\/uploads\/2025\/10\/Alba-2-768x432.jpg 768w, https:\/\/www.eveha.fr\/wp-content\/uploads\/2025\/10\/Alba-2-1536x864.jpg 1536w, https:\/\/www.eveha.fr\/wp-content\/uploads\/2025\/10\/Alba-2-2048x1152.jpg 2048w\" sizes=\"(max-width: 767px) 89vw, (max-width: 1000px) 54vw, (max-width: 1071px) 543px, 580px\" \/><\/figure>\n\n\n\n<figure class=\"wp-block-image size-large\"><img decoding=\"async\" loading=\"lazy\" width=\"1024\" height=\"724\" data-id=\"10013\" src=\"https:\/\/www.eveha.fr\/wp-content\/uploads\/2025\/10\/Alba_GPR-104cm_fascicule2-1024x724.png\" alt=\"\" class=\"wp-image-10013\" srcset=\"https:\/\/www.eveha.fr\/wp-content\/uploads\/2025\/10\/Alba_GPR-104cm_fascicule2-1024x724.png 1024w, https:\/\/www.eveha.fr\/wp-content\/uploads\/2025\/10\/Alba_GPR-104cm_fascicule2-300x212.png 300w, https:\/\/www.eveha.fr\/wp-content\/uploads\/2025\/10\/Alba_GPR-104cm_fascicule2-768x543.png 768w, https:\/\/www.eveha.fr\/wp-content\/uploads\/2025\/10\/Alba_GPR-104cm_fascicule2-1536x1086.png 1536w, https:\/\/www.eveha.fr\/wp-content\/uploads\/2025\/10\/Alba_GPR-104cm_fascicule2-2048x1448.png 2048w\" sizes=\"(max-width: 767px) 89vw, (max-width: 1000px) 54vw, (max-width: 1071px) 543px, 580px\" \/><\/figure>\n\n\n\n<figure class=\"wp-block-image size-large\"><img decoding=\"async\" loading=\"lazy\" width=\"768\" height=\"1024\" data-id=\"10014\" src=\"https:\/\/www.eveha.fr\/wp-content\/uploads\/2025\/10\/20240522_111706-768x1024.jpg\" alt=\"\" class=\"wp-image-10014\" srcset=\"https:\/\/www.eveha.fr\/wp-content\/uploads\/2025\/10\/20240522_111706-768x1024.jpg 768w, https:\/\/www.eveha.fr\/wp-content\/uploads\/2025\/10\/20240522_111706-225x300.jpg 225w, https:\/\/www.eveha.fr\/wp-content\/uploads\/2025\/10\/20240522_111706-1152x1536.jpg 1152w, https:\/\/www.eveha.fr\/wp-content\/uploads\/2025\/10\/20240522_111706-1536x2048.jpg 1536w, https:\/\/www.eveha.fr\/wp-content\/uploads\/2025\/10\/20240522_111706-scaled.jpg 1920w\" sizes=\"(max-width: 767px) 89vw, (max-width: 1000px) 54vw, (max-width: 1071px) 543px, 580px\" \/><\/figure>\n\n\n\n<figure class=\"wp-block-image size-large\"><img decoding=\"async\" loading=\"lazy\" width=\"768\" height=\"1024\" data-id=\"10015\" src=\"https:\/\/www.eveha.fr\/wp-content\/uploads\/2025\/10\/20250520_151327-768x1024.jpg\" alt=\"\" class=\"wp-image-10015\" srcset=\"https:\/\/www.eveha.fr\/wp-content\/uploads\/2025\/10\/20250520_151327-768x1024.jpg 768w, https:\/\/www.eveha.fr\/wp-content\/uploads\/2025\/10\/20250520_151327-225x300.jpg 225w, https:\/\/www.eveha.fr\/wp-content\/uploads\/2025\/10\/20250520_151327-1152x1536.jpg 1152w, https:\/\/www.eveha.fr\/wp-content\/uploads\/2025\/10\/20250520_151327.jpg 1200w\" sizes=\"(max-width: 767px) 89vw, (max-width: 1000px) 54vw, (max-width: 1071px) 543px, 580px\" \/><\/figure>\n\n\n\n<figure class=\"wp-block-image size-large\"><img decoding=\"async\" loading=\"lazy\" width=\"1024\" height=\"768\" data-id=\"10016\" src=\"https:\/\/www.eveha.fr\/wp-content\/uploads\/2025\/10\/P1000426-1024x768.jpg\" alt=\"\" class=\"wp-image-10016\" srcset=\"https:\/\/www.eveha.fr\/wp-content\/uploads\/2025\/10\/P1000426-1024x768.jpg 1024w, https:\/\/www.eveha.fr\/wp-content\/uploads\/2025\/10\/P1000426-300x225.jpg 300w, https:\/\/www.eveha.fr\/wp-content\/uploads\/2025\/10\/P1000426-768x576.jpg 768w, https:\/\/www.eveha.fr\/wp-content\/uploads\/2025\/10\/P1000426-1536x1152.jpg 1536w, https:\/\/www.eveha.fr\/wp-content\/uploads\/2025\/10\/P1000426-2048x1536.jpg 2048w\" sizes=\"(max-width: 767px) 89vw, (max-width: 1000px) 54vw, (max-width: 1071px) 543px, 580px\" \/><\/figure>\n\n\n\n<figure class=\"wp-block-image size-large\"><img decoding=\"async\" loading=\"lazy\" width=\"1024\" height=\"768\" data-id=\"10017\" src=\"https:\/\/www.eveha.fr\/wp-content\/uploads\/2025\/10\/IMG_20240531_101016-copie-1024x768.jpg\" alt=\"\" class=\"wp-image-10017\" srcset=\"https:\/\/www.eveha.fr\/wp-content\/uploads\/2025\/10\/IMG_20240531_101016-copie-1024x768.jpg 1024w, https:\/\/www.eveha.fr\/wp-content\/uploads\/2025\/10\/IMG_20240531_101016-copie-300x225.jpg 300w, https:\/\/www.eveha.fr\/wp-content\/uploads\/2025\/10\/IMG_20240531_101016-copie-768x576.jpg 768w, https:\/\/www.eveha.fr\/wp-content\/uploads\/2025\/10\/IMG_20240531_101016-copie-1536x1152.jpg 1536w, https:\/\/www.eveha.fr\/wp-content\/uploads\/2025\/10\/IMG_20240531_101016-copie-2048x1536.jpg 2048w\" sizes=\"(max-width: 767px) 89vw, (max-width: 1000px) 54vw, (max-width: 1071px) 543px, 580px\" \/><\/figure>\n\n\n\n<figure class=\"wp-block-image size-large\"><img decoding=\"async\" loading=\"lazy\" width=\"1024\" height=\"768\" data-id=\"10018\" src=\"https:\/\/www.eveha.fr\/wp-content\/uploads\/2025\/10\/IMG_20240531_105118-copie-1024x768.jpg\" alt=\"\" class=\"wp-image-10018\" srcset=\"https:\/\/www.eveha.fr\/wp-content\/uploads\/2025\/10\/IMG_20240531_105118-copie-1024x768.jpg 1024w, https:\/\/www.eveha.fr\/wp-content\/uploads\/2025\/10\/IMG_20240531_105118-copie-300x225.jpg 300w, https:\/\/www.eveha.fr\/wp-content\/uploads\/2025\/10\/IMG_20240531_105118-copie-768x576.jpg 768w, https:\/\/www.eveha.fr\/wp-content\/uploads\/2025\/10\/IMG_20240531_105118-copie-1536x1152.jpg 1536w, https:\/\/www.eveha.fr\/wp-content\/uploads\/2025\/10\/IMG_20240531_105118-copie-2048x1536.jpg 2048w\" sizes=\"(max-width: 767px) 89vw, (max-width: 1000px) 54vw, (max-width: 1071px) 543px, 580px\" \/><\/figure>\n\n\n\n<figure class=\"wp-block-image size-large\"><img decoding=\"async\" loading=\"lazy\" width=\"1024\" height=\"768\" data-id=\"10019\" src=\"https:\/\/www.eveha.fr\/wp-content\/uploads\/2025\/10\/FigMAG02-Appareil-1024x768.jpg\" alt=\"\" class=\"wp-image-10019\" srcset=\"https:\/\/www.eveha.fr\/wp-content\/uploads\/2025\/10\/FigMAG02-Appareil-1024x768.jpg 1024w, https:\/\/www.eveha.fr\/wp-content\/uploads\/2025\/10\/FigMAG02-Appareil-300x225.jpg 300w, https:\/\/www.eveha.fr\/wp-content\/uploads\/2025\/10\/FigMAG02-Appareil-768x576.jpg 768w, https:\/\/www.eveha.fr\/wp-content\/uploads\/2025\/10\/FigMAG02-Appareil-1536x1152.jpg 1536w, https:\/\/www.eveha.fr\/wp-content\/uploads\/2025\/10\/FigMAG02-Appareil-2048x1536.jpg 2048w\" sizes=\"(max-width: 767px) 89vw, (max-width: 1000px) 54vw, (max-width: 1071px) 543px, 580px\" \/><\/figure>\n\n\n\n<figure class=\"wp-block-image size-large\"><img decoding=\"async\" loading=\"lazy\" width=\"1024\" height=\"768\" data-id=\"10020\" src=\"https:\/\/www.eveha.fr\/wp-content\/uploads\/2025\/10\/FigGPR02-Appareil-copie-1024x768.jpg\" alt=\"\" class=\"wp-image-10020\" srcset=\"https:\/\/www.eveha.fr\/wp-content\/uploads\/2025\/10\/FigGPR02-Appareil-copie-1024x768.jpg 1024w, https:\/\/www.eveha.fr\/wp-content\/uploads\/2025\/10\/FigGPR02-Appareil-copie-300x225.jpg 300w, https:\/\/www.eveha.fr\/wp-content\/uploads\/2025\/10\/FigGPR02-Appareil-copie-768x576.jpg 768w, https:\/\/www.eveha.fr\/wp-content\/uploads\/2025\/10\/FigGPR02-Appareil-copie-1536x1152.jpg 1536w, https:\/\/www.eveha.fr\/wp-content\/uploads\/2025\/10\/FigGPR02-Appareil-copie-2048x1536.jpg 2048w\" sizes=\"(max-width: 767px) 89vw, (max-width: 1000px) 54vw, (max-width: 1071px) 543px, 580px\" \/><\/figure>\n<\/figure>\n","protected":false},"excerpt":{"rendered":"<p>D\u00e9finition Utilis\u00e9e pour rep\u00e9rer des vestiges inaccessibles ou invisibles lors de la fouille, la prospection g\u00e9ophysique contribue \u00e0 renseigner les arch\u00e9ologues sur l\u2019organisation spatiale d\u2019un site, la nature des activit\u00e9s, etc. Exemple de r\u00e9f\u00e9rences R\u00e9gion R\u00e9union&#8211;Saint-Louis (974)Prospection g\u00e9oradar du Domaine de Maison-Rouge Commune de Mauriac&#8211;Mauriac (15)Prospection g\u00e9ophysique particulier&#8211;Courgeac (16)Prospection g\u00e9oradar dans le cadre d&rsquo;un dossier &hellip; <\/p>\n<p class=\"link-more\"><a href=\"https:\/\/www.eveha.fr\/index.php\/prestations-prospection-geophysique\/\" class=\"more-link\">Continuer la lecture<span class=\"screen-reader-text\"> de &laquo;&nbsp;Prestations &#8211; Prospection g\u00e9ophysique&nbsp;&raquo;<\/span><\/a><\/p>\n","protected":false},"author":23,"featured_media":0,"parent":0,"menu_order":0,"comment_status":"closed","ping_status":"closed","template":"","meta":{"inline_featured_image":false,"footnotes":""},"_links":{"self":[{"href":"https:\/\/www.eveha.fr\/index.php\/wp-json\/wp\/v2\/pages\/9993"}],"collection":[{"href":"https:\/\/www.eveha.fr\/index.php\/wp-json\/wp\/v2\/pages"}],"about":[{"href":"https:\/\/www.eveha.fr\/index.php\/wp-json\/wp\/v2\/types\/page"}],"author":[{"embeddable":true,"href":"https:\/\/www.eveha.fr\/index.php\/wp-json\/wp\/v2\/users\/23"}],"replies":[{"embeddable":true,"href":"https:\/\/www.eveha.fr\/index.php\/wp-json\/wp\/v2\/comments?post=9993"}],"version-history":[{"count":4,"href":"https:\/\/www.eveha.fr\/index.php\/wp-json\/wp\/v2\/pages\/9993\/revisions"}],"predecessor-version":[{"id":10022,"href":"https:\/\/www.eveha.fr\/index.php\/wp-json\/wp\/v2\/pages\/9993\/revisions\/10022"}],"wp:attachment":[{"href":"https:\/\/www.eveha.fr\/index.php\/wp-json\/wp\/v2\/media?parent=9993"}],"curies":[{"name":"wp","href":"https:\/\/api.w.org\/{rel}","templated":true}]}}